{"id":60709,"date":"2014-12-30T10:38:40","date_gmt":"2014-12-30T09:38:40","guid":{"rendered":"http:\/\/www.danysoft.pt\/comunidade\/soporte-tecnico\/"},"modified":"2015-08-18T09:45:05","modified_gmt":"2015-08-18T07:45:05","slug":"suporte-tecnico","status":"publish","type":"page","link":"https:\/\/www.danysoft.com\/pt-pt\/comunidade\/suporte-tecnico\/","title":{"rendered":"Suporte T\u00e9cnico"},"content":{"rendered":"<div  class='flex_column av-av_one_full-2a9015ff38129c418a3f2eafba3e9512 av_one_full  avia-builder-el-0  avia-builder-el-no-sibling  first flex_column_div  '     ><div id='av-masonry-1' class='av-masonry av-av_masonry_entries-03c7366fab7e54046668a76414ed0e98 noHover av-fixed-size av-1px-gap av-hover-overlay-active av-masonry-animation-active av-masonry-col-3 av-caption-always av-caption-style- av-masonry-entries ' data-post_id=\"60709\"><div class=\"av-masonry-container isotope av-js-disabled\"><div class='av-masonry-entry isotope-item av-masonry-item-no-image all_sort suporto_sort '><\/div><a href=\"https:\/\/www.danysoft.com\/pt-pt\/leadtools-tabela-comparativa-funcionalidades-multimedia\/\"  id='av-masonry-1-item-113211' data-av-masonry-item='113211' class='av-masonry-entry isotope-item post-113211 post type-post status-publish format-standard has-post-thumbnail hentry category-suporto tag-comparativa-leadtools tag-leadtools-pt-pt tag-leadtools-v20 tag-sdk-pt-pt all_sort suporto_sort  av-masonry-item-with-image av-landscape-img' title=\"leadto-redes\"   itemscope=\"itemscope\" itemtype=\"https:\/\/schema.org\/CreativeWork\" ><div class='av-inner-masonry-sizer'><\/div><figure class='av-inner-masonry main_color'><div class=\"av-masonry-outerimage-container\"><div class='av-masonry-image-container' style=\"background-image: url(https:\/\/www.danysoft.com\/wp-content\/uploads\/2018\/01\/leadto-redes-705x202.jpg);\"  title=\"leadto-redes\" ><\/div><\/div><figcaption class='av-inner-masonry-content site-background'><div class='av-inner-masonry-content-pos'><div class='av-inner-masonry-content-pos-content'><div class='avia-arrow'><\/div><h3 class='av-masonry-entry-title entry-title '  itemprop=\"headline\" >LeadTools Tabela Comparativa de Funcionalidades Multim\u00e9dia<\/h3><div class='av-masonry-entry-content entry-content'  itemprop=\"text\" >Descubra que funcionalidades incorporadas em LeadTools Multim\u00e9dia 20.<\/div><span class='av-masonry-date meta-color updated'>7 de Mar\u00e7o, 2018<\/span><span class=\"av-masonry-text-sep text-sep-author\">\/<\/span><span class='av-masonry-author meta-color author'><span class='fn'>by Administrador<\/span><\/span><\/div><\/div><\/figcaption><\/figure><\/a><!--end av-masonry entry--><a href=\"https:\/\/www.danysoft.com\/pt-pt\/leadtools-tabela-comparativa-formatos\/\"  id='av-masonry-1-item-113206' data-av-masonry-item='113206' class='av-masonry-entry isotope-item post-113206 post type-post status-publish format-standard has-post-thumbnail hentry category-suporto tag-comparativa-leadtools tag-formatos tag-leadtools-pt-pt tag-leadtools-v20 tag-sdk-pt-pt all_sort suporto_sort  av-masonry-item-with-image av-landscape-img' title=\"leadto-redes\"   itemscope=\"itemscope\" itemtype=\"https:\/\/schema.org\/CreativeWork\" ><div class='av-inner-masonry-sizer'><\/div><figure class='av-inner-masonry main_color'><div class=\"av-masonry-outerimage-container\"><div class='av-masonry-image-container' style=\"background-image: url(https:\/\/www.danysoft.com\/wp-content\/uploads\/2018\/01\/leadto-redes-705x202.jpg);\"  title=\"leadto-redes\" ><\/div><\/div><figcaption class='av-inner-masonry-content site-background'><div class='av-inner-masonry-content-pos'><div class='av-inner-masonry-content-pos-content'><div class='avia-arrow'><\/div><h3 class='av-masonry-entry-title entry-title '  itemprop=\"headline\" >LeadTools Tabela Comparativa de Formatos<\/h3><div class='av-masonry-entry-content entry-content'  itemprop=\"text\" >Descubra que formatos suportam os componentes de LeadTools 20.<\/div><span class='av-masonry-date meta-color updated'>7 de Mar\u00e7o, 2018<\/span><span class=\"av-masonry-text-sep text-sep-author\">\/<\/span><span class='av-masonry-author meta-color author'><span class='fn'>by Administrador<\/span><\/span><\/div><\/div><\/figcaption><\/figure><\/a><!--end av-masonry entry--><a href=\"https:\/\/www.danysoft.com\/pt-pt\/leadtools-tabela-comparativa-produtos\/\"  id='av-masonry-1-item-113202' data-av-masonry-item='113202' class='av-masonry-entry isotope-item post-113202 post type-post status-publish format-standard has-post-thumbnail hentry category-suporto tag-comparativa-leadtools tag-leadtools-pt-pt tag-leadtools-v20 tag-produtos tag-sdk-pt-pt all_sort suporto_sort  av-masonry-item-with-image av-landscape-img' title=\"leadto-redes\"   itemscope=\"itemscope\" itemtype=\"https:\/\/schema.org\/CreativeWork\" ><div class='av-inner-masonry-sizer'><\/div><figure class='av-inner-masonry main_color'><div class=\"av-masonry-outerimage-container\"><div class='av-masonry-image-container' style=\"background-image: url(https:\/\/www.danysoft.com\/wp-content\/uploads\/2018\/01\/leadto-redes-705x202.jpg);\"  title=\"leadto-redes\" ><\/div><\/div><figcaption class='av-inner-masonry-content site-background'><div class='av-inner-masonry-content-pos'><div class='av-inner-masonry-content-pos-content'><div class='avia-arrow'><\/div><h3 class='av-masonry-entry-title entry-title '  itemprop=\"headline\" >LeadTools Tabela Comparativa de Produtos<\/h3><div class='av-masonry-entry-content entry-content'  itemprop=\"text\" >Descubra que solu\u00e7\u00f5es integra a fam\u00edlia de LeadTools e as suas presta\u00e7\u00f5es.<\/div><span class='av-masonry-date meta-color updated'>7 de Mar\u00e7o, 2018<\/span><span class=\"av-masonry-text-sep text-sep-author\">\/<\/span><span class='av-masonry-author meta-color author'><span class='fn'>by Administrador<\/span><\/span><\/div><\/div><\/figcaption><\/figure><\/a><!--end av-masonry entry--><a href=\"https:\/\/www.danysoft.com\/pt-pt\/leadtools-tabela-comparativa-plataformas-suportadas\/\"  id='av-masonry-1-item-113195' data-av-masonry-item='113195' class='av-masonry-entry isotope-item post-113195 post type-post status-publish format-standard has-post-thumbnail hentry category-suporto tag-comparativa-leadtools tag-leadtools-pt-pt tag-leadtools-tabela-comparativa-de-plataformas-suportadas tag-leadtools-v20 tag-sdk-pt-pt all_sort suporto_sort  av-masonry-item-with-image av-landscape-img' title=\"leadto-redes\"   itemscope=\"itemscope\" itemtype=\"https:\/\/schema.org\/CreativeWork\" ><div class='av-inner-masonry-sizer'><\/div><figure class='av-inner-masonry main_color'><div class=\"av-masonry-outerimage-container\"><div class='av-masonry-image-container' style=\"background-image: url(https:\/\/www.danysoft.com\/wp-content\/uploads\/2018\/01\/leadto-redes-705x202.jpg);\"  title=\"leadto-redes\" ><\/div><\/div><figcaption class='av-inner-masonry-content site-background'><div class='av-inner-masonry-content-pos'><div class='av-inner-masonry-content-pos-content'><div class='avia-arrow'><\/div><h3 class='av-masonry-entry-title entry-title '  itemprop=\"headline\" >LeadTools Tabela Comparativa Plataformas suportadas<\/h3><div class='av-masonry-entry-content entry-content'  itemprop=\"text\" >Descubra que plataformas suporta e foram incorporadas na nova vers\u00e3o de LeadTools 20.<\/div><span class='av-masonry-date meta-color updated'>7 de Mar\u00e7o, 2018<\/span><span class=\"av-masonry-text-sep text-sep-author\">\/<\/span><span class='av-masonry-author meta-color author'><span class='fn'>by Administrador<\/span><\/span><\/div><\/div><\/figcaption><\/figure><\/a><!--end av-masonry entry--><\/div><\/div><\/div>\n","protected":false},"excerpt":{"rendered":"","protected":false},"author":1,"featured_media":56008,"parent":59020,"menu_order":0,"comment_status":"closed","ping_status":"closed","template":"","meta":{"_acf_changed":false,"footnotes":""},"categories":[],"tags":[],"class_list":["post-60709","page","type-page","status-publish","has-post-thumbnail","hentry"],"acf":[],"yoast_head":"<!-- This site is optimized with the Yoast SEO plugin v27.3 - https:\/\/yoast.com\/product\/yoast-seo-wordpress\/ -->\n<title>Suporte T\u00e9cnico<\/title>\n<meta name=\"description\" content=\"Suporte T\u00e9cnico\" \/>\n<meta name=\"robots\" content=\"index, follow, max-snippet:-1, max-image-preview:large, max-video-preview:-1\" \/>\n<link rel=\"canonical\" href=\"https:\/\/www.danysoft.com\/pt-pt\/comunidade\/suporte-tecnico\/\" \/>\n<meta property=\"og:locale\" content=\"pt_PT\" \/>\n<meta property=\"og:type\" content=\"article\" \/>\n<meta property=\"og:title\" content=\"Suporte T\u00e9cnico\" \/>\n<meta property=\"og:description\" content=\"Suporte T\u00e9cnico\" \/>\n<meta property=\"og:url\" content=\"https:\/\/www.danysoft.com\/pt-pt\/comunidade\/suporte-tecnico\/\" \/>\n<meta property=\"og:site_name\" content=\"Danysoft\" \/>\n<meta property=\"article:publisher\" content=\"http:\/\/www.facebook.com\/danysoft\" \/>\n<meta property=\"article:modified_time\" content=\"2015-08-18T07:45:05+00:00\" \/>\n<meta property=\"og:image\" content=\"https:\/\/www.danysoft.com\/wp-content\/uploads\/2014\/08\/formacion.jpg\" \/>\n\t<meta property=\"og:image:width\" content=\"1500\" \/>\n\t<meta property=\"og:image:height\" content=\"1500\" \/>\n\t<meta property=\"og:image:type\" content=\"image\/jpeg\" \/>\n<meta name=\"twitter:card\" content=\"summary_large_image\" \/>\n<meta name=\"twitter:site\" content=\"@danysoft_es\" \/>\n<script type=\"application\/ld+json\" class=\"yoast-schema-graph\">{\"@context\":\"https:\\\/\\\/schema.org\",\"@graph\":[{\"@type\":\"WebPage\",\"@id\":\"https:\\\/\\\/www.danysoft.com\\\/pt-pt\\\/comunidade\\\/suporte-tecnico\\\/\",\"url\":\"https:\\\/\\\/www.danysoft.com\\\/pt-pt\\\/comunidade\\\/suporte-tecnico\\\/\",\"name\":\"Suporte T\u00e9cnico\",\"isPartOf\":{\"@id\":\"https:\\\/\\\/www.danysoft.com\\\/pt-pt\\\/#website\"},\"primaryImageOfPage\":{\"@id\":\"https:\\\/\\\/www.danysoft.com\\\/pt-pt\\\/comunidade\\\/suporte-tecnico\\\/#primaryimage\"},\"image\":{\"@id\":\"https:\\\/\\\/www.danysoft.com\\\/pt-pt\\\/comunidade\\\/suporte-tecnico\\\/#primaryimage\"},\"thumbnailUrl\":\"https:\\\/\\\/www.danysoft.com\\\/wp-content\\\/uploads\\\/2014\\\/08\\\/formacion.jpg\",\"datePublished\":\"2014-12-30T09:38:40+00:00\",\"dateModified\":\"2015-08-18T07:45:05+00:00\",\"description\":\"Suporte T\u00e9cnico\",\"breadcrumb\":{\"@id\":\"https:\\\/\\\/www.danysoft.com\\\/pt-pt\\\/comunidade\\\/suporte-tecnico\\\/#breadcrumb\"},\"inLanguage\":\"pt-PT\",\"potentialAction\":[{\"@type\":\"ReadAction\",\"target\":[\"https:\\\/\\\/www.danysoft.com\\\/pt-pt\\\/comunidade\\\/suporte-tecnico\\\/\"]}]},{\"@type\":\"ImageObject\",\"inLanguage\":\"pt-PT\",\"@id\":\"https:\\\/\\\/www.danysoft.com\\\/pt-pt\\\/comunidade\\\/suporte-tecnico\\\/#primaryimage\",\"url\":\"https:\\\/\\\/www.danysoft.com\\\/wp-content\\\/uploads\\\/2014\\\/08\\\/formacion.jpg\",\"contentUrl\":\"https:\\\/\\\/www.danysoft.com\\\/wp-content\\\/uploads\\\/2014\\\/08\\\/formacion.jpg\",\"width\":1500,\"height\":1500},{\"@type\":\"BreadcrumbList\",\"@id\":\"https:\\\/\\\/www.danysoft.com\\\/pt-pt\\\/comunidade\\\/suporte-tecnico\\\/#breadcrumb\",\"itemListElement\":[{\"@type\":\"ListItem\",\"position\":1,\"name\":\"Portada\",\"item\":\"https:\\\/\\\/www.danysoft.com\\\/pt-pt\\\/inicio-2-2-2\\\/\"},{\"@type\":\"ListItem\",\"position\":2,\"name\":\"Comunidade\",\"item\":\"https:\\\/\\\/www.danysoft.com\\\/pt-pt\\\/comunidade\\\/\"},{\"@type\":\"ListItem\",\"position\":3,\"name\":\"Suporte T\u00e9cnico\"}]},{\"@type\":\"WebSite\",\"@id\":\"https:\\\/\\\/www.danysoft.com\\\/pt-pt\\\/#website\",\"url\":\"https:\\\/\\\/www.danysoft.com\\\/pt-pt\\\/\",\"name\":\"Danysoft\",\"description\":\"Licencias software y servicios de formaci\u00f3n y consultor\u00eda necesarios para su correcto uso\",\"publisher\":{\"@id\":\"https:\\\/\\\/www.danysoft.com\\\/pt-pt\\\/#organization\"},\"potentialAction\":[{\"@type\":\"SearchAction\",\"target\":{\"@type\":\"EntryPoint\",\"urlTemplate\":\"https:\\\/\\\/www.danysoft.com\\\/pt-pt\\\/?s={search_term_string}\"},\"query-input\":{\"@type\":\"PropertyValueSpecification\",\"valueRequired\":true,\"valueName\":\"search_term_string\"}}],\"inLanguage\":\"pt-PT\"},{\"@type\":\"Organization\",\"@id\":\"https:\\\/\\\/www.danysoft.com\\\/pt-pt\\\/#organization\",\"name\":\"Danysoft\",\"url\":\"https:\\\/\\\/www.danysoft.com\\\/pt-pt\\\/\",\"logo\":{\"@type\":\"ImageObject\",\"inLanguage\":\"pt-PT\",\"@id\":\"https:\\\/\\\/www.danysoft.com\\\/pt-pt\\\/#\\\/schema\\\/logo\\\/image\\\/\",\"url\":\"https:\\\/\\\/www.danysoft.com\\\/wp-content\\\/uploads\\\/2018\\\/07\\\/danysoft.png\",\"contentUrl\":\"https:\\\/\\\/www.danysoft.com\\\/wp-content\\\/uploads\\\/2018\\\/07\\\/danysoft.png\",\"width\":1001,\"height\":309,\"caption\":\"Danysoft\"},\"image\":{\"@id\":\"https:\\\/\\\/www.danysoft.com\\\/pt-pt\\\/#\\\/schema\\\/logo\\\/image\\\/\"},\"sameAs\":[\"http:\\\/\\\/www.facebook.com\\\/danysoft\",\"https:\\\/\\\/x.com\\\/danysoft_es\",\"https:\\\/\\\/es.linkedin.com\\\/company\\\/danysoft\",\"https:\\\/\\\/www.youtube.com\\\/user\\\/danysoftech\"]}]}<\/script>\n<!-- \/ Yoast SEO plugin. -->","yoast_head_json":{"title":"Suporte T\u00e9cnico","description":"Suporte T\u00e9cnico","robots":{"index":"index","follow":"follow","max-snippet":"max-snippet:-1","max-image-preview":"max-image-preview:large","max-video-preview":"max-video-preview:-1"},"canonical":"https:\/\/www.danysoft.com\/pt-pt\/comunidade\/suporte-tecnico\/","og_locale":"pt_PT","og_type":"article","og_title":"Suporte T\u00e9cnico","og_description":"Suporte T\u00e9cnico","og_url":"https:\/\/www.danysoft.com\/pt-pt\/comunidade\/suporte-tecnico\/","og_site_name":"Danysoft","article_publisher":"http:\/\/www.facebook.com\/danysoft","article_modified_time":"2015-08-18T07:45:05+00:00","og_image":[{"width":1500,"height":1500,"url":"https:\/\/www.danysoft.com\/wp-content\/uploads\/2014\/08\/formacion.jpg","type":"image\/jpeg"}],"twitter_card":"summary_large_image","twitter_site":"@danysoft_es","schema":{"@context":"https:\/\/schema.org","@graph":[{"@type":"WebPage","@id":"https:\/\/www.danysoft.com\/pt-pt\/comunidade\/suporte-tecnico\/","url":"https:\/\/www.danysoft.com\/pt-pt\/comunidade\/suporte-tecnico\/","name":"Suporte T\u00e9cnico","isPartOf":{"@id":"https:\/\/www.danysoft.com\/pt-pt\/#website"},"primaryImageOfPage":{"@id":"https:\/\/www.danysoft.com\/pt-pt\/comunidade\/suporte-tecnico\/#primaryimage"},"image":{"@id":"https:\/\/www.danysoft.com\/pt-pt\/comunidade\/suporte-tecnico\/#primaryimage"},"thumbnailUrl":"https:\/\/www.danysoft.com\/wp-content\/uploads\/2014\/08\/formacion.jpg","datePublished":"2014-12-30T09:38:40+00:00","dateModified":"2015-08-18T07:45:05+00:00","description":"Suporte T\u00e9cnico","breadcrumb":{"@id":"https:\/\/www.danysoft.com\/pt-pt\/comunidade\/suporte-tecnico\/#breadcrumb"},"inLanguage":"pt-PT","potentialAction":[{"@type":"ReadAction","target":["https:\/\/www.danysoft.com\/pt-pt\/comunidade\/suporte-tecnico\/"]}]},{"@type":"ImageObject","inLanguage":"pt-PT","@id":"https:\/\/www.danysoft.com\/pt-pt\/comunidade\/suporte-tecnico\/#primaryimage","url":"https:\/\/www.danysoft.com\/wp-content\/uploads\/2014\/08\/formacion.jpg","contentUrl":"https:\/\/www.danysoft.com\/wp-content\/uploads\/2014\/08\/formacion.jpg","width":1500,"height":1500},{"@type":"BreadcrumbList","@id":"https:\/\/www.danysoft.com\/pt-pt\/comunidade\/suporte-tecnico\/#breadcrumb","itemListElement":[{"@type":"ListItem","position":1,"name":"Portada","item":"https:\/\/www.danysoft.com\/pt-pt\/inicio-2-2-2\/"},{"@type":"ListItem","position":2,"name":"Comunidade","item":"https:\/\/www.danysoft.com\/pt-pt\/comunidade\/"},{"@type":"ListItem","position":3,"name":"Suporte T\u00e9cnico"}]},{"@type":"WebSite","@id":"https:\/\/www.danysoft.com\/pt-pt\/#website","url":"https:\/\/www.danysoft.com\/pt-pt\/","name":"Danysoft","description":"Licencias software y servicios de formaci\u00f3n y consultor\u00eda necesarios para su correcto uso","publisher":{"@id":"https:\/\/www.danysoft.com\/pt-pt\/#organization"},"potentialAction":[{"@type":"SearchAction","target":{"@type":"EntryPoint","urlTemplate":"https:\/\/www.danysoft.com\/pt-pt\/?s={search_term_string}"},"query-input":{"@type":"PropertyValueSpecification","valueRequired":true,"valueName":"search_term_string"}}],"inLanguage":"pt-PT"},{"@type":"Organization","@id":"https:\/\/www.danysoft.com\/pt-pt\/#organization","name":"Danysoft","url":"https:\/\/www.danysoft.com\/pt-pt\/","logo":{"@type":"ImageObject","inLanguage":"pt-PT","@id":"https:\/\/www.danysoft.com\/pt-pt\/#\/schema\/logo\/image\/","url":"https:\/\/www.danysoft.com\/wp-content\/uploads\/2018\/07\/danysoft.png","contentUrl":"https:\/\/www.danysoft.com\/wp-content\/uploads\/2018\/07\/danysoft.png","width":1001,"height":309,"caption":"Danysoft"},"image":{"@id":"https:\/\/www.danysoft.com\/pt-pt\/#\/schema\/logo\/image\/"},"sameAs":["http:\/\/www.facebook.com\/danysoft","https:\/\/x.com\/danysoft_es","https:\/\/es.linkedin.com\/company\/danysoft","https:\/\/www.youtube.com\/user\/danysoftech"]}]}},"_links":{"self":[{"href":"https:\/\/www.danysoft.com\/pt-pt\/wp-json\/wp\/v2\/pages\/60709","targetHints":{"allow":["GET"]}}],"collection":[{"href":"https:\/\/www.danysoft.com\/pt-pt\/wp-json\/wp\/v2\/pages"}],"about":[{"href":"https:\/\/www.danysoft.com\/pt-pt\/wp-json\/wp\/v2\/types\/page"}],"author":[{"embeddable":true,"href":"https:\/\/www.danysoft.com\/pt-pt\/wp-json\/wp\/v2\/users\/1"}],"replies":[{"embeddable":true,"href":"https:\/\/www.danysoft.com\/pt-pt\/wp-json\/wp\/v2\/comments?post=60709"}],"version-history":[{"count":0,"href":"https:\/\/www.danysoft.com\/pt-pt\/wp-json\/wp\/v2\/pages\/60709\/revisions"}],"up":[{"embeddable":true,"href":"https:\/\/www.danysoft.com\/pt-pt\/wp-json\/wp\/v2\/pages\/59020"}],"wp:featuredmedia":[{"embeddable":true,"href":"https:\/\/www.danysoft.com\/pt-pt\/wp-json\/wp\/v2\/media\/56008"}],"wp:attachment":[{"href":"https:\/\/www.danysoft.com\/pt-pt\/wp-json\/wp\/v2\/media?parent=60709"}],"wp:term":[{"taxonomy":"category","embeddable":true,"href":"https:\/\/www.danysoft.com\/pt-pt\/wp-json\/wp\/v2\/categories?post=60709"},{"taxonomy":"post_tag","embeddable":true,"href":"https:\/\/www.danysoft.com\/pt-pt\/wp-json\/wp\/v2\/tags?post=60709"}],"curies":[{"name":"wp","href":"https:\/\/api.w.org\/{rel}","templated":true}]}}