{"id":60698,"date":"2014-12-30T10:35:59","date_gmt":"2014-12-30T09:35:59","guid":{"rendered":"http:\/\/www.danysoft.com\/comunidade\/articulos\/"},"modified":"2015-02-23T16:55:11","modified_gmt":"2015-02-23T15:55:11","slug":"artigos","status":"publish","type":"page","link":"https:\/\/www.danysoft.com\/pt-pt\/comunidade\/artigos\/","title":{"rendered":"Artigos"},"content":{"rendered":"<div  class='flex_column av-av_one_full-2a9015ff38129c418a3f2eafba3e9512 av_one_full  avia-builder-el-0  avia-builder-el-no-sibling  first flex_column_div  '     ><div id='av-masonry-1' class='av-masonry av-av_masonry_entries-02c1f00ffbc4f39bfc27248fe85eaf22 noHover av-fixed-size av-1px-gap av-hover-overlay-active av-masonry-animation-active av-masonry-col-3 av-caption-always av-caption-style- av-masonry-entries ' data-post_id=\"60698\"><div class=\"av-masonry-container isotope av-js-disabled\"><div class='av-masonry-entry isotope-item av-masonry-item-no-image all_sort artigos_sort  comunidade_sort  sem-categoria_sort '><\/div><a href=\"https:\/\/www.danysoft.com\/pt-pt\/transformando-os-jogos-olimpicos-e-os-participantes-do-euro-par-2024\/\"  id='av-masonry-1-item-203323' data-av-masonry-item='203323' class='av-masonry-entry isotope-item post-203323 post type-post status-publish format-standard has-post-thumbnail hentry category-artigos category-comunidade tag-europeo-pt-pt tag-europython-pt-pt all_sort artigos_sort  comunidade_sort  av-masonry-item-with-image av-grid-img' title=\"PT-imagen-destacada-intel-juegos-olimpicos\"   itemscope=\"itemscope\" itemtype=\"https:\/\/schema.org\/CreativeWork\" ><div class='av-inner-masonry-sizer'><\/div><figure class='av-inner-masonry main_color'><div class=\"av-masonry-outerimage-container\"><div class='av-masonry-image-container' style=\"background-image: url(https:\/\/www.danysoft.com\/wp-content\/uploads\/2024\/07\/PT-imagen-destacada-intel-juegos-olimpicos.jpg);\"  title=\"PT-imagen-destacada-intel-juegos-olimpicos\" ><\/div><\/div><figcaption class='av-inner-masonry-content site-background'><div class='av-inner-masonry-content-pos'><div class='av-inner-masonry-content-pos-content'><div class='avia-arrow'><\/div><h3 class='av-masonry-entry-title entry-title '  itemprop=\"headline\" >Transformando os Jogos Ol\u00edmpicos e os participantes do EURO-PAR 2024<\/h3><div class='av-masonry-entry-content entry-content'  itemprop=\"text\" >Os Jogos Ol\u00edmpicos de Paris 2024 est\u00e3o ao virar da esquina, e ser\u00e3o uma oportunidade para ver os maiores atletas mostrar as suas habilidades no palco mundial.<\/div><span class='av-masonry-date meta-color updated'>17 de Julho, 2024<\/span><span class=\"av-masonry-text-sep text-sep-author\">\/<\/span><span class='av-masonry-author meta-color author'><span class='fn'>by Administrador<\/span><\/span><\/div><\/div><\/figcaption><\/figure><\/a><!--end av-masonry entry--><a href=\"https:\/\/www.danysoft.com\/pt-pt\/workshop-intel-danysoft-euro-par-2024\/\"  id='av-masonry-1-item-203317' data-av-masonry-item='203317' class='av-masonry-entry isotope-item post-203317 post type-post status-publish format-standard has-post-thumbnail hentry category-artigos category-sem-categoria tag-europython-pt-pt all_sort artigos_sort  sem-categoria_sort  av-masonry-item-with-image av-grid-img' title=\"imagen-destacada-euro-par-2024\"   itemscope=\"itemscope\" itemtype=\"https:\/\/schema.org\/CreativeWork\" ><div class='av-inner-masonry-sizer'><\/div><figure class='av-inner-masonry main_color'><div class=\"av-masonry-outerimage-container\"><div class='av-masonry-image-container' style=\"background-image: url(https:\/\/www.danysoft.com\/wp-content\/uploads\/2024\/07\/imagen-destacada-euro-par-2024.jpg);\"  title=\"imagen-destacada-euro-par-2024\" ><\/div><\/div><figcaption class='av-inner-masonry-content site-background'><div class='av-inner-masonry-content-pos'><div class='av-inner-masonry-content-pos-content'><div class='avia-arrow'><\/div><h3 class='av-masonry-entry-title entry-title '  itemprop=\"headline\" >Workshop Intel-Danysoft | EURO-PAR 2024<\/h3><div class='av-masonry-entry-content entry-content'  itemprop=\"text\" >Intel-Danysoft's HPC workshop will be taught by two of Intel's leading platform experts. Carlos Garc\u00eda Sanchez, professor at the UCM and Victor P\u00e9rez, from the software engineering staff of Codeplay.<\/div><span class='av-masonry-date meta-color updated'>17 de Julho, 2024<\/span><span class=\"av-masonry-text-sep text-sep-author\">\/<\/span><span class='av-masonry-author meta-color author'><span class='fn'>by Administrador<\/span><\/span><\/div><\/div><\/figcaption><\/figure><\/a><!--end av-masonry entry--><a href=\"https:\/\/www.danysoft.com\/pt-pt\/novidades-en-oneapi\/\"  id='av-masonry-1-item-196718' data-av-masonry-item='196718' class='av-masonry-entry isotope-item post-196718 post type-post status-publish format-standard has-post-thumbnail hentry category-artigos category-comunidade tag-ia-pt-pt tag-intel-software-pt-pt tag-europython-pt-pt tag-oneapi-pt-pt tag-webinar-pt-pt all_sort artigos_sort  comunidade_sort  av-masonry-item-with-image av-grid-img' title=\"imagen-destacada-novedades-oneapi-2023.2\"   itemscope=\"itemscope\" itemtype=\"https:\/\/schema.org\/CreativeWork\" ><div class='av-inner-masonry-sizer'><\/div><figure class='av-inner-masonry main_color'><div class=\"av-masonry-outerimage-container\"><div class='av-masonry-image-container' style=\"background-image: url(https:\/\/www.danysoft.com\/wp-content\/uploads\/2022\/01\/imagen-destacada-novedades-oneapi-2023.2.jpg);\"  title=\"imagen-destacada-novedades-oneapi-2023.2\" ><\/div><\/div><figcaption class='av-inner-masonry-content site-background'><div class='av-inner-masonry-content-pos'><div class='av-inner-masonry-content-pos-content'><div class='avia-arrow'><\/div><h3 class='av-masonry-entry-title entry-title '  itemprop=\"headline\" >Novidades oneAPI 2023<\/h3><div class='av-masonry-entry-content entry-content'  itemprop=\"text\" >Intel oneAPI 2023.2 est\u00e3o dispon\u00edveis, proporcionando aos desenvolvedores a liberdade de desenvolver software multiarquitetura usando Python<\/div><span class='av-masonry-date meta-color updated'>23 de Agosto, 2023<\/span><span class=\"av-masonry-text-sep text-sep-author\">\/<\/span><span class='av-masonry-author meta-color author'><span class='fn'>by Administrador<\/span><\/span><\/div><\/div><\/figcaption><\/figure><\/a><!--end av-masonry entry--><a href=\"https:\/\/www.danysoft.com\/pt-pt\/estatisticas-duplicadas\/\"  id='av-masonry-1-item-106607' data-av-masonry-item='106607' class='av-masonry-entry isotope-item post-106607 post type-post status-publish format-standard has-post-thumbnail hentry category-artigos tag-eliminacao-de-duplicados tag-estatisticas-duplicadas tag-pesquisa-de-duplicados tag-sys-stats all_sort artigos_sort  av-masonry-item-with-image av-landscape-img' title=\"Estad\u00edsticas duplicadas\"   itemscope=\"itemscope\" itemtype=\"https:\/\/schema.org\/CreativeWork\" ><div class='av-inner-masonry-sizer'><\/div><figure class='av-inner-masonry main_color'><div class=\"av-masonry-outerimage-container\"><div class='av-masonry-image-container' style=\"background-image: url(https:\/\/www.danysoft.com\/wp-content\/uploads\/2017\/08\/stormtrooper-705x235.jpg);\"  title=\"Estad\u00edsticas duplicadas\" ><\/div><\/div><figcaption class='av-inner-masonry-content site-background'><div class='av-inner-masonry-content-pos'><div class='av-inner-masonry-content-pos-content'><div class='avia-arrow'><\/div><h3 class='av-masonry-entry-title entry-title '  itemprop=\"headline\" >Estat\u00edsticas Duplicadas<\/h3><div class='av-masonry-entry-content entry-content'  itemprop=\"text\" >Que fazer para as procurar e como atuar quando as encontramos<\/div><span class='av-masonry-date meta-color updated'>17 de Agosto, 2017<\/span><span class=\"av-masonry-text-sep text-sep-author\">\/<\/span><span class='av-masonry-author meta-color author'><span class='fn'>by Administrador<\/span><\/span><\/div><\/div><\/figcaption><\/figure><\/a><!--end av-masonry entry--><a href=\"https:\/\/www.danysoft.com\/pt-pt\/os-12-piores-botnets\/\"  id='av-masonry-1-item-88931' data-av-masonry-item='88931' class='av-masonry-entry isotope-item post-88931 post type-post status-publish format-standard has-post-thumbnail hentry category-artigos tag-antivirus-pt-pt tag-assalto tag-botnet tag-ciberdelinquentes tag-correio-eletronico tag-cryptolocker-pt-pt tag-danysoft-pt tag-gfi-pt-pt tag-mailessentials-pt-pt tag-malware-pt-pt tag-protecao all_sort artigos_sort  av-masonry-item-with-image av-landscape-img' title=\"banner-botnets-gfi2\"   itemscope=\"itemscope\" itemtype=\"https:\/\/schema.org\/CreativeWork\" ><div class='av-inner-masonry-sizer'><\/div><figure class='av-inner-masonry main_color'><div class=\"av-masonry-outerimage-container\"><div class='av-masonry-image-container' style=\"background-image: url(https:\/\/www.danysoft.com\/wp-content\/uploads\/2016\/06\/banner-botnets-gfi2-705x202.jpg);\"  title=\"banner-botnets-gfi2\" ><\/div><\/div><figcaption class='av-inner-masonry-content site-background'><div class='av-inner-masonry-content-pos'><div class='av-inner-masonry-content-pos-content'><div class='avia-arrow'><\/div><h3 class='av-masonry-entry-title entry-title '  itemprop=\"headline\" >Os 12 piores botnets da hist\u00f3ria<\/h3><div class='av-masonry-entry-content entry-content'  itemprop=\"text\" >Neste post vamos mostrar quais s\u00e3o os piores botnets da \u00faltima d\u00e9cada e como combat\u00ea-los.<\/div><span class='av-masonry-date meta-color updated'>19 de Junho, 2016<\/span><span class=\"av-masonry-text-sep text-sep-author\">\/<\/span><span class='av-masonry-author meta-color author'><span class='fn'>by Administrador<\/span><\/span><\/div><\/div><\/figcaption><\/figure><\/a><!--end av-masonry entry--><a href=\"https:\/\/www.danysoft.com\/pt-pt\/detectando-trafego-de-midas-sociais\/\"  id='av-masonry-1-item-69340' data-av-masonry-item='69340' class='av-masonry-entry isotope-item post-69340 post type-post status-publish format-standard has-post-thumbnail hentry category-artigos tag-cisco tag-midia-saocial tag-monitorando tag-rede all_sort artigos_sort  av-masonry-item-with-image av-landscape-img' title=\"danysoft-pixer-social-media-security-nov2015\"   itemscope=\"itemscope\" itemtype=\"https:\/\/schema.org\/CreativeWork\" ><div class='av-inner-masonry-sizer'><\/div><figure class='av-inner-masonry main_color'><div class=\"av-masonry-outerimage-container\"><div class='av-masonry-image-container' style=\"background-image: url(https:\/\/www.danysoft.com\/wp-content\/uploads\/2015\/11\/danysoft-pixer-social-media-security-nov2015-705x245.jpg);\"  title=\"danysoft-pixer-social-media-security-nov2015\" ><\/div><\/div><figcaption class='av-inner-masonry-content site-background'><div class='av-inner-masonry-content-pos'><div class='av-inner-masonry-content-pos-content'><div class='avia-arrow'><\/div><h3 class='av-masonry-entry-title entry-title '  itemprop=\"headline\" >Detectando trafego de M\u00eddas Sociais<\/h3><div class='av-masonry-entry-content entry-content'  itemprop=\"text\" >Esse material vai ajudar voc\u00ea a descobrir, com alguns passos simples a proteger na sua rede de trafego<\/div><span class='av-masonry-date meta-color updated'>26 de Maio, 2016<\/span><span class=\"av-masonry-text-sep text-sep-author\">\/<\/span><span class='av-masonry-author meta-color author'><span class='fn'>by Administrador<\/span><\/span><\/div><\/div><\/figcaption><\/figure><\/a><!--end av-masonry entry--><a href=\"https:\/\/www.danysoft.com\/pt-pt\/recursos-microsoft-totalmente-gratuitos\/\"  id='av-masonry-1-item-60797' data-av-masonry-item='60797' class='av-masonry-entry isotope-item post-60797 post type-post status-publish format-standard has-post-thumbnail hentry category-artigos tag-livros all_sort artigos_sort  av-masonry-item-with-image av-grid-img' title=\"1501-agile-web\"   itemscope=\"itemscope\" itemtype=\"https:\/\/schema.org\/CreativeWork\" ><div class='av-inner-masonry-sizer'><\/div><figure class='av-inner-masonry main_color'><div class=\"av-masonry-outerimage-container\"><div class='av-masonry-image-container' style=\"background-image: url(https:\/\/www.danysoft.com\/wp-content\/uploads\/2014\/11\/1501-agile-web-705x705.jpg);\"  title=\"1501-agile-web\" ><\/div><\/div><figcaption class='av-inner-masonry-content site-background'><div class='av-inner-masonry-content-pos'><div class='av-inner-masonry-content-pos-content'><div class='avia-arrow'><\/div><h3 class='av-masonry-entry-title entry-title '  itemprop=\"headline\" >Recursos Microsoft Totalmente Gratuitos<\/h3><div class='av-masonry-entry-content entry-content'  itemprop=\"text\" >Neste artigo vais encontrar uma s\u00e9rie de links nos quais vais fazer o download mais de 200 livros e outros recursos Microsoft totalmente gratuitos<\/div><span class='av-masonry-date meta-color updated'>24 de Fevereiro, 2015<\/span><span class=\"av-masonry-text-sep text-sep-author\">\/<\/span><span class='av-masonry-author meta-color author'><span class='fn'>by Administrador<\/span><\/span><\/div><\/div><\/figcaption><\/figure><\/a><!--end av-masonry entry--><\/div><\/div><\/div>\n","protected":false},"excerpt":{"rendered":"","protected":false},"author":1,"featured_media":0,"parent":59020,"menu_order":0,"comment_status":"closed","ping_status":"closed","template":"","meta":{"_acf_changed":false,"footnotes":""},"categories":[],"tags":[],"class_list":["post-60698","page","type-page","status-publish","hentry"],"acf":[],"yoast_head":"<!-- This site is optimized with the Yoast SEO plugin v27.3 - https:\/\/yoast.com\/product\/yoast-seo-wordpress\/ -->\n<title>Artigos<\/title>\n<meta name=\"description\" content=\"Artigos\" \/>\n<meta name=\"robots\" content=\"index, follow, max-snippet:-1, max-image-preview:large, max-video-preview:-1\" \/>\n<link rel=\"canonical\" href=\"https:\/\/www.danysoft.com\/pt-pt\/comunidade\/artigos\/\" \/>\n<meta property=\"og:locale\" content=\"pt_PT\" \/>\n<meta property=\"og:type\" content=\"article\" \/>\n<meta property=\"og:title\" content=\"Artigos\" \/>\n<meta property=\"og:description\" content=\"Artigos\" \/>\n<meta property=\"og:url\" content=\"https:\/\/www.danysoft.com\/pt-pt\/comunidade\/artigos\/\" \/>\n<meta property=\"og:site_name\" content=\"Danysoft\" \/>\n<meta property=\"article:publisher\" content=\"http:\/\/www.facebook.com\/danysoft\" \/>\n<meta property=\"article:modified_time\" content=\"2015-02-23T15:55:11+00:00\" \/>\n<meta name=\"twitter:card\" content=\"summary_large_image\" \/>\n<meta name=\"twitter:site\" content=\"@danysoft_es\" \/>\n<script type=\"application\/ld+json\" class=\"yoast-schema-graph\">{\"@context\":\"https:\\\/\\\/schema.org\",\"@graph\":[{\"@type\":\"WebPage\",\"@id\":\"https:\\\/\\\/www.danysoft.com\\\/pt-pt\\\/comunidade\\\/artigos\\\/\",\"url\":\"https:\\\/\\\/www.danysoft.com\\\/pt-pt\\\/comunidade\\\/artigos\\\/\",\"name\":\"Artigos\",\"isPartOf\":{\"@id\":\"https:\\\/\\\/www.danysoft.com\\\/pt-pt\\\/#website\"},\"datePublished\":\"2014-12-30T09:35:59+00:00\",\"dateModified\":\"2015-02-23T15:55:11+00:00\",\"description\":\"Artigos\",\"breadcrumb\":{\"@id\":\"https:\\\/\\\/www.danysoft.com\\\/pt-pt\\\/comunidade\\\/artigos\\\/#breadcrumb\"},\"inLanguage\":\"pt-PT\",\"potentialAction\":[{\"@type\":\"ReadAction\",\"target\":[\"https:\\\/\\\/www.danysoft.com\\\/pt-pt\\\/comunidade\\\/artigos\\\/\"]}]},{\"@type\":\"BreadcrumbList\",\"@id\":\"https:\\\/\\\/www.danysoft.com\\\/pt-pt\\\/comunidade\\\/artigos\\\/#breadcrumb\",\"itemListElement\":[{\"@type\":\"ListItem\",\"position\":1,\"name\":\"Portada\",\"item\":\"https:\\\/\\\/www.danysoft.com\\\/pt-pt\\\/inicio-2-2-2\\\/\"},{\"@type\":\"ListItem\",\"position\":2,\"name\":\"Comunidade\",\"item\":\"https:\\\/\\\/www.danysoft.com\\\/pt-pt\\\/comunidade\\\/\"},{\"@type\":\"ListItem\",\"position\":3,\"name\":\"Artigos\"}]},{\"@type\":\"WebSite\",\"@id\":\"https:\\\/\\\/www.danysoft.com\\\/pt-pt\\\/#website\",\"url\":\"https:\\\/\\\/www.danysoft.com\\\/pt-pt\\\/\",\"name\":\"Danysoft\",\"description\":\"Licencias software y servicios de formaci\u00f3n y consultor\u00eda necesarios para su correcto uso\",\"publisher\":{\"@id\":\"https:\\\/\\\/www.danysoft.com\\\/pt-pt\\\/#organization\"},\"potentialAction\":[{\"@type\":\"SearchAction\",\"target\":{\"@type\":\"EntryPoint\",\"urlTemplate\":\"https:\\\/\\\/www.danysoft.com\\\/pt-pt\\\/?s={search_term_string}\"},\"query-input\":{\"@type\":\"PropertyValueSpecification\",\"valueRequired\":true,\"valueName\":\"search_term_string\"}}],\"inLanguage\":\"pt-PT\"},{\"@type\":\"Organization\",\"@id\":\"https:\\\/\\\/www.danysoft.com\\\/pt-pt\\\/#organization\",\"name\":\"Danysoft\",\"url\":\"https:\\\/\\\/www.danysoft.com\\\/pt-pt\\\/\",\"logo\":{\"@type\":\"ImageObject\",\"inLanguage\":\"pt-PT\",\"@id\":\"https:\\\/\\\/www.danysoft.com\\\/pt-pt\\\/#\\\/schema\\\/logo\\\/image\\\/\",\"url\":\"https:\\\/\\\/www.danysoft.com\\\/wp-content\\\/uploads\\\/2018\\\/07\\\/danysoft.png\",\"contentUrl\":\"https:\\\/\\\/www.danysoft.com\\\/wp-content\\\/uploads\\\/2018\\\/07\\\/danysoft.png\",\"width\":1001,\"height\":309,\"caption\":\"Danysoft\"},\"image\":{\"@id\":\"https:\\\/\\\/www.danysoft.com\\\/pt-pt\\\/#\\\/schema\\\/logo\\\/image\\\/\"},\"sameAs\":[\"http:\\\/\\\/www.facebook.com\\\/danysoft\",\"https:\\\/\\\/x.com\\\/danysoft_es\",\"https:\\\/\\\/es.linkedin.com\\\/company\\\/danysoft\",\"https:\\\/\\\/www.youtube.com\\\/user\\\/danysoftech\"]}]}<\/script>\n<!-- \/ Yoast SEO plugin. -->","yoast_head_json":{"title":"Artigos","description":"Artigos","robots":{"index":"index","follow":"follow","max-snippet":"max-snippet:-1","max-image-preview":"max-image-preview:large","max-video-preview":"max-video-preview:-1"},"canonical":"https:\/\/www.danysoft.com\/pt-pt\/comunidade\/artigos\/","og_locale":"pt_PT","og_type":"article","og_title":"Artigos","og_description":"Artigos","og_url":"https:\/\/www.danysoft.com\/pt-pt\/comunidade\/artigos\/","og_site_name":"Danysoft","article_publisher":"http:\/\/www.facebook.com\/danysoft","article_modified_time":"2015-02-23T15:55:11+00:00","twitter_card":"summary_large_image","twitter_site":"@danysoft_es","schema":{"@context":"https:\/\/schema.org","@graph":[{"@type":"WebPage","@id":"https:\/\/www.danysoft.com\/pt-pt\/comunidade\/artigos\/","url":"https:\/\/www.danysoft.com\/pt-pt\/comunidade\/artigos\/","name":"Artigos","isPartOf":{"@id":"https:\/\/www.danysoft.com\/pt-pt\/#website"},"datePublished":"2014-12-30T09:35:59+00:00","dateModified":"2015-02-23T15:55:11+00:00","description":"Artigos","breadcrumb":{"@id":"https:\/\/www.danysoft.com\/pt-pt\/comunidade\/artigos\/#breadcrumb"},"inLanguage":"pt-PT","potentialAction":[{"@type":"ReadAction","target":["https:\/\/www.danysoft.com\/pt-pt\/comunidade\/artigos\/"]}]},{"@type":"BreadcrumbList","@id":"https:\/\/www.danysoft.com\/pt-pt\/comunidade\/artigos\/#breadcrumb","itemListElement":[{"@type":"ListItem","position":1,"name":"Portada","item":"https:\/\/www.danysoft.com\/pt-pt\/inicio-2-2-2\/"},{"@type":"ListItem","position":2,"name":"Comunidade","item":"https:\/\/www.danysoft.com\/pt-pt\/comunidade\/"},{"@type":"ListItem","position":3,"name":"Artigos"}]},{"@type":"WebSite","@id":"https:\/\/www.danysoft.com\/pt-pt\/#website","url":"https:\/\/www.danysoft.com\/pt-pt\/","name":"Danysoft","description":"Licencias software y servicios de formaci\u00f3n y consultor\u00eda necesarios para su correcto uso","publisher":{"@id":"https:\/\/www.danysoft.com\/pt-pt\/#organization"},"potentialAction":[{"@type":"SearchAction","target":{"@type":"EntryPoint","urlTemplate":"https:\/\/www.danysoft.com\/pt-pt\/?s={search_term_string}"},"query-input":{"@type":"PropertyValueSpecification","valueRequired":true,"valueName":"search_term_string"}}],"inLanguage":"pt-PT"},{"@type":"Organization","@id":"https:\/\/www.danysoft.com\/pt-pt\/#organization","name":"Danysoft","url":"https:\/\/www.danysoft.com\/pt-pt\/","logo":{"@type":"ImageObject","inLanguage":"pt-PT","@id":"https:\/\/www.danysoft.com\/pt-pt\/#\/schema\/logo\/image\/","url":"https:\/\/www.danysoft.com\/wp-content\/uploads\/2018\/07\/danysoft.png","contentUrl":"https:\/\/www.danysoft.com\/wp-content\/uploads\/2018\/07\/danysoft.png","width":1001,"height":309,"caption":"Danysoft"},"image":{"@id":"https:\/\/www.danysoft.com\/pt-pt\/#\/schema\/logo\/image\/"},"sameAs":["http:\/\/www.facebook.com\/danysoft","https:\/\/x.com\/danysoft_es","https:\/\/es.linkedin.com\/company\/danysoft","https:\/\/www.youtube.com\/user\/danysoftech"]}]}},"_links":{"self":[{"href":"https:\/\/www.danysoft.com\/pt-pt\/wp-json\/wp\/v2\/pages\/60698","targetHints":{"allow":["GET"]}}],"collection":[{"href":"https:\/\/www.danysoft.com\/pt-pt\/wp-json\/wp\/v2\/pages"}],"about":[{"href":"https:\/\/www.danysoft.com\/pt-pt\/wp-json\/wp\/v2\/types\/page"}],"author":[{"embeddable":true,"href":"https:\/\/www.danysoft.com\/pt-pt\/wp-json\/wp\/v2\/users\/1"}],"replies":[{"embeddable":true,"href":"https:\/\/www.danysoft.com\/pt-pt\/wp-json\/wp\/v2\/comments?post=60698"}],"version-history":[{"count":0,"href":"https:\/\/www.danysoft.com\/pt-pt\/wp-json\/wp\/v2\/pages\/60698\/revisions"}],"up":[{"embeddable":true,"href":"https:\/\/www.danysoft.com\/pt-pt\/wp-json\/wp\/v2\/pages\/59020"}],"wp:attachment":[{"href":"https:\/\/www.danysoft.com\/pt-pt\/wp-json\/wp\/v2\/media?parent=60698"}],"wp:term":[{"taxonomy":"category","embeddable":true,"href":"https:\/\/www.danysoft.com\/pt-pt\/wp-json\/wp\/v2\/categories?post=60698"},{"taxonomy":"post_tag","embeddable":true,"href":"https:\/\/www.danysoft.com\/pt-pt\/wp-json\/wp\/v2\/tags?post=60698"}],"curies":[{"name":"wp","href":"https:\/\/api.w.org\/{rel}","templated":true}]}}