{"id":60417,"date":"2014-06-06T18:54:54","date_gmt":"2014-06-06T16:54:54","guid":{"rendered":"http:\/\/www.danysoft.pt\/danysoft\/contacto\/"},"modified":"2025-04-22T11:32:08","modified_gmt":"2025-04-22T09:32:08","slug":"contacto","status":"publish","type":"page","link":"https:\/\/www.danysoft.com\/pt-pt\/danysoft\/contacto\/","title":{"rendered":"Contato"},"content":{"rendered":"<div  class='av_gmaps_sc_main_wrap av_gmaps_main_wrap '><div id='av_gmap_0' class='avia-google-map-container avia-google-map-sc av_gmaps_show_unconditionally av-no-fallback-img ' data-mapid='av_gmap_0'  style='height: 400px;'><a class=\"av_gmaps_browser_disabled av_text_confirm_link av_text_confirm_link_visible\" href=\"https:\/\/www.google.com\/maps\/search\/?api=1&#038;query=40.5354169,-3.642397\" target=\"_blank\">Maps were disabled by the visitor on this site. Click to open the map in a new window.<\/a><\/div><\/div>\n<div  class='flex_column av-564fpr5-a957eb5f2bac4a56770afd23be43fda2 av_two_third  avia-builder-el-1  el_after_av_google_map  el_before_av_one_third  avia-builder-el-first  first flex_column_div  '     ><p>\n<style type=\"text\/css\" data-created_by=\"avia_inline_auto\" id=\"style-css-av-4p6j9nl-aff38c6a7e04a93f9d6983ad7bf08b25\">\n#top .av-special-heading.av-4p6j9nl-aff38c6a7e04a93f9d6983ad7bf08b25{\npadding-bottom:10px;\n}\nbody .av-special-heading.av-4p6j9nl-aff38c6a7e04a93f9d6983ad7bf08b25 .av-special-heading-tag .heading-char{\nfont-size:25px;\n}\n.av-special-heading.av-4p6j9nl-aff38c6a7e04a93f9d6983ad7bf08b25 .av-subheading{\nfont-size:15px;\n}\n<\/style>\n<div  class='av-special-heading av-4p6j9nl-aff38c6a7e04a93f9d6983ad7bf08b25 av-special-heading-h3 meta-heading  avia-builder-el-2  el_before_av_textblock  avia-builder-el-first '><h3 class='av-special-heading-tag '  itemprop=\"headline\"  >Formul\u00e1rio de apoio ao cliente<\/h3><div class=\"special-heading-border\"><div class=\"special-heading-inner-border\"><\/div><\/div><\/div><br \/>\n<section  class='av_textblock_section av-1n1co1-3398b9c4a9456116ac0a056768dac278 '   itemscope=\"itemscope\" itemtype=\"https:\/\/schema.org\/CreativeWork\" ><div class='avia_textblock'  itemprop=\"text\" ><p>Basta utilizar o nosso formul\u00e1rio de contacto para todas as suas d\u00favidas. A equipa DANYSOFT entrar\u00e1 em contacto consigo com a m\u00e1xima brevidade poss\u00edvel.<\/p>\n<\/div><\/section><br \/>\n<section  class='av_textblock_section av-3x2vijl-5c1c1ac3ca729bada23a142ebb4be885 '   itemscope=\"itemscope\" itemtype=\"https:\/\/schema.org\/CreativeWork\" ><div class='avia_textblock'  itemprop=\"text\" >\n<div class=\"wpcf7 no-js\" id=\"wpcf7-f97522-o1\" lang=\"es-ES\" dir=\"ltr\" data-wpcf7-id=\"97522\">\n<div class=\"screen-reader-response\"><p role=\"status\" aria-live=\"polite\" aria-atomic=\"true\"><\/p> <ul><\/ul><\/div>\n<form action=\"\/pt-pt\/wp-json\/wp\/v2\/pages\/60417#wpcf7-f97522-o1\" method=\"post\" class=\"wpcf7-form init wpcf7-acceptance-as-validation\" aria-label=\"Formulario de contacto\" novalidate=\"novalidate\" data-status=\"init\">\n<fieldset class=\"hidden-fields-container\"><input type=\"hidden\" name=\"_wpcf7\" value=\"97522\" \/><input type=\"hidden\" name=\"_wpcf7_version\" value=\"6.1.5\" \/><input type=\"hidden\" name=\"_wpcf7_locale\" value=\"es_ES\" \/><input type=\"hidden\" name=\"_wpcf7_unit_tag\" value=\"wpcf7-f97522-o1\" \/><input type=\"hidden\" name=\"_wpcf7_container_post\" value=\"0\" \/><input type=\"hidden\" name=\"_wpcf7_posted_data_hash\" value=\"\" \/><input type=\"hidden\" name=\"_wpcf7_recaptcha_response\" value=\"\" \/>\n<\/fieldset>\n<div style=\"width: 100%; margin: 0; padding: 0\">\n\t<div style=\"display: flex; flex-wrap: wrap; width: 100%\">\n\t\t<div class=\"columna_form_event_pt\" style=\"width: 50%\">\n\t\t\t<div style=\"padding: 0px 20px\"> \n <!-- Contenido de la primera columna -->\n\t\t\t\t<p class=\"form_element form_element_half\"><br \/>\n<label>Nome <abbr class=\"required\" title=\"required\">*<\/abbr><\/label><br \/>\n<span class=\"wpcf7-form-control-wrap\" data-name=\"your-name\"><input size=\"40\" maxlength=\"400\" class=\"wpcf7-form-control wpcf7-text wpcf7-validates-as-required\" aria-required=\"true\" aria-invalid=\"false\" value=\"\" type=\"text\" name=\"your-name\" \/><\/span>\n\t\t\t\t<\/p>\n\t\t\t\t<p class=\"form_element form_element_half\"><br \/>\n<label>Sobrenome <abbr class=\"required\" title=\"required\">*<\/abbr><\/label><br \/>\n<span class=\"wpcf7-form-control-wrap\" data-name=\"apellidos\"><input size=\"40\" maxlength=\"400\" class=\"wpcf7-form-control wpcf7-text wpcf7-validates-as-required\" aria-required=\"true\" aria-invalid=\"false\" value=\"\" type=\"text\" name=\"apellidos\" \/><\/span>\n\t\t\t\t<\/p>\n\t\t\t\t<p class=\"first_form form_element form_element_half\"><br \/>\n<label>Telefone <abbr class=\"required\" title=\"required\">*<\/abbr><\/label><br \/>\n<span class=\"wpcf7-form-control-wrap\" data-name=\"telefono\"><input size=\"40\" maxlength=\"400\" class=\"wpcf7-form-control wpcf7-tel wpcf7-validates-as-required wpcf7-text wpcf7-validates-as-tel\" aria-required=\"true\" aria-invalid=\"false\" value=\"\" type=\"tel\" name=\"telefono\" \/><\/span>\n\t\t\t\t<\/p>\n\t\t\t\t<p class=\"form_element form_element_half\"><br \/>\n<label>Companhia<\/label><br \/>\n<span class=\"wpcf7-form-control-wrap\" data-name=\"empresa\"><input size=\"40\" maxlength=\"400\" class=\"wpcf7-form-control wpcf7-text\" aria-invalid=\"false\" value=\"\" type=\"text\" name=\"empresa\" \/><\/span>\n\t\t\t\t<\/p>\n\t\t\t<\/div>\n\t\t<\/div>\n\t\t<div class=\"columna_form_event_pt\" style=\"width: 50%;\">\n\t\t\t<div style=\"padding: 0px 20px\"> \n <!-- Contenido de la segunda columna -->\n\t\t\t\t<p class=\" first_form  form_element form_element_half\"><br \/>\n<label>E-mail corporativo <abbr class=\"required\" title=\"required\">*<\/abbr><\/label><br \/>\n<span class=\"wpcf7-form-control-wrap\" data-name=\"your-email\"><input size=\"40\" maxlength=\"400\" class=\"wpcf7-form-control wpcf7-email wpcf7-validates-as-required wpcf7-text wpcf7-validates-as-email\" aria-required=\"true\" aria-invalid=\"false\" value=\"\" type=\"email\" name=\"your-email\" \/><\/span>\n\t\t\t\t<\/p>\n\t\t\t\t<p class=\" first_form  form_element form_element_half\"><br \/>\n<label>Repetir seu e-mail para a seguran\u00e7a <abbr class=\"required\" title=\"required\">*<\/abbr><\/label><br \/>\n<span class=\"wpcf7-form-control-wrap\" data-name=\"your-email-confirm\"><input size=\"40\" maxlength=\"400\" class=\"wpcf7-form-control wpcf7-email wpcf7-validates-as-required wpcf7-text wpcf7-validates-as-email\" aria-required=\"true\" aria-invalid=\"false\" value=\"\" type=\"email\" name=\"your-email-confirm\" \/><\/span>\n\t\t\t\t<\/p>\n\t\t\t\t<p class=\"form_element form_element_half\"><br \/>\n<label>Pa\u00eds <\/label><br \/>\n<span class=\"wpcf7-form-control-wrap\" data-name=\"pais\"><input size=\"40\" maxlength=\"400\" class=\"wpcf7-form-control wpcf7-text\" aria-invalid=\"false\" value=\"\" type=\"text\" name=\"pais\" \/><\/span>\n\t\t\t\t<\/p>\n\t\t\t\t<p class=\"form_element form_element_half\"><br \/>\n<label> Cidade <\/label><br \/>\n<span class=\"wpcf7-form-control-wrap\" data-name=\"ciudad\"><input size=\"40\" maxlength=\"400\" class=\"wpcf7-form-control wpcf7-text\" aria-invalid=\"false\" value=\"\" type=\"text\" name=\"ciudad\" \/><\/span>\n\t\t\t\t<\/p>\n\t\t\t<\/div>\n\t\t<\/div>\n\t<\/div>\n\t<div style=\"width: 100%; padding: 0 20px\">\n\t\t<p class=\"first_form form_element form_fullwidth\"><br \/>\n<label>Assunto <abbr class=\"required\" title=\"required\">*<\/abbr><\/label><br \/>\n<span class=\"wpcf7-form-control-wrap\" data-name=\"your-subject\"><input size=\"40\" maxlength=\"400\" class=\"wpcf7-form-control wpcf7-text wpcf7-validates-as-required\" aria-required=\"true\" aria-invalid=\"false\" value=\"\" type=\"text\" name=\"your-subject\" \/><\/span>\n\t\t<\/p>\n\t\t<p class=\"form_element form_fullwidth\"><br \/>\n<label>Mensagem<\/label><br \/>\n<span class=\"wpcf7-form-control-wrap\" data-name=\"mensaje\"><textarea cols=\"40\" rows=\"10\" maxlength=\"2000\" class=\"wpcf7-form-control wpcf7-textarea\" aria-invalid=\"false\" name=\"mensaje\"><\/textarea><\/span>\n\t\t<\/p>\n\t\t<p class=\"form_element form_fullwidth\"><span class=\"wpcf7-form-control-wrap\" data-name=\"aceptacion\"><span class=\"wpcf7-form-control wpcf7-acceptance\"><span class=\"wpcf7-list-item\"><input type=\"checkbox\" name=\"aceptacion\" value=\"1\" aria-invalid=\"false\" \/><\/span><\/span><\/span> Lei de prote\u00e7\u00e3o de dados. Permite que mantenhamos os seus dados na nossa base de dados, em nenhum caso os seus dados v\u00e3o ser enviados a terceiros. <a href=\"https:\/\/danysoft.com\/politica-de-privacidad\/\" target=\"_blank\">Ver Pol\u00edtica de privacidade da Danysoft<\/a>*.\n\t\t<\/p>\n\t<span class=\"wpcf7-form-control-wrap recaptcha\" data-name=\"recaptcha\"><span data-sitekey=\"6LcM2aIUAAAAAKzRojwe8xvEqGCpImJ-sfp6boNW\" class=\"wpcf7-form-control wpcf7-recaptcha g-recaptcha\"><\/span>\r\n<noscript>\r\n\t<div class=\"grecaptcha-noscript\">\r\n\t\t<iframe loading=\"lazy\" src=\"https:\/\/www.google.com\/recaptcha\/api\/fallback?k=6LcM2aIUAAAAAKzRojwe8xvEqGCpImJ-sfp6boNW\" frameborder=\"0\" scrolling=\"no\" width=\"310\" height=\"430\">\r\n\t\t<\/iframe>\r\n\t\t<textarea name=\"g-recaptcha-response\" rows=\"3\" cols=\"40\" placeholder=\"Aqu\u00ed la respuesta de reCAPTCHA\">\r\n\t\t<\/textarea>\r\n\t<\/div>\r\n<\/noscript>\r\n<\/span>\n\t\t<p><input class=\"wpcf7-form-control wpcf7-submit has-spinner\" type=\"submit\" value=\"Enviar\" \/>\n\t\t<\/p>\n\t<\/div>\n<\/div>\n<style>\n\t@media screen and (max-width: 767px) {\n .columna_form_event_pt {\n width: 100% !important;\n }\n<\/style><p style=\"display: none !important;\" class=\"akismet-fields-container\" data-prefix=\"_wpcf7_ak_\"><label>&#916;<textarea name=\"_wpcf7_ak_hp_textarea\" cols=\"45\" rows=\"8\" maxlength=\"100\"><\/textarea><\/label><input type=\"hidden\" id=\"ak_js_1\" name=\"_wpcf7_ak_js\" value=\"200\"\/><script>document.getElementById( \"ak_js_1\" ).setAttribute( \"value\", ( new Date() ).getTime() );<\/script><\/p><input type='hidden' class='wpcf7-pum' value='{\"closepopup\":false,\"closedelay\":0,\"openpopup\":false,\"openpopup_id\":0}' \/><div class=\"wpcf7-response-output\" aria-hidden=\"true\"><\/div>\n<\/form>\n<\/div>\n\n<\/div><\/section><\/p><\/div>\n\n<style type=\"text\/css\" data-created_by=\"avia_inline_auto\" id=\"style-css-av-ccay81-36aa7c11c5c7f9f5b58d3f4934e6cfd6\">\n.flex_column.av-ccay81-36aa7c11c5c7f9f5b58d3f4934e6cfd6{\nborder-radius:0px 0px 0px 0px;\npadding:0px 0px 0px 0px;\n}\n<\/style>\n<div  class='flex_column av-ccay81-36aa7c11c5c7f9f5b58d3f4934e6cfd6 av_one_third  avia-builder-el-5  el_after_av_two_third  avia-builder-el-last  flex_column_div av-zero-column-padding  '     ><p>\n<style type=\"text\/css\" data-created_by=\"avia_inline_auto\" id=\"style-css-av-35vnvwh-eca9567de1cfd3ee003040d267bd97ec\">\n#top .av-special-heading.av-35vnvwh-eca9567de1cfd3ee003040d267bd97ec{\npadding-bottom:10px;\n}\nbody .av-special-heading.av-35vnvwh-eca9567de1cfd3ee003040d267bd97ec .av-special-heading-tag .heading-char{\nfont-size:25px;\n}\n#top #wrap_all .av-special-heading.av-35vnvwh-eca9567de1cfd3ee003040d267bd97ec .av-special-heading-tag{\nfont-size:20px;\n}\n.av-special-heading.av-35vnvwh-eca9567de1cfd3ee003040d267bd97ec .av-subheading{\nfont-size:15px;\n}\n<\/style>\n<div  class='av-special-heading av-35vnvwh-eca9567de1cfd3ee003040d267bd97ec av-special-heading-h3 meta-heading  avia-builder-el-6  el_before_av_textblock  avia-builder-el-first '><h3 class='av-special-heading-tag '  itemprop=\"headline\"  >Onde estamos<\/h3><div class=\"special-heading-border\"><div class=\"special-heading-inner-border\"><\/div><\/div><\/div><br \/>\n<section  class='av_textblock_section av-2d618kh-a4f93d5c8182f14ef47f6ab85f76443d '   itemscope=\"itemscope\" itemtype=\"https:\/\/schema.org\/CreativeWork\" ><div class='avia_textblock'  itemprop=\"text\" ><p><b>Portugal <\/b><br \/>\nT: [+351] 300 30 16 57<br \/>\n&#8212;<br \/>\n<b> Italia <\/b><br \/>\nT: [+39] 02 3929 7886<br \/>\n&#8212;<br \/>\n<b>Espa\u00f1a <\/b><br \/>\nT: [+34] 916 638 683<\/p>\n<\/div><\/section><br \/>\n\n<style type=\"text\/css\" data-created_by=\"avia_inline_auto\" id=\"style-css-av-25jbu1t-96330aa6f94223606c5710bec1204cbe\">\n#top .av-special-heading.av-25jbu1t-96330aa6f94223606c5710bec1204cbe{\npadding-bottom:10px;\n}\nbody .av-special-heading.av-25jbu1t-96330aa6f94223606c5710bec1204cbe .av-special-heading-tag .heading-char{\nfont-size:25px;\n}\n#top #wrap_all .av-special-heading.av-25jbu1t-96330aa6f94223606c5710bec1204cbe .av-special-heading-tag{\nfont-size:20px;\n}\n.av-special-heading.av-25jbu1t-96330aa6f94223606c5710bec1204cbe .av-subheading{\nfont-size:15px;\n}\n<\/style>\n<div  class='av-special-heading av-25jbu1t-96330aa6f94223606c5710bec1204cbe av-special-heading-h3 meta-heading  avia-builder-el-8  el_after_av_textblock  el_before_av_textblock '><h3 class='av-special-heading-tag '  itemprop=\"headline\"  >O Nosso Hor\u00e1rio<\/h3><div class=\"special-heading-border\"><div class=\"special-heading-inner-border\"><\/div><\/div><\/div><br \/>\n<section  class='av_textblock_section av-1qa9vz5-b14c4c2dd29beac178cbf7ea9104ef1f '   itemscope=\"itemscope\" itemtype=\"https:\/\/schema.org\/CreativeWork\" ><div class='avia_textblock'  itemprop=\"text\" ><p>Segunda a Quinta-feira de 8:00 a 17:30h<\/p>\n<p>Sexta-feira de 8:00\u00a0\u00e0s 14:00 em hor\u00e1rio cont\u00ednuo.<\/p>\n<\/div><\/section><br \/>\n\n<style type=\"text\/css\" data-created_by=\"avia_inline_auto\" id=\"style-css-av-149csip-71697d9a8645b6b307e2d8e9a8d500ea\">\n#top .av-special-heading.av-149csip-71697d9a8645b6b307e2d8e9a8d500ea{\npadding-bottom:10px;\n}\nbody .av-special-heading.av-149csip-71697d9a8645b6b307e2d8e9a8d500ea .av-special-heading-tag .heading-char{\nfont-size:25px;\n}\n#top #wrap_all .av-special-heading.av-149csip-71697d9a8645b6b307e2d8e9a8d500ea .av-special-heading-tag{\nfont-size:20px;\n}\n.av-special-heading.av-149csip-71697d9a8645b6b307e2d8e9a8d500ea .av-subheading{\nfont-size:15px;\n}\n<\/style>\n<div  class='av-special-heading av-149csip-71697d9a8645b6b307e2d8e9a8d500ea av-special-heading-h3 meta-heading  avia-builder-el-10  el_after_av_textblock  el_before_av_textblock '><h3 class='av-special-heading-tag '  itemprop=\"headline\"  >Os Nossos Dados Banc\u00e1rios<\/h3><div class=\"special-heading-border\"><div class=\"special-heading-inner-border\"><\/div><\/div><\/div><br \/>\n<section  class='av_textblock_section av-uakzdt-be406bd917073e1c2352fc072f4556cc '   itemscope=\"itemscope\" itemtype=\"https:\/\/schema.org\/CreativeWork\" ><div class='avia_textblock'  itemprop=\"text\" ><p>Banco Bilbao Vizcaya Argentaria (BBVA)<\/p>\n<p>IBAN<strong>\u00a0<\/strong>ES43 0182 5723 15 0208511329\u00a0 | SWIFT: BBVAESMM<\/p>\n<\/div><\/section><\/p><\/div>\n","protected":false},"excerpt":{"rendered":"","protected":false},"author":1,"featured_media":0,"parent":59021,"menu_order":0,"comment_status":"closed","ping_status":"closed","template":"","meta":{"_acf_changed":false,"footnotes":""},"class_list":["post-60417","page","type-page","status-publish","hentry"],"acf":[],"yoast_head":"<!-- This site is optimized with the Yoast SEO plugin v27.3 - https:\/\/yoast.com\/product\/yoast-seo-wordpress\/ -->\n<title>Contato<\/title>\n<meta name=\"description\" content=\"Assim que tivermos uma resposta, entraremos em contacto consigo no n\u00famero e e-mail facultados\" \/>\n<meta name=\"robots\" content=\"index, follow, max-snippet:-1, max-image-preview:large, max-video-preview:-1\" \/>\n<link rel=\"canonical\" href=\"https:\/\/www.danysoft.com\/pt-pt\/danysoft\/contacto\/\" \/>\n<meta property=\"og:locale\" content=\"pt_PT\" \/>\n<meta property=\"og:type\" content=\"article\" \/>\n<meta property=\"og:title\" content=\"Contato\" \/>\n<meta property=\"og:description\" content=\"Assim que tivermos uma resposta, entraremos em contacto consigo no n\u00famero e e-mail facultados\" \/>\n<meta property=\"og:url\" content=\"https:\/\/www.danysoft.com\/pt-pt\/danysoft\/contacto\/\" \/>\n<meta property=\"og:site_name\" content=\"Danysoft\" \/>\n<meta property=\"article:publisher\" content=\"http:\/\/www.facebook.com\/danysoft\" \/>\n<meta property=\"article:modified_time\" content=\"2025-04-22T09:32:08+00:00\" \/>\n<meta name=\"twitter:card\" content=\"summary_large_image\" \/>\n<meta name=\"twitter:site\" content=\"@danysoft_es\" \/>\n<meta name=\"twitter:label1\" content=\"Tempo estimado de leitura\" \/>\n\t<meta name=\"twitter:data1\" content=\"1 minuto\" \/>\n<script type=\"application\/ld+json\" class=\"yoast-schema-graph\">{\"@context\":\"https:\\\/\\\/schema.org\",\"@graph\":[{\"@type\":\"WebPage\",\"@id\":\"https:\\\/\\\/www.danysoft.com\\\/pt-pt\\\/danysoft\\\/contacto\\\/\",\"url\":\"https:\\\/\\\/www.danysoft.com\\\/pt-pt\\\/danysoft\\\/contacto\\\/\",\"name\":\"Contato\",\"isPartOf\":{\"@id\":\"https:\\\/\\\/www.danysoft.com\\\/pt-pt\\\/#website\"},\"datePublished\":\"2014-06-06T16:54:54+00:00\",\"dateModified\":\"2025-04-22T09:32:08+00:00\",\"description\":\"Assim que tivermos uma resposta, entraremos em contacto consigo no n\u00famero e e-mail facultados\",\"breadcrumb\":{\"@id\":\"https:\\\/\\\/www.danysoft.com\\\/pt-pt\\\/danysoft\\\/contacto\\\/#breadcrumb\"},\"inLanguage\":\"pt-PT\",\"potentialAction\":[{\"@type\":\"ReadAction\",\"target\":[\"https:\\\/\\\/www.danysoft.com\\\/pt-pt\\\/danysoft\\\/contacto\\\/\"]}]},{\"@type\":\"BreadcrumbList\",\"@id\":\"https:\\\/\\\/www.danysoft.com\\\/pt-pt\\\/danysoft\\\/contacto\\\/#breadcrumb\",\"itemListElement\":[{\"@type\":\"ListItem\",\"position\":1,\"name\":\"Portada\",\"item\":\"https:\\\/\\\/www.danysoft.com\\\/pt-pt\\\/inicio-2-2-2\\\/\"},{\"@type\":\"ListItem\",\"position\":2,\"name\":\"Danysoft\",\"item\":\"https:\\\/\\\/www.danysoft.com\\\/pt-pt\\\/danysoft\\\/\"},{\"@type\":\"ListItem\",\"position\":3,\"name\":\"Contato\"}]},{\"@type\":\"WebSite\",\"@id\":\"https:\\\/\\\/www.danysoft.com\\\/pt-pt\\\/#website\",\"url\":\"https:\\\/\\\/www.danysoft.com\\\/pt-pt\\\/\",\"name\":\"Danysoft\",\"description\":\"Licencias software y servicios de formaci\u00f3n y consultor\u00eda necesarios para su correcto uso\",\"publisher\":{\"@id\":\"https:\\\/\\\/www.danysoft.com\\\/pt-pt\\\/#organization\"},\"potentialAction\":[{\"@type\":\"SearchAction\",\"target\":{\"@type\":\"EntryPoint\",\"urlTemplate\":\"https:\\\/\\\/www.danysoft.com\\\/pt-pt\\\/?s={search_term_string}\"},\"query-input\":{\"@type\":\"PropertyValueSpecification\",\"valueRequired\":true,\"valueName\":\"search_term_string\"}}],\"inLanguage\":\"pt-PT\"},{\"@type\":\"Organization\",\"@id\":\"https:\\\/\\\/www.danysoft.com\\\/pt-pt\\\/#organization\",\"name\":\"Danysoft\",\"url\":\"https:\\\/\\\/www.danysoft.com\\\/pt-pt\\\/\",\"logo\":{\"@type\":\"ImageObject\",\"inLanguage\":\"pt-PT\",\"@id\":\"https:\\\/\\\/www.danysoft.com\\\/pt-pt\\\/#\\\/schema\\\/logo\\\/image\\\/\",\"url\":\"https:\\\/\\\/www.danysoft.com\\\/wp-content\\\/uploads\\\/2018\\\/07\\\/danysoft.png\",\"contentUrl\":\"https:\\\/\\\/www.danysoft.com\\\/wp-content\\\/uploads\\\/2018\\\/07\\\/danysoft.png\",\"width\":1001,\"height\":309,\"caption\":\"Danysoft\"},\"image\":{\"@id\":\"https:\\\/\\\/www.danysoft.com\\\/pt-pt\\\/#\\\/schema\\\/logo\\\/image\\\/\"},\"sameAs\":[\"http:\\\/\\\/www.facebook.com\\\/danysoft\",\"https:\\\/\\\/x.com\\\/danysoft_es\",\"https:\\\/\\\/es.linkedin.com\\\/company\\\/danysoft\",\"https:\\\/\\\/www.youtube.com\\\/user\\\/danysoftech\"]}]}<\/script>\n<!-- \/ Yoast SEO plugin. -->","yoast_head_json":{"title":"Contato","description":"Assim que tivermos uma resposta, entraremos em contacto consigo no n\u00famero e e-mail facultados","robots":{"index":"index","follow":"follow","max-snippet":"max-snippet:-1","max-image-preview":"max-image-preview:large","max-video-preview":"max-video-preview:-1"},"canonical":"https:\/\/www.danysoft.com\/pt-pt\/danysoft\/contacto\/","og_locale":"pt_PT","og_type":"article","og_title":"Contato","og_description":"Assim que tivermos uma resposta, entraremos em contacto consigo no n\u00famero e e-mail facultados","og_url":"https:\/\/www.danysoft.com\/pt-pt\/danysoft\/contacto\/","og_site_name":"Danysoft","article_publisher":"http:\/\/www.facebook.com\/danysoft","article_modified_time":"2025-04-22T09:32:08+00:00","twitter_card":"summary_large_image","twitter_site":"@danysoft_es","twitter_misc":{"Tempo estimado de leitura":"1 minuto"},"schema":{"@context":"https:\/\/schema.org","@graph":[{"@type":"WebPage","@id":"https:\/\/www.danysoft.com\/pt-pt\/danysoft\/contacto\/","url":"https:\/\/www.danysoft.com\/pt-pt\/danysoft\/contacto\/","name":"Contato","isPartOf":{"@id":"https:\/\/www.danysoft.com\/pt-pt\/#website"},"datePublished":"2014-06-06T16:54:54+00:00","dateModified":"2025-04-22T09:32:08+00:00","description":"Assim que tivermos uma resposta, entraremos em contacto consigo no n\u00famero e e-mail facultados","breadcrumb":{"@id":"https:\/\/www.danysoft.com\/pt-pt\/danysoft\/contacto\/#breadcrumb"},"inLanguage":"pt-PT","potentialAction":[{"@type":"ReadAction","target":["https:\/\/www.danysoft.com\/pt-pt\/danysoft\/contacto\/"]}]},{"@type":"BreadcrumbList","@id":"https:\/\/www.danysoft.com\/pt-pt\/danysoft\/contacto\/#breadcrumb","itemListElement":[{"@type":"ListItem","position":1,"name":"Portada","item":"https:\/\/www.danysoft.com\/pt-pt\/inicio-2-2-2\/"},{"@type":"ListItem","position":2,"name":"Danysoft","item":"https:\/\/www.danysoft.com\/pt-pt\/danysoft\/"},{"@type":"ListItem","position":3,"name":"Contato"}]},{"@type":"WebSite","@id":"https:\/\/www.danysoft.com\/pt-pt\/#website","url":"https:\/\/www.danysoft.com\/pt-pt\/","name":"Danysoft","description":"Licencias software y servicios de formaci\u00f3n y consultor\u00eda necesarios para su correcto uso","publisher":{"@id":"https:\/\/www.danysoft.com\/pt-pt\/#organization"},"potentialAction":[{"@type":"SearchAction","target":{"@type":"EntryPoint","urlTemplate":"https:\/\/www.danysoft.com\/pt-pt\/?s={search_term_string}"},"query-input":{"@type":"PropertyValueSpecification","valueRequired":true,"valueName":"search_term_string"}}],"inLanguage":"pt-PT"},{"@type":"Organization","@id":"https:\/\/www.danysoft.com\/pt-pt\/#organization","name":"Danysoft","url":"https:\/\/www.danysoft.com\/pt-pt\/","logo":{"@type":"ImageObject","inLanguage":"pt-PT","@id":"https:\/\/www.danysoft.com\/pt-pt\/#\/schema\/logo\/image\/","url":"https:\/\/www.danysoft.com\/wp-content\/uploads\/2018\/07\/danysoft.png","contentUrl":"https:\/\/www.danysoft.com\/wp-content\/uploads\/2018\/07\/danysoft.png","width":1001,"height":309,"caption":"Danysoft"},"image":{"@id":"https:\/\/www.danysoft.com\/pt-pt\/#\/schema\/logo\/image\/"},"sameAs":["http:\/\/www.facebook.com\/danysoft","https:\/\/x.com\/danysoft_es","https:\/\/es.linkedin.com\/company\/danysoft","https:\/\/www.youtube.com\/user\/danysoftech"]}]}},"_links":{"self":[{"href":"https:\/\/www.danysoft.com\/pt-pt\/wp-json\/wp\/v2\/pages\/60417","targetHints":{"allow":["GET"]}}],"collection":[{"href":"https:\/\/www.danysoft.com\/pt-pt\/wp-json\/wp\/v2\/pages"}],"about":[{"href":"https:\/\/www.danysoft.com\/pt-pt\/wp-json\/wp\/v2\/types\/page"}],"author":[{"embeddable":true,"href":"https:\/\/www.danysoft.com\/pt-pt\/wp-json\/wp\/v2\/users\/1"}],"replies":[{"embeddable":true,"href":"https:\/\/www.danysoft.com\/pt-pt\/wp-json\/wp\/v2\/comments?post=60417"}],"version-history":[{"count":0,"href":"https:\/\/www.danysoft.com\/pt-pt\/wp-json\/wp\/v2\/pages\/60417\/revisions"}],"up":[{"embeddable":true,"href":"https:\/\/www.danysoft.com\/pt-pt\/wp-json\/wp\/v2\/pages\/59021"}],"wp:attachment":[{"href":"https:\/\/www.danysoft.com\/pt-pt\/wp-json\/wp\/v2\/media?parent=60417"}],"curies":[{"name":"wp","href":"https:\/\/api.w.org\/{rel}","templated":true}]}}