{"id":59465,"date":"2014-08-25T23:59:16","date_gmt":"2014-08-25T21:59:16","guid":{"rendered":"http:\/\/www.danysoft.pt\/inicio-2\/servicos\/proyectos-ti\/"},"modified":"2015-08-20T10:42:11","modified_gmt":"2015-08-20T08:42:11","slug":"projectos-ti","status":"publish","type":"page","link":"https:\/\/www.danysoft.com\/pt-pt\/servicos\/projectos-ti\/","title":{"rendered":"Projectos TI"},"content":{"rendered":"<div id='av_section_1'  class='avia-section av-av_section-554eae667ec5e8144109e001304445f8 main_color avia-section-default avia-no-border-styling  avia-builder-el-0  el_before_av_section  avia-builder-el-first  avia-bg-style-scroll container_wrap sidebar_right'  ><div class='container av-section-cont-open' ><main  role=\"main\" itemprop=\"mainContentOfPage\"  class='template-page content  av-content-small alpha units'><div class='post-entry post-entry-type-page post-entry-59465'><div class='entry-content-wrapper clearfix'>\n<div  class='flex_column av-av_one_half-2a9015ff38129c418a3f2eafba3e9512 av_one_half  avia-builder-el-1  el_before_av_one_half  avia-builder-el-first  first flex_column_div  '     ><p>\n<style type=\"text\/css\" data-created_by=\"avia_inline_auto\" id=\"style-css-av-av_heading-c32acaa3fe90d341b6dd13e8332c46d8\">\n#top .av-special-heading.av-av_heading-c32acaa3fe90d341b6dd13e8332c46d8{\npadding-bottom:10px;\n}\nbody .av-special-heading.av-av_heading-c32acaa3fe90d341b6dd13e8332c46d8 .av-special-heading-tag .heading-char{\nfont-size:25px;\n}\n.av-special-heading.av-av_heading-c32acaa3fe90d341b6dd13e8332c46d8 .av-subheading{\nfont-size:15px;\n}\n<\/style>\n<div  class='av-special-heading av-av_heading-c32acaa3fe90d341b6dd13e8332c46d8 av-special-heading-h3 meta-heading  avia-builder-el-2  el_before_av_textblock  avia-builder-el-first '><h3 class='av-special-heading-tag '  itemprop=\"headline\"  >Projectos TI<\/h3><div class=\"special-heading-border\"><div class=\"special-heading-inner-border\"><\/div><\/div><\/div><br \/>\n<section  class='av_textblock_section av-av_textblock-0366cc7376be6c9e82a3e9cc8987b64f '   itemscope=\"itemscope\" itemtype=\"https:\/\/schema.org\/CreativeWork\" ><div class='avia_textblock'  itemprop=\"text\" ><p>O nosso objectivo \u00e9 aplicar standards de alto n\u00edvel \u00e0s infra-estruturas TIC, que proporcionem seguran\u00e7a e operatividade ao teu neg\u00f3cio, melhorando o investimento nos seus sistemas e ampliando o seu alcance na previs\u00e3o de riscos, continuidade de opera\u00e7\u00f5es, alertas, virtualiza\u00e7\u00e3o, armazenamento, dados, etc.<\/p>\n<\/div><\/section><\/p><\/div><div  class='flex_column av-av_one_half-b51168870d26eac9084c0e2dc495efe0 av_one_half  avia-builder-el-4  el_after_av_one_half  avia-builder-el-last  flex_column_div  '     ><style type=\"text\/css\" data-created_by=\"avia_inline_auto\" id=\"style-css-av-av_image-c21fa799c2d29bb16db25256f340a0bf\">\n.avia-image-container.av-av_image-c21fa799c2d29bb16db25256f340a0bf img.avia_image{\nbox-shadow:none;\n}\n.avia-image-container.av-av_image-c21fa799c2d29bb16db25256f340a0bf .av-image-caption-overlay-center{\ncolor:#ffffff;\n}\n<\/style>\n<div  class='avia-image-container av-av_image-c21fa799c2d29bb16db25256f340a0bf av-styling- avia_animated_image av-animated-when-visible-95 right-to-left avia-align-center  avia-builder-el-5  avia-builder-el-no-sibling '   itemprop=\"image\" itemscope=\"itemscope\" itemtype=\"https:\/\/schema.org\/ImageObject\" ><div class=\"avia-image-container-inner\"><div class=\"avia-image-overlay-wrap\"><img decoding=\"async\" fetchpriority=\"high\" class='wp-image-55795 avia-img-lazy-loading-not-55795 avia_image ' src=\"https:\/\/www.danysoft.com\/wp-content\/uploads\/2014\/08\/proyectos-ti-300x300.png\" alt='' title='proyectos-ti'  height=\"300\" width=\"300\"  itemprop=\"thumbnailUrl\" srcset=\"https:\/\/www.danysoft.com\/wp-content\/uploads\/2014\/08\/proyectos-ti-300x300.png 300w, https:\/\/www.danysoft.com\/wp-content\/uploads\/2014\/08\/proyectos-ti-80x80.png 80w, https:\/\/www.danysoft.com\/wp-content\/uploads\/2014\/08\/proyectos-ti-36x36.png 36w, https:\/\/www.danysoft.com\/wp-content\/uploads\/2014\/08\/proyectos-ti-180x180.png 180w, https:\/\/www.danysoft.com\/wp-content\/uploads\/2014\/08\/proyectos-ti-120x120.png 120w, https:\/\/www.danysoft.com\/wp-content\/uploads\/2014\/08\/proyectos-ti-450x450.png 450w, https:\/\/www.danysoft.com\/wp-content\/uploads\/2014\/08\/proyectos-ti.png 452w\" sizes=\"(max-width: 300px) 100vw, 300px\" \/><\/div><\/div><\/div><\/div><\/div><\/div><\/main><!-- close content main element --><\/div><\/div><div id='av_section_2'  class='avia-section av-av_section-554eae667ec5e8144109e001304445f8 main_color avia-section-default avia-no-border-styling  avia-builder-el-6  el_after_av_section  avia-builder-el-last  avia-bg-style-scroll container_wrap sidebar_right'  ><div class='container av-section-cont-open' ><div class='template-page content  av-content-small alpha units'><div class='post-entry post-entry-type-page post-entry-59465'><div class='entry-content-wrapper clearfix'>\n\n<style type=\"text\/css\" data-created_by=\"avia_inline_auto\" id=\"style-css-av-av_heading-911fdb5a53ccaa6f5c293966d0c202cc\">\n#top .av-special-heading.av-av_heading-911fdb5a53ccaa6f5c293966d0c202cc{\npadding-bottom:10px;\n}\nbody .av-special-heading.av-av_heading-911fdb5a53ccaa6f5c293966d0c202cc .av-special-heading-tag .heading-char{\nfont-size:25px;\n}\n.av-special-heading.av-av_heading-911fdb5a53ccaa6f5c293966d0c202cc .av-subheading{\nfont-size:15px;\n}\n<\/style>\n<div  class='av-special-heading av-av_heading-911fdb5a53ccaa6f5c293966d0c202cc av-special-heading-h3 meta-heading  avia-builder-el-7  el_before_av_blog  avia-builder-el-first '><h3 class='av-special-heading-tag '  itemprop=\"headline\"  >Projectos TI<\/h3><div class=\"special-heading-border\"><div class=\"special-heading-inner-border\"><\/div><\/div><\/div>\n\n<\/div><\/div><\/div><!-- close content main div --><\/div><\/div><div id='after_section_2'  class='main_color av_default_container_wrap container_wrap sidebar_right'  ><div class='container av-section-cont-open' ><div class='template-page content  av-content-small alpha units'><div class='post-entry post-entry-type-page post-entry-59465'><div class='entry-content-wrapper clearfix'>\n","protected":false},"excerpt":{"rendered":"<p>O nosso objectivo \u00e9 aplicar standarts de alto n\u00edvel \u00e1s infraestructuras TIC, que proporcionem seguran\u00e7a e operatividade ao teu neg\u00f3cio<\/p>\n","protected":false},"author":1,"featured_media":0,"parent":59022,"menu_order":0,"comment_status":"closed","ping_status":"closed","template":"","meta":{"_acf_changed":false,"footnotes":""},"categories":[],"tags":[],"class_list":["post-59465","page","type-page","status-publish","hentry"],"acf":[],"yoast_head":"<!-- This site is optimized with the Yoast SEO plugin v27.4 - https:\/\/yoast.com\/product\/yoast-seo-wordpress\/ -->\n<title>Projectos TI<\/title>\n<meta name=\"description\" content=\"O nosso objectivo \u00e9 aplicar standarts de alto n\u00edvel \u00e1s infraestructuras TIC, que proporcionem seguran\u00e7a e operatividade ao teu neg\u00f3cio\" \/>\n<meta name=\"robots\" content=\"index, follow, max-snippet:-1, max-image-preview:large, max-video-preview:-1\" \/>\n<link rel=\"canonical\" href=\"https:\/\/www.danysoft.com\/pt-pt\/servicos\/projectos-ti\/\" \/>\n<meta property=\"og:locale\" content=\"pt_PT\" \/>\n<meta property=\"og:type\" content=\"article\" \/>\n<meta property=\"og:title\" content=\"Projectos TI\" \/>\n<meta property=\"og:description\" content=\"O nosso objectivo \u00e9 aplicar standarts de alto n\u00edvel \u00e1s infraestructuras TIC, que proporcionem seguran\u00e7a e operatividade ao teu neg\u00f3cio\" \/>\n<meta property=\"og:url\" content=\"https:\/\/www.danysoft.com\/pt-pt\/servicos\/projectos-ti\/\" \/>\n<meta property=\"og:site_name\" content=\"Danysoft\" \/>\n<meta property=\"article:publisher\" content=\"http:\/\/www.facebook.com\/danysoft\" \/>\n<meta property=\"article:modified_time\" content=\"2015-08-20T08:42:11+00:00\" \/>\n<meta name=\"twitter:card\" content=\"summary_large_image\" \/>\n<meta name=\"twitter:site\" content=\"@danysoft_es\" \/>\n<meta name=\"twitter:label1\" content=\"Tempo estimado de leitura\" \/>\n\t<meta name=\"twitter:data1\" content=\"1 minuto\" \/>\n<script type=\"application\/ld+json\" class=\"yoast-schema-graph\">{\"@context\":\"https:\\\/\\\/schema.org\",\"@graph\":[{\"@type\":\"WebPage\",\"@id\":\"https:\\\/\\\/www.danysoft.com\\\/pt-pt\\\/servicos\\\/projectos-ti\\\/\",\"url\":\"https:\\\/\\\/www.danysoft.com\\\/pt-pt\\\/servicos\\\/projectos-ti\\\/\",\"name\":\"Projectos TI\",\"isPartOf\":{\"@id\":\"https:\\\/\\\/www.danysoft.com\\\/pt-pt\\\/#website\"},\"datePublished\":\"2014-08-25T21:59:16+00:00\",\"dateModified\":\"2015-08-20T08:42:11+00:00\",\"description\":\"O nosso objectivo \u00e9 aplicar standarts de alto n\u00edvel \u00e1s infraestructuras TIC, que proporcionem seguran\u00e7a e operatividade ao teu neg\u00f3cio\",\"breadcrumb\":{\"@id\":\"https:\\\/\\\/www.danysoft.com\\\/pt-pt\\\/servicos\\\/projectos-ti\\\/#breadcrumb\"},\"inLanguage\":\"pt-PT\",\"potentialAction\":[{\"@type\":\"ReadAction\",\"target\":[\"https:\\\/\\\/www.danysoft.com\\\/pt-pt\\\/servicos\\\/projectos-ti\\\/\"]}]},{\"@type\":\"BreadcrumbList\",\"@id\":\"https:\\\/\\\/www.danysoft.com\\\/pt-pt\\\/servicos\\\/projectos-ti\\\/#breadcrumb\",\"itemListElement\":[{\"@type\":\"ListItem\",\"position\":1,\"name\":\"Portada\",\"item\":\"https:\\\/\\\/www.danysoft.com\\\/pt-pt\\\/inicio-2-2-2\\\/\"},{\"@type\":\"ListItem\",\"position\":2,\"name\":\"Servi\u00e7os Profissionais\",\"item\":\"https:\\\/\\\/www.danysoft.com\\\/pt-pt\\\/servicos\\\/\"},{\"@type\":\"ListItem\",\"position\":3,\"name\":\"Projectos TI\"}]},{\"@type\":\"WebSite\",\"@id\":\"https:\\\/\\\/www.danysoft.com\\\/pt-pt\\\/#website\",\"url\":\"https:\\\/\\\/www.danysoft.com\\\/pt-pt\\\/\",\"name\":\"Danysoft\",\"description\":\"Licencias software y servicios de formaci\u00f3n y consultor\u00eda necesarios para su correcto uso\",\"publisher\":{\"@id\":\"https:\\\/\\\/www.danysoft.com\\\/pt-pt\\\/#organization\"},\"potentialAction\":[{\"@type\":\"SearchAction\",\"target\":{\"@type\":\"EntryPoint\",\"urlTemplate\":\"https:\\\/\\\/www.danysoft.com\\\/pt-pt\\\/?s={search_term_string}\"},\"query-input\":{\"@type\":\"PropertyValueSpecification\",\"valueRequired\":true,\"valueName\":\"search_term_string\"}}],\"inLanguage\":\"pt-PT\"},{\"@type\":\"Organization\",\"@id\":\"https:\\\/\\\/www.danysoft.com\\\/pt-pt\\\/#organization\",\"name\":\"Danysoft\",\"url\":\"https:\\\/\\\/www.danysoft.com\\\/pt-pt\\\/\",\"logo\":{\"@type\":\"ImageObject\",\"inLanguage\":\"pt-PT\",\"@id\":\"https:\\\/\\\/www.danysoft.com\\\/pt-pt\\\/#\\\/schema\\\/logo\\\/image\\\/\",\"url\":\"https:\\\/\\\/www.danysoft.com\\\/wp-content\\\/uploads\\\/2018\\\/07\\\/danysoft.png\",\"contentUrl\":\"https:\\\/\\\/www.danysoft.com\\\/wp-content\\\/uploads\\\/2018\\\/07\\\/danysoft.png\",\"width\":1001,\"height\":309,\"caption\":\"Danysoft\"},\"image\":{\"@id\":\"https:\\\/\\\/www.danysoft.com\\\/pt-pt\\\/#\\\/schema\\\/logo\\\/image\\\/\"},\"sameAs\":[\"http:\\\/\\\/www.facebook.com\\\/danysoft\",\"https:\\\/\\\/x.com\\\/danysoft_es\",\"https:\\\/\\\/es.linkedin.com\\\/company\\\/danysoft\",\"https:\\\/\\\/www.youtube.com\\\/user\\\/danysoftech\"]}]}<\/script>\n<!-- \/ Yoast SEO plugin. -->","yoast_head_json":{"title":"Projectos TI","description":"O nosso objectivo \u00e9 aplicar standarts de alto n\u00edvel \u00e1s infraestructuras TIC, que proporcionem seguran\u00e7a e operatividade ao teu neg\u00f3cio","robots":{"index":"index","follow":"follow","max-snippet":"max-snippet:-1","max-image-preview":"max-image-preview:large","max-video-preview":"max-video-preview:-1"},"canonical":"https:\/\/www.danysoft.com\/pt-pt\/servicos\/projectos-ti\/","og_locale":"pt_PT","og_type":"article","og_title":"Projectos TI","og_description":"O nosso objectivo \u00e9 aplicar standarts de alto n\u00edvel \u00e1s infraestructuras TIC, que proporcionem seguran\u00e7a e operatividade ao teu neg\u00f3cio","og_url":"https:\/\/www.danysoft.com\/pt-pt\/servicos\/projectos-ti\/","og_site_name":"Danysoft","article_publisher":"http:\/\/www.facebook.com\/danysoft","article_modified_time":"2015-08-20T08:42:11+00:00","twitter_card":"summary_large_image","twitter_site":"@danysoft_es","twitter_misc":{"Tempo estimado de leitura":"1 minuto"},"schema":{"@context":"https:\/\/schema.org","@graph":[{"@type":"WebPage","@id":"https:\/\/www.danysoft.com\/pt-pt\/servicos\/projectos-ti\/","url":"https:\/\/www.danysoft.com\/pt-pt\/servicos\/projectos-ti\/","name":"Projectos TI","isPartOf":{"@id":"https:\/\/www.danysoft.com\/pt-pt\/#website"},"datePublished":"2014-08-25T21:59:16+00:00","dateModified":"2015-08-20T08:42:11+00:00","description":"O nosso objectivo \u00e9 aplicar standarts de alto n\u00edvel \u00e1s infraestructuras TIC, que proporcionem seguran\u00e7a e operatividade ao teu neg\u00f3cio","breadcrumb":{"@id":"https:\/\/www.danysoft.com\/pt-pt\/servicos\/projectos-ti\/#breadcrumb"},"inLanguage":"pt-PT","potentialAction":[{"@type":"ReadAction","target":["https:\/\/www.danysoft.com\/pt-pt\/servicos\/projectos-ti\/"]}]},{"@type":"BreadcrumbList","@id":"https:\/\/www.danysoft.com\/pt-pt\/servicos\/projectos-ti\/#breadcrumb","itemListElement":[{"@type":"ListItem","position":1,"name":"Portada","item":"https:\/\/www.danysoft.com\/pt-pt\/inicio-2-2-2\/"},{"@type":"ListItem","position":2,"name":"Servi\u00e7os Profissionais","item":"https:\/\/www.danysoft.com\/pt-pt\/servicos\/"},{"@type":"ListItem","position":3,"name":"Projectos TI"}]},{"@type":"WebSite","@id":"https:\/\/www.danysoft.com\/pt-pt\/#website","url":"https:\/\/www.danysoft.com\/pt-pt\/","name":"Danysoft","description":"Licencias software y servicios de formaci\u00f3n y consultor\u00eda necesarios para su correcto uso","publisher":{"@id":"https:\/\/www.danysoft.com\/pt-pt\/#organization"},"potentialAction":[{"@type":"SearchAction","target":{"@type":"EntryPoint","urlTemplate":"https:\/\/www.danysoft.com\/pt-pt\/?s={search_term_string}"},"query-input":{"@type":"PropertyValueSpecification","valueRequired":true,"valueName":"search_term_string"}}],"inLanguage":"pt-PT"},{"@type":"Organization","@id":"https:\/\/www.danysoft.com\/pt-pt\/#organization","name":"Danysoft","url":"https:\/\/www.danysoft.com\/pt-pt\/","logo":{"@type":"ImageObject","inLanguage":"pt-PT","@id":"https:\/\/www.danysoft.com\/pt-pt\/#\/schema\/logo\/image\/","url":"https:\/\/www.danysoft.com\/wp-content\/uploads\/2018\/07\/danysoft.png","contentUrl":"https:\/\/www.danysoft.com\/wp-content\/uploads\/2018\/07\/danysoft.png","width":1001,"height":309,"caption":"Danysoft"},"image":{"@id":"https:\/\/www.danysoft.com\/pt-pt\/#\/schema\/logo\/image\/"},"sameAs":["http:\/\/www.facebook.com\/danysoft","https:\/\/x.com\/danysoft_es","https:\/\/es.linkedin.com\/company\/danysoft","https:\/\/www.youtube.com\/user\/danysoftech"]}]}},"_links":{"self":[{"href":"https:\/\/www.danysoft.com\/pt-pt\/wp-json\/wp\/v2\/pages\/59465","targetHints":{"allow":["GET"]}}],"collection":[{"href":"https:\/\/www.danysoft.com\/pt-pt\/wp-json\/wp\/v2\/pages"}],"about":[{"href":"https:\/\/www.danysoft.com\/pt-pt\/wp-json\/wp\/v2\/types\/page"}],"author":[{"embeddable":true,"href":"https:\/\/www.danysoft.com\/pt-pt\/wp-json\/wp\/v2\/users\/1"}],"replies":[{"embeddable":true,"href":"https:\/\/www.danysoft.com\/pt-pt\/wp-json\/wp\/v2\/comments?post=59465"}],"version-history":[{"count":0,"href":"https:\/\/www.danysoft.com\/pt-pt\/wp-json\/wp\/v2\/pages\/59465\/revisions"}],"up":[{"embeddable":true,"href":"https:\/\/www.danysoft.com\/pt-pt\/wp-json\/wp\/v2\/pages\/59022"}],"wp:attachment":[{"href":"https:\/\/www.danysoft.com\/pt-pt\/wp-json\/wp\/v2\/media?parent=59465"}],"wp:term":[{"taxonomy":"category","embeddable":true,"href":"https:\/\/www.danysoft.com\/pt-pt\/wp-json\/wp\/v2\/categories?post=59465"},{"taxonomy":"post_tag","embeddable":true,"href":"https:\/\/www.danysoft.com\/pt-pt\/wp-json\/wp\/v2\/tags?post=59465"}],"curies":[{"name":"wp","href":"https:\/\/api.w.org\/{rel}","templated":true}]}}