{"id":59460,"date":"2014-08-25T23:05:43","date_gmt":"2014-08-25T21:05:43","guid":{"rendered":"http:\/\/www.danysoft.pt\/inicio-2\/servicos\/formacion\/"},"modified":"2020-01-02T10:05:31","modified_gmt":"2020-01-02T09:05:31","slug":"formacao","status":"publish","type":"page","link":"https:\/\/www.danysoft.com\/pt-pt\/servicos\/formacao\/","title":{"rendered":"Forma\u00e7\u00e3o"},"content":{"rendered":"<div id='av_section_1'  class='avia-section av-494ls04-e45dff874d17547e04a9a350bfb5820a main_color avia-section-default avia-no-border-styling  avia-builder-el-0  el_before_av_section  avia-builder-el-first  avia-bg-style-scroll container_wrap sidebar_right'  ><div class='container av-section-cont-open' ><main  role=\"main\" itemprop=\"mainContentOfPage\"  class='template-page content  av-content-small alpha units'><div class='post-entry post-entry-type-page post-entry-59460'><div class='entry-content-wrapper clearfix'>\n<div  class='flex_column av-3xxf150-6ab73ff3f4b9f2a3236ad81ff68e6969 av_one_half  avia-builder-el-1  el_before_av_one_half  avia-builder-el-first  first flex_column_div  '     ><p>\n<style type=\"text\/css\" data-created_by=\"avia_inline_auto\" id=\"style-css-av-av_heading-1b6113e6bab0b62d8e1a43aff41d69b3\">\n#top .av-special-heading.av-av_heading-1b6113e6bab0b62d8e1a43aff41d69b3{\npadding-bottom:10px;\n}\nbody .av-special-heading.av-av_heading-1b6113e6bab0b62d8e1a43aff41d69b3 .av-special-heading-tag .heading-char{\nfont-size:25px;\n}\n.av-special-heading.av-av_heading-1b6113e6bab0b62d8e1a43aff41d69b3 .av-subheading{\nfont-size:15px;\n}\n<\/style>\n<div  class='av-special-heading av-av_heading-1b6113e6bab0b62d8e1a43aff41d69b3 av-special-heading-h3 meta-heading  avia-builder-el-2  el_before_av_textblock  avia-builder-el-first '><h3 class='av-special-heading-tag '  itemprop=\"headline\"  >Forma\u00e7\u00e3o<\/h3><div class=\"special-heading-border\"><div class=\"special-heading-inner-border\"><\/div><\/div><\/div><br \/>\n<section  class='av_textblock_section av-35myxqc-fb68667de9997f2f8bc4cd8aab8dfc83 '   itemscope=\"itemscope\" itemtype=\"https:\/\/schema.org\/CreativeWork\" ><div class='avia_textblock'  itemprop=\"text\" ><p>Somos especialistas na forma\u00e7\u00e3o destinada \u00e0 concretiza\u00e7\u00e3o de projectos. Durante mais de 30 anos, centenas de profissionais expressaram um elevado grau de satisfa\u00e7\u00e3o com os nossos cursos, que lhes proporcionou um acesso r\u00e1pido \u00e0s ultimas tecnologias e produtos.<\/p>\n<\/div><\/section><\/p><\/div><div  class='flex_column av-2dfmao4-d6b5806a27017f8460593158256f534e av_one_half  avia-builder-el-4  el_after_av_one_half  avia-builder-el-last  flex_column_div  '     ><style type=\"text\/css\" data-created_by=\"avia_inline_auto\" id=\"style-css-av-1wiwps4-e4b34f9e70db87b9dc4692002d34dc83\">\n.avia-image-container.av-1wiwps4-e4b34f9e70db87b9dc4692002d34dc83 img.avia_image{\nbox-shadow:none;\n}\n.avia-image-container.av-1wiwps4-e4b34f9e70db87b9dc4692002d34dc83 .av-image-caption-overlay-center{\ncolor:#ffffff;\n}\n<\/style>\n<div  class='avia-image-container av-1wiwps4-e4b34f9e70db87b9dc4692002d34dc83 av-styling- avia_animated_image av-animated-when-visible-95 right-to-left avia-align-center  avia-builder-el-5  avia-builder-el-no-sibling '   itemprop=\"image\" itemscope=\"itemscope\" itemtype=\"https:\/\/schema.org\/ImageObject\" ><div class=\"avia-image-container-inner\"><div class=\"avia-image-overlay-wrap\"><img decoding=\"async\" fetchpriority=\"high\" class='wp-image-56008 avia-img-lazy-loading-not-56008 avia_image ' src=\"https:\/\/www.danysoft.com\/wp-content\/uploads\/2014\/08\/formacion-300x300.jpg\" alt='' title='formacion'  height=\"300\" width=\"300\"  itemprop=\"thumbnailUrl\" srcset=\"https:\/\/www.danysoft.com\/wp-content\/uploads\/2014\/08\/formacion-300x300.jpg 300w, https:\/\/www.danysoft.com\/wp-content\/uploads\/2014\/08\/formacion-1030x1030.jpg 1030w, https:\/\/www.danysoft.com\/wp-content\/uploads\/2014\/08\/formacion-80x80.jpg 80w, https:\/\/www.danysoft.com\/wp-content\/uploads\/2014\/08\/formacion-768x768.jpg 768w, https:\/\/www.danysoft.com\/wp-content\/uploads\/2014\/08\/formacion-36x36.jpg 36w, https:\/\/www.danysoft.com\/wp-content\/uploads\/2014\/08\/formacion-180x180.jpg 180w, https:\/\/www.danysoft.com\/wp-content\/uploads\/2014\/08\/formacion.jpg 1500w, https:\/\/www.danysoft.com\/wp-content\/uploads\/2014\/08\/formacion-705x705.jpg 705w, https:\/\/www.danysoft.com\/wp-content\/uploads\/2014\/08\/formacion-120x120.jpg 120w, https:\/\/www.danysoft.com\/wp-content\/uploads\/2014\/08\/formacion-450x450.jpg 450w, https:\/\/www.danysoft.com\/wp-content\/uploads\/2014\/08\/formacion-600x600.jpg 600w\" sizes=\"(max-width: 300px) 100vw, 300px\" \/><\/div><\/div><\/div><\/div><\/div><\/div><\/main><!-- close content main element --><\/div><\/div><div id='av_section_2'  class='avia-section av-1gzbeas-b95d9bfb22da28be8cebb414a825c724 main_color avia-section-default avia-no-border-styling  avia-builder-el-6  el_after_av_section  avia-builder-el-last  avia-bg-style-scroll container_wrap sidebar_right'  ><div class='container av-section-cont-open' ><div class='template-page content  av-content-small alpha units'><div class='post-entry post-entry-type-page post-entry-59460'><div class='entry-content-wrapper clearfix'>\n\n<style type=\"text\/css\" data-created_by=\"avia_inline_auto\" id=\"style-css-av-1cfj1s4-43b37bebc15444897f926c1c9e3ab099\">\n#top .av-special-heading.av-1cfj1s4-43b37bebc15444897f926c1c9e3ab099{\npadding-bottom:10px;\n}\nbody .av-special-heading.av-1cfj1s4-43b37bebc15444897f926c1c9e3ab099 .av-special-heading-tag .heading-char{\nfont-size:25px;\n}\n.av-special-heading.av-1cfj1s4-43b37bebc15444897f926c1c9e3ab099 .av-subheading{\nfont-size:15px;\n}\n<\/style>\n<div  class='av-special-heading av-1cfj1s4-43b37bebc15444897f926c1c9e3ab099 av-special-heading-h3 meta-heading  avia-builder-el-7  el_before_av_blog  avia-builder-el-first '><h3 class='av-special-heading-tag '  itemprop=\"headline\"  >Temarios<\/h3><div class=\"special-heading-border\"><div class=\"special-heading-inner-border\"><\/div><\/div><\/div>\n<div  data-slideshow-options=\"{&quot;animation&quot;:&quot;fade&quot;,&quot;autoplay&quot;:false,&quot;loop_autoplay&quot;:&quot;once&quot;,&quot;interval&quot;:5,&quot;loop_manual&quot;:&quot;manual-endless&quot;,&quot;autoplay_stopper&quot;:false,&quot;noNavigation&quot;:false,&quot;show_slide_delay&quot;:90}\" class='avia-content-slider avia-content-grid-active avia-content-slider1 avia-content-slider-even  avia-builder-el-8  el_after_av_heading  avia-builder-el-last  av-slideshow-ui av-control-default   av-no-slider-navigation av-slideshow-manual av-loop-once av-loop-manual-endless '  itemscope=\"itemscope\" itemtype=\"https:\/\/schema.org\/Blog\" ><div class=\"avia-content-slider-inner\"><div class=\"slide-entry-wrap\"><article class='slide-entry flex_column  post-entry post-entry-208050 slide-entry-overview slide-loop-1 slide-parity-odd  av_one_fourth first real-thumbnail posttype-page post-format-standard'  itemscope=\"itemscope\" itemtype=\"https:\/\/schema.org\/CreativeWork\" ><a href='https:\/\/www.danysoft.com\/pt-pt\/curso-introducao-ao-delphi\/' data-rel='slide-1' class='slide-image' title='Curso Introdu\u00e7\u00e3o ao Delphi'><img decoding=\"async\" fetchpriority=\"high\" width=\"227\" height=\"183\" src=\"https:\/\/www.danysoft.com\/wp-content\/uploads\/2024\/11\/Curso-portugal-imagen-destacada.jpg\" class=\"wp-image-208186 avia-img-lazy-loading-not-208186 attachment-portfolio_small size-portfolio_small wp-post-image\" alt=\"Curso Introdu\u00e7\u00e3o ao Delphi\" \/><\/a><div class=\"slide-content\"><header class=\"entry-content-header\" aria-label=\"Slide: Curso Introdu\u00e7\u00e3o ao Delphi\"><h3 class='slide-entry-title entry-title '  itemprop=\"headline\" ><a href='https:\/\/www.danysoft.com\/pt-pt\/curso-introducao-ao-delphi\/' title='Curso Introdu\u00e7\u00e3o ao Delphi'>Curso Introdu\u00e7\u00e3o ao Delphi<\/a><\/h3><span class=\"av-vertical-delimiter\"><\/span><\/header><div class='slide-entry-excerpt entry-content'  itemprop=\"text\" >Este curso aborda la creaci\u00f3n de una aplicaci\u00f3n web con Delphi, utilizando las \u00faltimas tecnolog\u00edas incorporadas en la versi\u00f3n 12.2.<div class=\"read-more-link\"><a href=\"https:\/\/www.danysoft.com\/pt-pt\/curso-introducao-ao-delphi\/\" class=\"more-link\">Read more<span class='more-link-arrow avia-svg-icon avia-font-svg_entypo-fontello' data-av_svg_icon='right-open-big' data-av_iconset='svg_entypo-fontello'><svg version=\"1.1\" xmlns=\"http:\/\/www.w3.org\/2000\/svg\" width=\"15\" height=\"32\" viewBox=\"0 0 15 32\" preserveAspectRatio=\"xMidYMid meet\" role=\"graphics-symbol\" aria-hidden=\"true\">\n<path d=\"M0.416 27.84l11.456-11.84-11.456-11.904q-0.832-0.832 0-1.536 0.832-0.832 1.536 0l12.544 12.608q0.768 0.832 0 1.6l-12.544 12.608q-0.704 0.832-1.536 0-0.832-0.704 0-1.536z\"><\/path>\n<\/svg><\/span><\/a><\/div><\/div><\/div><footer class=\"entry-footer\"><\/footer><span class='hidden'>\n\t\t\t\t<span class='av-structured-data'  itemprop=\"image\" itemscope=\"itemscope\" itemtype=\"https:\/\/schema.org\/ImageObject\" >\n\t\t\t\t\t\t<span itemprop='url'>https:\/\/www.danysoft.com\/wp-content\/uploads\/2024\/11\/Curso-portugal-imagen-destacada.jpg<\/span>\n\t\t\t\t\t\t<span itemprop='height'>183<\/span>\n\t\t\t\t\t\t<span itemprop='width'>227<\/span>\n\t\t\t\t<\/span>\n\t\t\t\t<span class='av-structured-data'  itemprop=\"publisher\" itemtype=\"https:\/\/schema.org\/Organization\" itemscope=\"itemscope\" >\n\t\t\t\t\t\t<span itemprop='name'>Cynthia Garcia<\/span>\n\t\t\t\t\t\t<span itemprop='logo' itemscope itemtype='https:\/\/schema.org\/ImageObject'>\n\t\t\t\t\t\t\t<span itemprop='url'>https:\/\/danysoft.com\/wp-content\/uploads\/2021\/10\/logo-danysoft-portugues.png<\/span>\n\t\t\t\t\t\t<\/span>\n\t\t\t\t<\/span><span class='av-structured-data'  itemprop=\"author\" itemscope=\"itemscope\" itemtype=\"https:\/\/schema.org\/Person\" ><span itemprop='name'>Cynthia Garcia<\/span><\/span><span class='av-structured-data'  itemprop=\"datePublished\" datetime=\"2014-08-25T23:05:43+02:00\" >2024-11-20 09:43:33<\/span><span class='av-structured-data'  itemprop=\"dateModified\" itemtype=\"https:\/\/schema.org\/dateModified\" >2025-03-21 13:16:11<\/span><span class='av-structured-data'  itemprop=\"mainEntityOfPage\" itemtype=\"https:\/\/schema.org\/mainEntityOfPage\" ><span itemprop='name'>Curso Introdu\u00e7\u00e3o ao Delphi<\/span><\/span><\/span><\/article><article class='slide-entry flex_column  post-entry post-entry-201362 slide-entry-overview slide-loop-2 slide-parity-even  post-entry-last  av_one_fourth  real-thumbnail posttype-page post-format-standard'  itemscope=\"itemscope\" itemtype=\"https:\/\/schema.org\/CreativeWork\" ><a href='https:\/\/www.danysoft.com\/pt-pt\/desenvolvimento-de-aplicacoes-modernas-com-delphi\/' data-rel='slide-1' class='slide-image' title='Desenvolvimento de aplica\u00e7\u00f5es modernas com Delphi'><img decoding=\"async\" fetchpriority=\"high\" width=\"227\" height=\"183\" src=\"https:\/\/www.danysoft.com\/wp-content\/uploads\/2022\/05\/imagen-destacada-curso-modernizacion-de-aplicaciones.png\" class=\"wp-image-187223 avia-img-lazy-loading-not-187223 attachment-portfolio_small size-portfolio_small wp-post-image\" alt=\"\" \/><\/a><div class=\"slide-content\"><header class=\"entry-content-header\" aria-label=\"Slide: Desenvolvimento de aplica\u00e7\u00f5es modernas com Delphi\"><h3 class='slide-entry-title entry-title '  itemprop=\"headline\" ><a href='https:\/\/www.danysoft.com\/pt-pt\/desenvolvimento-de-aplicacoes-modernas-com-delphi\/' title='Desenvolvimento de aplica\u00e7\u00f5es modernas com Delphi'>Desenvolvimento de aplica\u00e7\u00f5es modernas com Delphi<\/a><\/h3><span class=\"av-vertical-delimiter\"><\/span><\/header><div class='slide-entry-excerpt entry-content'  itemprop=\"text\" >N\u00e3o perca este curso, que abrange os t\u00f3picos mais destacados em termos de sua utilidade na moderniza\u00e7\u00e3o de aplica\u00e7\u00f5es desenvolvidas em Delphi.<div class=\"read-more-link\"><a href=\"https:\/\/www.danysoft.com\/pt-pt\/desenvolvimento-de-aplicacoes-modernas-com-delphi\/\" class=\"more-link\">Read more<span class='more-link-arrow avia-svg-icon avia-font-svg_entypo-fontello' data-av_svg_icon='right-open-big' data-av_iconset='svg_entypo-fontello'><svg version=\"1.1\" xmlns=\"http:\/\/www.w3.org\/2000\/svg\" width=\"15\" height=\"32\" viewBox=\"0 0 15 32\" preserveAspectRatio=\"xMidYMid meet\" role=\"graphics-symbol\" aria-hidden=\"true\">\n<path d=\"M0.416 27.84l11.456-11.84-11.456-11.904q-0.832-0.832 0-1.536 0.832-0.832 1.536 0l12.544 12.608q0.768 0.832 0 1.6l-12.544 12.608q-0.704 0.832-1.536 0-0.832-0.704 0-1.536z\"><\/path>\n<\/svg><\/span><\/a><\/div><\/div><\/div><footer class=\"entry-footer\"><\/footer><span class='hidden'>\n\t\t\t\t<span class='av-structured-data'  itemprop=\"image\" itemscope=\"itemscope\" itemtype=\"https:\/\/schema.org\/ImageObject\" >\n\t\t\t\t\t\t<span itemprop='url'>https:\/\/www.danysoft.com\/wp-content\/uploads\/2022\/05\/imagen-destacada-curso-modernizacion-de-aplicaciones.png<\/span>\n\t\t\t\t\t\t<span itemprop='height'>183<\/span>\n\t\t\t\t\t\t<span itemprop='width'>227<\/span>\n\t\t\t\t<\/span>\n\t\t\t\t<span class='av-structured-data'  itemprop=\"publisher\" itemtype=\"https:\/\/schema.org\/Organization\" itemscope=\"itemscope\" >\n\t\t\t\t\t\t<span itemprop='name'>Administrador<\/span>\n\t\t\t\t\t\t<span itemprop='logo' itemscope itemtype='https:\/\/schema.org\/ImageObject'>\n\t\t\t\t\t\t\t<span itemprop='url'>https:\/\/danysoft.com\/wp-content\/uploads\/2021\/10\/logo-danysoft-portugues.png<\/span>\n\t\t\t\t\t\t<\/span>\n\t\t\t\t<\/span><span class='av-structured-data'  itemprop=\"author\" itemscope=\"itemscope\" itemtype=\"https:\/\/schema.org\/Person\" ><span itemprop='name'>Administrador<\/span><\/span><span class='av-structured-data'  itemprop=\"datePublished\" datetime=\"2014-08-25T23:05:43+02:00\" >2024-05-13 11:12:29<\/span><span class='av-structured-data'  itemprop=\"dateModified\" itemtype=\"https:\/\/schema.org\/dateModified\" >2025-03-21 13:15:28<\/span><span class='av-structured-data'  itemprop=\"mainEntityOfPage\" itemtype=\"https:\/\/schema.org\/mainEntityOfPage\" ><span itemprop='name'>Desenvolvimento de aplica\u00e7\u00f5es modernas com Delphi<\/span><\/span><\/span><\/article><\/div><\/div><\/div>\n<\/div><\/div><\/div><!-- close content main div --><\/div><\/div><div id='after_section_2'  class='main_color av_default_container_wrap container_wrap sidebar_right'  ><div class='container av-section-cont-open' ><div class='template-page content  av-content-small alpha units'><div class='post-entry post-entry-type-page post-entry-59460'><div class='entry-content-wrapper clearfix'>\n","protected":false},"excerpt":{"rendered":"<p>Durante mais de 20 anos, centenas de profissionais expressaram um elevado grau de satisfa\u00e7\u00e3o com a nossa forma\u00e7\u00e3o destinada \u00e0 concretiza\u00e7\u00e3o de projectos<\/p>\n","protected":false},"author":1,"featured_media":0,"parent":59022,"menu_order":0,"comment_status":"closed","ping_status":"closed","template":"","meta":{"_acf_changed":false,"footnotes":""},"categories":[],"tags":[],"class_list":["post-59460","page","type-page","status-publish","hentry"],"acf":[],"yoast_head":"<!-- This site is optimized with the Yoast SEO plugin v27.3 - https:\/\/yoast.com\/product\/yoast-seo-wordpress\/ -->\n<title>Forma\u00e7\u00e3o<\/title>\n<meta name=\"description\" content=\"Durante mais de 20 anos, centenas de profissionais expressaram um elevado grau de satisfa\u00e7\u00e3o com a nossa forma\u00e7\u00e3o destinada \u00e0 concretiza\u00e7\u00e3o de projectos\" \/>\n<meta name=\"robots\" content=\"index, follow, max-snippet:-1, max-image-preview:large, max-video-preview:-1\" \/>\n<link rel=\"canonical\" href=\"https:\/\/www.danysoft.com\/pt-pt\/servicos\/formacao\/\" \/>\n<meta property=\"og:locale\" content=\"pt_PT\" \/>\n<meta property=\"og:type\" content=\"article\" \/>\n<meta property=\"og:title\" content=\"Forma\u00e7\u00e3o\" \/>\n<meta property=\"og:description\" content=\"Durante mais de 20 anos, centenas de profissionais expressaram um elevado grau de satisfa\u00e7\u00e3o com a nossa forma\u00e7\u00e3o destinada \u00e0 concretiza\u00e7\u00e3o de projectos\" \/>\n<meta property=\"og:url\" content=\"https:\/\/www.danysoft.com\/pt-pt\/servicos\/formacao\/\" \/>\n<meta property=\"og:site_name\" content=\"Danysoft\" \/>\n<meta property=\"article:publisher\" content=\"http:\/\/www.facebook.com\/danysoft\" \/>\n<meta property=\"article:modified_time\" content=\"2020-01-02T09:05:31+00:00\" \/>\n<meta name=\"twitter:card\" content=\"summary_large_image\" \/>\n<meta name=\"twitter:site\" content=\"@danysoft_es\" \/>\n<meta name=\"twitter:label1\" content=\"Tempo estimado de leitura\" \/>\n\t<meta name=\"twitter:data1\" content=\"2 minutos\" \/>\n<script type=\"application\/ld+json\" class=\"yoast-schema-graph\">{\"@context\":\"https:\\\/\\\/schema.org\",\"@graph\":[{\"@type\":\"WebPage\",\"@id\":\"https:\\\/\\\/www.danysoft.com\\\/pt-pt\\\/servicos\\\/formacao\\\/\",\"url\":\"https:\\\/\\\/www.danysoft.com\\\/pt-pt\\\/servicos\\\/formacao\\\/\",\"name\":\"Forma\u00e7\u00e3o\",\"isPartOf\":{\"@id\":\"https:\\\/\\\/www.danysoft.com\\\/pt-pt\\\/#website\"},\"datePublished\":\"2014-08-25T21:05:43+00:00\",\"dateModified\":\"2020-01-02T09:05:31+00:00\",\"description\":\"Durante mais de 20 anos, centenas de profissionais expressaram um elevado grau de satisfa\u00e7\u00e3o com a nossa forma\u00e7\u00e3o destinada \u00e0 concretiza\u00e7\u00e3o de projectos\",\"breadcrumb\":{\"@id\":\"https:\\\/\\\/www.danysoft.com\\\/pt-pt\\\/servicos\\\/formacao\\\/#breadcrumb\"},\"inLanguage\":\"pt-PT\",\"potentialAction\":[{\"@type\":\"ReadAction\",\"target\":[\"https:\\\/\\\/www.danysoft.com\\\/pt-pt\\\/servicos\\\/formacao\\\/\"]}]},{\"@type\":\"BreadcrumbList\",\"@id\":\"https:\\\/\\\/www.danysoft.com\\\/pt-pt\\\/servicos\\\/formacao\\\/#breadcrumb\",\"itemListElement\":[{\"@type\":\"ListItem\",\"position\":1,\"name\":\"Portada\",\"item\":\"https:\\\/\\\/www.danysoft.com\\\/pt-pt\\\/inicio-2-2-2\\\/\"},{\"@type\":\"ListItem\",\"position\":2,\"name\":\"Servi\u00e7os Profissionais\",\"item\":\"https:\\\/\\\/www.danysoft.com\\\/pt-pt\\\/servicos\\\/\"},{\"@type\":\"ListItem\",\"position\":3,\"name\":\"Forma\u00e7\u00e3o\"}]},{\"@type\":\"WebSite\",\"@id\":\"https:\\\/\\\/www.danysoft.com\\\/pt-pt\\\/#website\",\"url\":\"https:\\\/\\\/www.danysoft.com\\\/pt-pt\\\/\",\"name\":\"Danysoft\",\"description\":\"Licencias software y servicios de formaci\u00f3n y consultor\u00eda necesarios para su correcto uso\",\"publisher\":{\"@id\":\"https:\\\/\\\/www.danysoft.com\\\/pt-pt\\\/#organization\"},\"potentialAction\":[{\"@type\":\"SearchAction\",\"target\":{\"@type\":\"EntryPoint\",\"urlTemplate\":\"https:\\\/\\\/www.danysoft.com\\\/pt-pt\\\/?s={search_term_string}\"},\"query-input\":{\"@type\":\"PropertyValueSpecification\",\"valueRequired\":true,\"valueName\":\"search_term_string\"}}],\"inLanguage\":\"pt-PT\"},{\"@type\":\"Organization\",\"@id\":\"https:\\\/\\\/www.danysoft.com\\\/pt-pt\\\/#organization\",\"name\":\"Danysoft\",\"url\":\"https:\\\/\\\/www.danysoft.com\\\/pt-pt\\\/\",\"logo\":{\"@type\":\"ImageObject\",\"inLanguage\":\"pt-PT\",\"@id\":\"https:\\\/\\\/www.danysoft.com\\\/pt-pt\\\/#\\\/schema\\\/logo\\\/image\\\/\",\"url\":\"https:\\\/\\\/www.danysoft.com\\\/wp-content\\\/uploads\\\/2018\\\/07\\\/danysoft.png\",\"contentUrl\":\"https:\\\/\\\/www.danysoft.com\\\/wp-content\\\/uploads\\\/2018\\\/07\\\/danysoft.png\",\"width\":1001,\"height\":309,\"caption\":\"Danysoft\"},\"image\":{\"@id\":\"https:\\\/\\\/www.danysoft.com\\\/pt-pt\\\/#\\\/schema\\\/logo\\\/image\\\/\"},\"sameAs\":[\"http:\\\/\\\/www.facebook.com\\\/danysoft\",\"https:\\\/\\\/x.com\\\/danysoft_es\",\"https:\\\/\\\/es.linkedin.com\\\/company\\\/danysoft\",\"https:\\\/\\\/www.youtube.com\\\/user\\\/danysoftech\"]}]}<\/script>\n<!-- \/ Yoast SEO plugin. -->","yoast_head_json":{"title":"Forma\u00e7\u00e3o","description":"Durante mais de 20 anos, centenas de profissionais expressaram um elevado grau de satisfa\u00e7\u00e3o com a nossa forma\u00e7\u00e3o destinada \u00e0 concretiza\u00e7\u00e3o de projectos","robots":{"index":"index","follow":"follow","max-snippet":"max-snippet:-1","max-image-preview":"max-image-preview:large","max-video-preview":"max-video-preview:-1"},"canonical":"https:\/\/www.danysoft.com\/pt-pt\/servicos\/formacao\/","og_locale":"pt_PT","og_type":"article","og_title":"Forma\u00e7\u00e3o","og_description":"Durante mais de 20 anos, centenas de profissionais expressaram um elevado grau de satisfa\u00e7\u00e3o com a nossa forma\u00e7\u00e3o destinada \u00e0 concretiza\u00e7\u00e3o de projectos","og_url":"https:\/\/www.danysoft.com\/pt-pt\/servicos\/formacao\/","og_site_name":"Danysoft","article_publisher":"http:\/\/www.facebook.com\/danysoft","article_modified_time":"2020-01-02T09:05:31+00:00","twitter_card":"summary_large_image","twitter_site":"@danysoft_es","twitter_misc":{"Tempo estimado de leitura":"2 minutos"},"schema":{"@context":"https:\/\/schema.org","@graph":[{"@type":"WebPage","@id":"https:\/\/www.danysoft.com\/pt-pt\/servicos\/formacao\/","url":"https:\/\/www.danysoft.com\/pt-pt\/servicos\/formacao\/","name":"Forma\u00e7\u00e3o","isPartOf":{"@id":"https:\/\/www.danysoft.com\/pt-pt\/#website"},"datePublished":"2014-08-25T21:05:43+00:00","dateModified":"2020-01-02T09:05:31+00:00","description":"Durante mais de 20 anos, centenas de profissionais expressaram um elevado grau de satisfa\u00e7\u00e3o com a nossa forma\u00e7\u00e3o destinada \u00e0 concretiza\u00e7\u00e3o de projectos","breadcrumb":{"@id":"https:\/\/www.danysoft.com\/pt-pt\/servicos\/formacao\/#breadcrumb"},"inLanguage":"pt-PT","potentialAction":[{"@type":"ReadAction","target":["https:\/\/www.danysoft.com\/pt-pt\/servicos\/formacao\/"]}]},{"@type":"BreadcrumbList","@id":"https:\/\/www.danysoft.com\/pt-pt\/servicos\/formacao\/#breadcrumb","itemListElement":[{"@type":"ListItem","position":1,"name":"Portada","item":"https:\/\/www.danysoft.com\/pt-pt\/inicio-2-2-2\/"},{"@type":"ListItem","position":2,"name":"Servi\u00e7os Profissionais","item":"https:\/\/www.danysoft.com\/pt-pt\/servicos\/"},{"@type":"ListItem","position":3,"name":"Forma\u00e7\u00e3o"}]},{"@type":"WebSite","@id":"https:\/\/www.danysoft.com\/pt-pt\/#website","url":"https:\/\/www.danysoft.com\/pt-pt\/","name":"Danysoft","description":"Licencias software y servicios de formaci\u00f3n y consultor\u00eda necesarios para su correcto uso","publisher":{"@id":"https:\/\/www.danysoft.com\/pt-pt\/#organization"},"potentialAction":[{"@type":"SearchAction","target":{"@type":"EntryPoint","urlTemplate":"https:\/\/www.danysoft.com\/pt-pt\/?s={search_term_string}"},"query-input":{"@type":"PropertyValueSpecification","valueRequired":true,"valueName":"search_term_string"}}],"inLanguage":"pt-PT"},{"@type":"Organization","@id":"https:\/\/www.danysoft.com\/pt-pt\/#organization","name":"Danysoft","url":"https:\/\/www.danysoft.com\/pt-pt\/","logo":{"@type":"ImageObject","inLanguage":"pt-PT","@id":"https:\/\/www.danysoft.com\/pt-pt\/#\/schema\/logo\/image\/","url":"https:\/\/www.danysoft.com\/wp-content\/uploads\/2018\/07\/danysoft.png","contentUrl":"https:\/\/www.danysoft.com\/wp-content\/uploads\/2018\/07\/danysoft.png","width":1001,"height":309,"caption":"Danysoft"},"image":{"@id":"https:\/\/www.danysoft.com\/pt-pt\/#\/schema\/logo\/image\/"},"sameAs":["http:\/\/www.facebook.com\/danysoft","https:\/\/x.com\/danysoft_es","https:\/\/es.linkedin.com\/company\/danysoft","https:\/\/www.youtube.com\/user\/danysoftech"]}]}},"_links":{"self":[{"href":"https:\/\/www.danysoft.com\/pt-pt\/wp-json\/wp\/v2\/pages\/59460","targetHints":{"allow":["GET"]}}],"collection":[{"href":"https:\/\/www.danysoft.com\/pt-pt\/wp-json\/wp\/v2\/pages"}],"about":[{"href":"https:\/\/www.danysoft.com\/pt-pt\/wp-json\/wp\/v2\/types\/page"}],"author":[{"embeddable":true,"href":"https:\/\/www.danysoft.com\/pt-pt\/wp-json\/wp\/v2\/users\/1"}],"replies":[{"embeddable":true,"href":"https:\/\/www.danysoft.com\/pt-pt\/wp-json\/wp\/v2\/comments?post=59460"}],"version-history":[{"count":0,"href":"https:\/\/www.danysoft.com\/pt-pt\/wp-json\/wp\/v2\/pages\/59460\/revisions"}],"up":[{"embeddable":true,"href":"https:\/\/www.danysoft.com\/pt-pt\/wp-json\/wp\/v2\/pages\/59022"}],"wp:attachment":[{"href":"https:\/\/www.danysoft.com\/pt-pt\/wp-json\/wp\/v2\/media?parent=59460"}],"wp:term":[{"taxonomy":"category","embeddable":true,"href":"https:\/\/www.danysoft.com\/pt-pt\/wp-json\/wp\/v2\/categories?post=59460"},{"taxonomy":"post_tag","embeddable":true,"href":"https:\/\/www.danysoft.com\/pt-pt\/wp-json\/wp\/v2\/tags?post=59460"}],"curies":[{"name":"wp","href":"https:\/\/api.w.org\/{rel}","templated":true}]}}