{"id":59455,"date":"2014-08-26T00:15:32","date_gmt":"2014-08-25T22:15:32","guid":{"rendered":"http:\/\/www.danysoft.com\/inicio-2\/servicos\/certificaciones\/"},"modified":"2015-02-17T11:16:28","modified_gmt":"2015-02-17T10:16:28","slug":"certificacoes","status":"publish","type":"page","link":"https:\/\/www.danysoft.com\/pt-pt\/servicos\/certificacoes\/","title":{"rendered":"Certifica\u00e7\u00f5es"},"content":{"rendered":"<div id='av_section_1'  class='avia-section av-av_section-554eae667ec5e8144109e001304445f8 main_color avia-section-default avia-no-border-styling  avia-builder-el-0  avia-builder-el-no-sibling  avia-bg-style-scroll container_wrap sidebar_right'  ><div class='container av-section-cont-open' ><main  role=\"main\" itemprop=\"mainContentOfPage\"  class='template-page content  av-content-small alpha units'><div class='post-entry post-entry-type-page post-entry-59455'><div class='entry-content-wrapper clearfix'>\n<div  class='flex_column av-av_one_half-2a9015ff38129c418a3f2eafba3e9512 av_one_half  avia-builder-el-1  el_before_av_one_half  avia-builder-el-first  first flex_column_div  '     ><p>\n<style type=\"text\/css\" data-created_by=\"avia_inline_auto\" id=\"style-css-av-av_heading-69a08ca110bc220242a3804d38b16628\">\n#top .av-special-heading.av-av_heading-69a08ca110bc220242a3804d38b16628{\npadding-bottom:10px;\n}\nbody .av-special-heading.av-av_heading-69a08ca110bc220242a3804d38b16628 .av-special-heading-tag .heading-char{\nfont-size:25px;\n}\n.av-special-heading.av-av_heading-69a08ca110bc220242a3804d38b16628 .av-subheading{\nfont-size:15px;\n}\n<\/style>\n<div  class='av-special-heading av-av_heading-69a08ca110bc220242a3804d38b16628 av-special-heading-h3 meta-heading  avia-builder-el-2  el_before_av_textblock  avia-builder-el-first '><h3 class='av-special-heading-tag '  itemprop=\"headline\"  >Certifica\u00e7\u00f5es<\/h3><div class=\"special-heading-border\"><div class=\"special-heading-inner-border\"><\/div><\/div><\/div><br \/>\n<section  class='av_textblock_section av-av_textblock-0366cc7376be6c9e82a3e9cc8987b64f '   itemscope=\"itemscope\" itemtype=\"https:\/\/schema.org\/CreativeWork\" ><div class='avia_textblock'  itemprop=\"text\" ><p>As certifica\u00e7\u00f5es protegem a capacidade t\u00e9cnica e a experi\u00eancia em projectos dos colaboradores que proporcionam os nossos servi\u00e7os, para al\u00e9m de acreditar a estreita colabora\u00e7\u00e3o entre a Danysoft e os fabricantes, que s\u00e3o chave nas ocasi\u00f5es para poder proporcionar a melhor oferta para uma solu\u00e7\u00e3o completa.<\/p>\n<\/div><\/section><\/p><\/div><div  class='flex_column av-av_one_half-b51168870d26eac9084c0e2dc495efe0 av_one_half  avia-builder-el-4  el_after_av_one_half  avia-builder-el-last  flex_column_div  '     ><style type=\"text\/css\" data-created_by=\"avia_inline_auto\" id=\"style-css-av-av_image-cd201461394df390413e236bf24cc80b\">\n.avia-image-container.av-av_image-cd201461394df390413e236bf24cc80b img.avia_image{\nbox-shadow:none;\n}\n.avia-image-container.av-av_image-cd201461394df390413e236bf24cc80b .av-image-caption-overlay-center{\ncolor:#ffffff;\n}\n<\/style>\n<div  class='avia-image-container av-av_image-cd201461394df390413e236bf24cc80b av-styling- avia_animated_image av-animated-when-visible-95 right-to-left avia-align-center  avia-builder-el-5  avia-builder-el-no-sibling '   itemprop=\"image\" itemscope=\"itemscope\" itemtype=\"https:\/\/schema.org\/ImageObject\" ><div class=\"avia-image-container-inner\"><div class=\"avia-image-overlay-wrap\"><img decoding=\"async\" fetchpriority=\"high\" class='wp-image-56097 avia-img-lazy-loading-not-56097 avia_image ' src=\"https:\/\/www.danysoft.com\/wp-content\/uploads\/2014\/08\/certificaciones-300x300.jpg\" alt='' title='certificaciones'  height=\"300\" width=\"300\"  itemprop=\"thumbnailUrl\" srcset=\"https:\/\/www.danysoft.com\/wp-content\/uploads\/2014\/08\/certificaciones-300x300.jpg 300w, https:\/\/www.danysoft.com\/wp-content\/uploads\/2014\/08\/certificaciones-80x80.jpg 80w, https:\/\/www.danysoft.com\/wp-content\/uploads\/2014\/08\/certificaciones-768x768.jpg 768w, https:\/\/www.danysoft.com\/wp-content\/uploads\/2014\/08\/certificaciones-1030x1030.jpg 1030w, https:\/\/www.danysoft.com\/wp-content\/uploads\/2014\/08\/certificaciones-36x36.jpg 36w, https:\/\/www.danysoft.com\/wp-content\/uploads\/2014\/08\/certificaciones-180x180.jpg 180w, https:\/\/www.danysoft.com\/wp-content\/uploads\/2014\/08\/certificaciones.jpg 1500w, https:\/\/www.danysoft.com\/wp-content\/uploads\/2014\/08\/certificaciones-705x705.jpg 705w, https:\/\/www.danysoft.com\/wp-content\/uploads\/2014\/08\/certificaciones-120x120.jpg 120w, https:\/\/www.danysoft.com\/wp-content\/uploads\/2014\/08\/certificaciones-450x450.jpg 450w, https:\/\/www.danysoft.com\/wp-content\/uploads\/2014\/08\/certificaciones-600x600.jpg 600w\" sizes=\"(max-width: 300px) 100vw, 300px\" \/><\/div><\/div><\/div><\/div><\/div><\/div><\/main><!-- close content main element --><\/div><\/div><div id='after_section_1'  class='main_color av_default_container_wrap container_wrap sidebar_right'  ><div class='container av-section-cont-open' ><div class='template-page content  av-content-small alpha units'><div class='post-entry post-entry-type-page post-entry-59455'><div class='entry-content-wrapper clearfix'><\/div><\/div><\/div><!-- close content main div --><\/div><\/div><div id='av_section_2'  class='avia-section av-av_section-554eae667ec5e8144109e001304445f8 main_color avia-section-default avia-no-border-styling avia-bg-style-scroll container_wrap sidebar_right'  ><div class='container av-section-cont-open' ><div class='template-page content  av-content-small alpha units'><div class='post-entry post-entry-type-page post-entry-59455'><div class='entry-content-wrapper clearfix'>\n\n<style type=\"text\/css\" data-created_by=\"avia_inline_auto\" id=\"style-css-av-av_heading-69a08ca110bc220242a3804d38b16628\">\n#top .av-special-heading.av-av_heading-69a08ca110bc220242a3804d38b16628{\npadding-bottom:10px;\n}\nbody .av-special-heading.av-av_heading-69a08ca110bc220242a3804d38b16628 .av-special-heading-tag .heading-char{\nfont-size:25px;\n}\n.av-special-heading.av-av_heading-69a08ca110bc220242a3804d38b16628 .av-subheading{\nfont-size:15px;\n}\n<\/style>\n<div  class='av-special-heading av-av_heading-69a08ca110bc220242a3804d38b16628 av-special-heading-h3 meta-heading'><h3 class='av-special-heading-tag '  itemprop=\"headline\"  >Certifica\u00e7\u00f5es<\/h3><div class=\"special-heading-border\"><div class=\"special-heading-inner-border\"><\/div><\/div><\/div>\n\n<\/div><\/div><\/div><!-- close content main div --><\/div><\/div><div id='after_section_2'  class='main_color av_default_container_wrap container_wrap sidebar_right'  ><div class='container av-section-cont-open' ><div class='template-page content  av-content-small alpha units'><div class='post-entry post-entry-type-page post-entry-59455'><div class='entry-content-wrapper clearfix'>\n","protected":false},"excerpt":{"rendered":"<p>As certifica\u00e7\u00f5es protegem a capacidade t\u00e9cnica e a experi\u00eancia em projectos dos colaboradores que proporcionam os nossos servi\u00e7os<\/p>\n","protected":false},"author":1,"featured_media":0,"parent":59022,"menu_order":0,"comment_status":"closed","ping_status":"closed","template":"","meta":{"_acf_changed":false,"footnotes":""},"categories":[],"tags":[],"class_list":["post-59455","page","type-page","status-publish","hentry"],"acf":[],"yoast_head":"<!-- This site is optimized with the Yoast SEO plugin v27.3 - https:\/\/yoast.com\/product\/yoast-seo-wordpress\/ -->\n<title>Certifica\u00e7\u00f5es<\/title>\n<meta name=\"description\" content=\"As certifica\u00e7\u00f5es protegem a capacidade t\u00e9cnica e a experi\u00eancia em projectos dos colaboradores que proporcionam os nossos servi\u00e7os\" \/>\n<meta name=\"robots\" content=\"index, follow, max-snippet:-1, max-image-preview:large, max-video-preview:-1\" \/>\n<link rel=\"canonical\" href=\"https:\/\/www.danysoft.com\/pt-pt\/servicos\/certificacoes\/\" \/>\n<meta property=\"og:locale\" content=\"pt_PT\" \/>\n<meta property=\"og:type\" content=\"article\" \/>\n<meta property=\"og:title\" content=\"Certifica\u00e7\u00f5es\" \/>\n<meta property=\"og:description\" content=\"As certifica\u00e7\u00f5es protegem a capacidade t\u00e9cnica e a experi\u00eancia em projectos dos colaboradores que proporcionam os nossos servi\u00e7os\" \/>\n<meta property=\"og:url\" content=\"https:\/\/www.danysoft.com\/pt-pt\/servicos\/certificacoes\/\" \/>\n<meta property=\"og:site_name\" content=\"Danysoft\" \/>\n<meta property=\"article:publisher\" content=\"http:\/\/www.facebook.com\/danysoft\" \/>\n<meta property=\"article:modified_time\" content=\"2015-02-17T10:16:28+00:00\" \/>\n<meta name=\"twitter:card\" content=\"summary_large_image\" \/>\n<meta name=\"twitter:site\" content=\"@danysoft_es\" \/>\n<meta name=\"twitter:label1\" content=\"Tempo estimado de leitura\" \/>\n\t<meta name=\"twitter:data1\" content=\"1 minuto\" \/>\n<script type=\"application\/ld+json\" class=\"yoast-schema-graph\">{\"@context\":\"https:\\\/\\\/schema.org\",\"@graph\":[{\"@type\":\"WebPage\",\"@id\":\"https:\\\/\\\/www.danysoft.com\\\/pt-pt\\\/servicos\\\/certificacoes\\\/\",\"url\":\"https:\\\/\\\/www.danysoft.com\\\/pt-pt\\\/servicos\\\/certificacoes\\\/\",\"name\":\"Certifica\u00e7\u00f5es\",\"isPartOf\":{\"@id\":\"https:\\\/\\\/www.danysoft.com\\\/pt-pt\\\/#website\"},\"datePublished\":\"2014-08-25T22:15:32+00:00\",\"dateModified\":\"2015-02-17T10:16:28+00:00\",\"description\":\"As certifica\u00e7\u00f5es protegem a capacidade t\u00e9cnica e a experi\u00eancia em projectos dos colaboradores que proporcionam os nossos servi\u00e7os\",\"breadcrumb\":{\"@id\":\"https:\\\/\\\/www.danysoft.com\\\/pt-pt\\\/servicos\\\/certificacoes\\\/#breadcrumb\"},\"inLanguage\":\"pt-PT\",\"potentialAction\":[{\"@type\":\"ReadAction\",\"target\":[\"https:\\\/\\\/www.danysoft.com\\\/pt-pt\\\/servicos\\\/certificacoes\\\/\"]}]},{\"@type\":\"BreadcrumbList\",\"@id\":\"https:\\\/\\\/www.danysoft.com\\\/pt-pt\\\/servicos\\\/certificacoes\\\/#breadcrumb\",\"itemListElement\":[{\"@type\":\"ListItem\",\"position\":1,\"name\":\"Portada\",\"item\":\"https:\\\/\\\/www.danysoft.com\\\/pt-pt\\\/inicio-2-2-2\\\/\"},{\"@type\":\"ListItem\",\"position\":2,\"name\":\"Servi\u00e7os Profissionais\",\"item\":\"https:\\\/\\\/www.danysoft.com\\\/pt-pt\\\/servicos\\\/\"},{\"@type\":\"ListItem\",\"position\":3,\"name\":\"Certifica\u00e7\u00f5es\"}]},{\"@type\":\"WebSite\",\"@id\":\"https:\\\/\\\/www.danysoft.com\\\/pt-pt\\\/#website\",\"url\":\"https:\\\/\\\/www.danysoft.com\\\/pt-pt\\\/\",\"name\":\"Danysoft\",\"description\":\"Licencias software y servicios de formaci\u00f3n y consultor\u00eda necesarios para su correcto uso\",\"publisher\":{\"@id\":\"https:\\\/\\\/www.danysoft.com\\\/pt-pt\\\/#organization\"},\"potentialAction\":[{\"@type\":\"SearchAction\",\"target\":{\"@type\":\"EntryPoint\",\"urlTemplate\":\"https:\\\/\\\/www.danysoft.com\\\/pt-pt\\\/?s={search_term_string}\"},\"query-input\":{\"@type\":\"PropertyValueSpecification\",\"valueRequired\":true,\"valueName\":\"search_term_string\"}}],\"inLanguage\":\"pt-PT\"},{\"@type\":\"Organization\",\"@id\":\"https:\\\/\\\/www.danysoft.com\\\/pt-pt\\\/#organization\",\"name\":\"Danysoft\",\"url\":\"https:\\\/\\\/www.danysoft.com\\\/pt-pt\\\/\",\"logo\":{\"@type\":\"ImageObject\",\"inLanguage\":\"pt-PT\",\"@id\":\"https:\\\/\\\/www.danysoft.com\\\/pt-pt\\\/#\\\/schema\\\/logo\\\/image\\\/\",\"url\":\"https:\\\/\\\/www.danysoft.com\\\/wp-content\\\/uploads\\\/2018\\\/07\\\/danysoft.png\",\"contentUrl\":\"https:\\\/\\\/www.danysoft.com\\\/wp-content\\\/uploads\\\/2018\\\/07\\\/danysoft.png\",\"width\":1001,\"height\":309,\"caption\":\"Danysoft\"},\"image\":{\"@id\":\"https:\\\/\\\/www.danysoft.com\\\/pt-pt\\\/#\\\/schema\\\/logo\\\/image\\\/\"},\"sameAs\":[\"http:\\\/\\\/www.facebook.com\\\/danysoft\",\"https:\\\/\\\/x.com\\\/danysoft_es\",\"https:\\\/\\\/es.linkedin.com\\\/company\\\/danysoft\",\"https:\\\/\\\/www.youtube.com\\\/user\\\/danysoftech\"]}]}<\/script>\n<!-- \/ Yoast SEO plugin. -->","yoast_head_json":{"title":"Certifica\u00e7\u00f5es","description":"As certifica\u00e7\u00f5es protegem a capacidade t\u00e9cnica e a experi\u00eancia em projectos dos colaboradores que proporcionam os nossos servi\u00e7os","robots":{"index":"index","follow":"follow","max-snippet":"max-snippet:-1","max-image-preview":"max-image-preview:large","max-video-preview":"max-video-preview:-1"},"canonical":"https:\/\/www.danysoft.com\/pt-pt\/servicos\/certificacoes\/","og_locale":"pt_PT","og_type":"article","og_title":"Certifica\u00e7\u00f5es","og_description":"As certifica\u00e7\u00f5es protegem a capacidade t\u00e9cnica e a experi\u00eancia em projectos dos colaboradores que proporcionam os nossos servi\u00e7os","og_url":"https:\/\/www.danysoft.com\/pt-pt\/servicos\/certificacoes\/","og_site_name":"Danysoft","article_publisher":"http:\/\/www.facebook.com\/danysoft","article_modified_time":"2015-02-17T10:16:28+00:00","twitter_card":"summary_large_image","twitter_site":"@danysoft_es","twitter_misc":{"Tempo estimado de leitura":"1 minuto"},"schema":{"@context":"https:\/\/schema.org","@graph":[{"@type":"WebPage","@id":"https:\/\/www.danysoft.com\/pt-pt\/servicos\/certificacoes\/","url":"https:\/\/www.danysoft.com\/pt-pt\/servicos\/certificacoes\/","name":"Certifica\u00e7\u00f5es","isPartOf":{"@id":"https:\/\/www.danysoft.com\/pt-pt\/#website"},"datePublished":"2014-08-25T22:15:32+00:00","dateModified":"2015-02-17T10:16:28+00:00","description":"As certifica\u00e7\u00f5es protegem a capacidade t\u00e9cnica e a experi\u00eancia em projectos dos colaboradores que proporcionam os nossos servi\u00e7os","breadcrumb":{"@id":"https:\/\/www.danysoft.com\/pt-pt\/servicos\/certificacoes\/#breadcrumb"},"inLanguage":"pt-PT","potentialAction":[{"@type":"ReadAction","target":["https:\/\/www.danysoft.com\/pt-pt\/servicos\/certificacoes\/"]}]},{"@type":"BreadcrumbList","@id":"https:\/\/www.danysoft.com\/pt-pt\/servicos\/certificacoes\/#breadcrumb","itemListElement":[{"@type":"ListItem","position":1,"name":"Portada","item":"https:\/\/www.danysoft.com\/pt-pt\/inicio-2-2-2\/"},{"@type":"ListItem","position":2,"name":"Servi\u00e7os Profissionais","item":"https:\/\/www.danysoft.com\/pt-pt\/servicos\/"},{"@type":"ListItem","position":3,"name":"Certifica\u00e7\u00f5es"}]},{"@type":"WebSite","@id":"https:\/\/www.danysoft.com\/pt-pt\/#website","url":"https:\/\/www.danysoft.com\/pt-pt\/","name":"Danysoft","description":"Licencias software y servicios de formaci\u00f3n y consultor\u00eda necesarios para su correcto uso","publisher":{"@id":"https:\/\/www.danysoft.com\/pt-pt\/#organization"},"potentialAction":[{"@type":"SearchAction","target":{"@type":"EntryPoint","urlTemplate":"https:\/\/www.danysoft.com\/pt-pt\/?s={search_term_string}"},"query-input":{"@type":"PropertyValueSpecification","valueRequired":true,"valueName":"search_term_string"}}],"inLanguage":"pt-PT"},{"@type":"Organization","@id":"https:\/\/www.danysoft.com\/pt-pt\/#organization","name":"Danysoft","url":"https:\/\/www.danysoft.com\/pt-pt\/","logo":{"@type":"ImageObject","inLanguage":"pt-PT","@id":"https:\/\/www.danysoft.com\/pt-pt\/#\/schema\/logo\/image\/","url":"https:\/\/www.danysoft.com\/wp-content\/uploads\/2018\/07\/danysoft.png","contentUrl":"https:\/\/www.danysoft.com\/wp-content\/uploads\/2018\/07\/danysoft.png","width":1001,"height":309,"caption":"Danysoft"},"image":{"@id":"https:\/\/www.danysoft.com\/pt-pt\/#\/schema\/logo\/image\/"},"sameAs":["http:\/\/www.facebook.com\/danysoft","https:\/\/x.com\/danysoft_es","https:\/\/es.linkedin.com\/company\/danysoft","https:\/\/www.youtube.com\/user\/danysoftech"]}]}},"_links":{"self":[{"href":"https:\/\/www.danysoft.com\/pt-pt\/wp-json\/wp\/v2\/pages\/59455","targetHints":{"allow":["GET"]}}],"collection":[{"href":"https:\/\/www.danysoft.com\/pt-pt\/wp-json\/wp\/v2\/pages"}],"about":[{"href":"https:\/\/www.danysoft.com\/pt-pt\/wp-json\/wp\/v2\/types\/page"}],"author":[{"embeddable":true,"href":"https:\/\/www.danysoft.com\/pt-pt\/wp-json\/wp\/v2\/users\/1"}],"replies":[{"embeddable":true,"href":"https:\/\/www.danysoft.com\/pt-pt\/wp-json\/wp\/v2\/comments?post=59455"}],"version-history":[{"count":0,"href":"https:\/\/www.danysoft.com\/pt-pt\/wp-json\/wp\/v2\/pages\/59455\/revisions"}],"up":[{"embeddable":true,"href":"https:\/\/www.danysoft.com\/pt-pt\/wp-json\/wp\/v2\/pages\/59022"}],"wp:attachment":[{"href":"https:\/\/www.danysoft.com\/pt-pt\/wp-json\/wp\/v2\/media?parent=59455"}],"wp:term":[{"taxonomy":"category","embeddable":true,"href":"https:\/\/www.danysoft.com\/pt-pt\/wp-json\/wp\/v2\/categories?post=59455"},{"taxonomy":"post_tag","embeddable":true,"href":"https:\/\/www.danysoft.com\/pt-pt\/wp-json\/wp\/v2\/tags?post=59455"}],"curies":[{"name":"wp","href":"https:\/\/api.w.org\/{rel}","templated":true}]}}