{"id":59209,"date":"2014-08-24T23:01:52","date_gmt":"2014-08-24T21:01:52","guid":{"rendered":"http:\/\/www.danysoft.pt\/inicio\/politica-de-privacidad\/"},"modified":"2018-07-12T10:35:56","modified_gmt":"2018-07-12T08:35:56","slug":"politica-de-privacidade","status":"publish","type":"page","link":"https:\/\/www.danysoft.com\/pt-pt\/politica-de-privacidade\/","title":{"rendered":"Pol\u00edtica de Privacidade"},"content":{"rendered":"<div  class='flex_column av-17fd9xl-16d5f9de3c3b7e5219a21986d43df9fd av_one_full  avia-builder-el-0  avia-builder-el-no-sibling  first flex_column_div  '     ><p>\n<style type=\"text\/css\" data-created_by=\"avia_inline_auto\" id=\"style-css-av-jjiajrjs-0007ae5196501dd9a4262e02881ffc8c\">\n.avia-image-container.av-jjiajrjs-0007ae5196501dd9a4262e02881ffc8c img.avia_image{\nbox-shadow:none;\n}\n.avia-image-container.av-jjiajrjs-0007ae5196501dd9a4262e02881ffc8c .av-image-caption-overlay-center{\ncolor:#ffffff;\n}\n<\/style>\n<div  class='avia-image-container av-jjiajrjs-0007ae5196501dd9a4262e02881ffc8c av-styling- avia-align-center  avia-builder-el-1  el_before_av_hr  avia-builder-el-first '   itemprop=\"image\" itemscope=\"itemscope\" itemtype=\"https:\/\/schema.org\/ImageObject\" ><div class=\"avia-image-container-inner\"><div class=\"avia-image-overlay-wrap\"><img decoding=\"async\" fetchpriority=\"high\" class='wp-image-126176 avia-img-lazy-loading-not-126176 avia_image ' src=\"https:\/\/www.danysoft.com\/wp-content\/uploads\/2018\/05\/shield-8192-x-2286px-higher-1500x430.jpg\" alt='' title='shield-8192-x-2286px-higher'  height=\"430\" width=\"1500\"  itemprop=\"thumbnailUrl\"  \/><\/div><\/div><\/div><br \/>\n<div  class='hr av-jjiafl4t-0527a25fa4439c954adaff27e1801be9 hr-default  avia-builder-el-2  el_after_av_image  el_before_av_textblock '><span class='hr-inner '><span class=\"hr-inner-style\"><\/span><\/span><\/div><br \/>\n<section  class='av_textblock_section av-n50u5l-fec16a44e0cb0099c5d39775bc758b9f '   itemscope=\"itemscope\" itemtype=\"https:\/\/schema.org\/CreativeWork\" ><div class='avia_textblock'  itemprop=\"text\" ><ol>\n<li><strong>INFORMA\u00c7\u00c3O DO USU\u00c1RIO<\/strong><\/li>\n<\/ol>\n<p><strong>A DANYSOFT INTERNACIONAL SL<\/strong>, doravante denominada CONTROLADOR DE DADOS, \u00e9 respons\u00e1vel pelo processamento dos dados pessoais do usu\u00e1rio e informa que esses dados ser\u00e3o processados em conformidade com as disposi\u00e7\u00f5es do Regulamento (UE) 2016\/679 de 27 de abril de 2016 (GDPR) relativo \u00e0 prote\u00e7\u00e3o das pessoas singulares no que diz respeito ao tratamento de dados pessoais e \u00e0 livre circula\u00e7\u00e3o desses dados, pelo que estas informa\u00e7\u00f5es sobre o tratamento s\u00e3o fornecidas a ele\/ela:<\/p>\n<p>Finalidade do processamento: manter uma rela\u00e7\u00e3o comercial com o usu\u00e1rio. O plano de opera\u00e7\u00f5es de processamento s\u00e3o:<\/p>\n<p>Envio de comunica\u00e7\u00f5es publicit\u00e1rias comerciais por e-mail, fax, SMS, MMS, Comunidades sociais ou por quaisquer outros meios eletr\u00f4nicos ou f\u00edsicos, presentes ou futuros, que permitam a realiza\u00e7\u00e3o de comunica\u00e7\u00f5es comerciais. Essas comunica\u00e7\u00f5es ser\u00e3o feitas pelo CONTROLADOR DE DADOS e ser\u00e3o relacionadas aos seus produtos e servi\u00e7os, ou aos de seus parceiros ou fornecedores com os quais ele\/ela tenha alcan\u00e7ado um acordo de promo\u00e7\u00e3o. Neste caso, os terceiros nunca ter\u00e3o acesso a dados pessoais.<\/p>\n<p>Realiza\u00e7\u00e3o de estudos estat\u00edsticos.<\/p>\n<p>Processamento de pedidos, consultas ou qualquer tipo de solicita\u00e7\u00e3o feita pelo usu\u00e1rio atrav\u00e9s de qualquer um dos m\u00e9todos de contato dispon\u00edveis.<\/p>\n<p>Envio do boletim informativo do site.<\/p>\n<p><strong>Crit\u00e9rios de reten\u00e7\u00e3o de dados<\/strong>: os dados ser\u00e3o armazenados enquanto houver interesse m\u00fatuo em manter a finalidade do processamento. Quando tal prop\u00f3sito n\u00e3o for mais necess\u00e1rio, os dados ser\u00e3o apagados com as medidas de seguran\u00e7a apropriadas para garantir a pseudonimiza\u00e7\u00e3o ou a completa destrui\u00e7\u00e3o dos dados.<\/p>\n<p>Divulga\u00e7\u00e3o de dados: Os dados n\u00e3o ser\u00e3o divulgados a terceiros, a menos que legalmente haja a obriga\u00e7\u00e3o a faz\u00ea-lo.<\/p>\n<p><strong>Direitos do usu\u00e1rio:<\/strong><\/p>\n<p>Direito de retirar o consentimento em qualquer momento.<\/p>\n<p>Direito de acesso, retifica\u00e7\u00e3o, portabilidade e elimina\u00e7\u00e3o dos seus dados e restri\u00e7\u00e3o ou oposi\u00e7\u00e3o ao seu processamento.<\/p>\n<p>Direito de apresentar uma queixa \u00e0 autoridade de supervis\u00e3o (agpd.es) se considerar que o processamento n\u00e3o est\u00e1 em conformidade com a legisla\u00e7\u00e3o atual.<\/p>\n<p><strong>Informa\u00e7\u00f5es de contato para o exerc\u00edcio de seus direitos:<\/strong><\/p>\n<p>Endere\u00e7o postal: DANYSOFT INTERNACIONAL SL. AVENIDA DE LA INDUSTRIA, EDIFICIO 1<\/p>\n<p>PLANTA 3, 4 28108 ALCOBENDAS (MADRID). Email: <a href=\"mailto:attcliente@danysoft.es\">attcliente@danysoft.es<\/a> Email: <a href=\"mailto:attcliente@danysoft.es\">attcliente@danysoft.es<\/a><\/p>\n<p><strong>\u00a0<\/strong><strong>NATUREZA OBRIGAT\u00d3RIA OU OPCIONAL DAS INFORMA\u00c7\u00d5ES FORNECIDAS PELO USU\u00c1RIO<\/strong><\/p>\n<p>Os Usu\u00e1rios, marcando as caixas correspondentes e inserindo dados nos campos, marcados com um asterisco (*) no formul\u00e1rio de contato ou nos formul\u00e1rios de download, aceitam expressamente e de maneira inequ\u00edvoca e livre que seus dados sejam necess\u00e1rios para que o fornecedor atenda \u00e0s suas necessidades, fornecendo voluntariamente seus dados nos campos restantes. O usu\u00e1rio garante que os dados pessoais fornecidos ao CONTROLADOR DE DADOS s\u00e3o verdadeiros e \u00e9 respons\u00e1vel por comunicar quaisquer altera\u00e7\u00f5es nos mesmos.<\/p>\n<p>O CONTROLADOR DE DADOS informa e garante expressamente aos usu\u00e1rios que seus dados pessoais n\u00e3o ser\u00e3o transferidos a terceiros sob nenhuma circunst\u00e2ncia, e que sempre que qualquer tipo de transfer\u00eancia de dados pessoais for feito, o consentimento expresso, informado e inequ\u00edvoco dos Usu\u00e1rios ser\u00e1 solicitado com anteced\u00eancia.\u00a0 Todos os dados solicitados atrav\u00e9s do site s\u00e3o obrigat\u00f3rios, pois s\u00e3o necess\u00e1rios para a presta\u00e7\u00e3o de um servi\u00e7o ideal para o usu\u00e1rio. No caso de nem todos os dados serem fornecidos, n\u00e3o h\u00e1 garantia de que as informa\u00e7\u00f5es e os servi\u00e7os fornecidos ser\u00e3o completamente adaptados \u00e0s necessidades do usu\u00e1rio.<\/p>\n<ol start=\"3\">\n<li><strong>MEDIDAS DE SEGURAN\u00c7A<\/strong><\/li>\n<\/ol>\n<p>Em concord\u00e2ncia com as disposi\u00e7\u00f5es dos regulamentos atuais sobre a prote\u00e7\u00e3o de dados pessoais, o CONTROLADOR DE DADOS est\u00e1 cumprindo todas as disposi\u00e7\u00f5es dos regulamentos GDPR para processar os dados pessoais pelos quais \u00e9 respons\u00e1vel e est\u00e1 cumprindo manifestamente os princ\u00edpios descritos no artigo 5\u00ba do GDPR, pelo qual s\u00e3o processados ??de forma l\u00edcita, justa e transparente em rela\u00e7\u00e3o ao titular dos dados e apropriados, relevantes e limitados ao que \u00e9 necess\u00e1rio em rela\u00e7\u00e3o aos fins para os quais s\u00e3o processados.<\/p>\n<p>O CONTROLADOR DE DADOS garante que todas as pol\u00edticas t\u00e9cnicas e organizacionais apropriadas foram implementadas para aplicar as medidas de seguran\u00e7a estabelecidas pelo GDPR, a fim de proteger os direitos e liberdades dos Usu\u00e1rios, e comunicou as informa\u00e7\u00f5es apropriadas para que eles possam exercer seus direitos e liberdades.<\/p>\n<\/div><\/section><\/p><\/div>\n","protected":false},"excerpt":{"rendered":"","protected":false},"author":1,"featured_media":0,"parent":0,"menu_order":0,"comment_status":"closed","ping_status":"closed","template":"","meta":{"_acf_changed":false,"footnotes":""},"categories":[],"tags":[],"class_list":["post-59209","page","type-page","status-publish","hentry"],"acf":[],"yoast_head":"<!-- This site is optimized with the Yoast SEO plugin v27.3 - https:\/\/yoast.com\/product\/yoast-seo-wordpress\/ -->\n<title>Pol\u00edtica de Privacidade<\/title>\n<meta name=\"robots\" content=\"index, follow, max-snippet:-1, max-image-preview:large, max-video-preview:-1\" \/>\n<link rel=\"canonical\" href=\"https:\/\/www.danysoft.com\/pt-pt\/politica-de-privacidade\/\" \/>\n<meta property=\"og:locale\" content=\"pt_PT\" \/>\n<meta property=\"og:type\" content=\"article\" \/>\n<meta property=\"og:title\" content=\"Pol\u00edtica de Privacidade\" \/>\n<meta property=\"og:url\" content=\"https:\/\/www.danysoft.com\/pt-pt\/politica-de-privacidade\/\" \/>\n<meta property=\"og:site_name\" content=\"Danysoft\" \/>\n<meta property=\"article:publisher\" content=\"http:\/\/www.facebook.com\/danysoft\" \/>\n<meta property=\"article:modified_time\" content=\"2018-07-12T08:35:56+00:00\" \/>\n<meta name=\"twitter:card\" content=\"summary_large_image\" \/>\n<meta name=\"twitter:site\" content=\"@danysoft_es\" \/>\n<meta name=\"twitter:label1\" content=\"Tempo estimado de leitura\" \/>\n\t<meta name=\"twitter:data1\" content=\"5 minutos\" \/>\n<script type=\"application\/ld+json\" class=\"yoast-schema-graph\">{\"@context\":\"https:\\\/\\\/schema.org\",\"@graph\":[{\"@type\":\"WebPage\",\"@id\":\"https:\\\/\\\/www.danysoft.com\\\/pt-pt\\\/politica-de-privacidade\\\/\",\"url\":\"https:\\\/\\\/www.danysoft.com\\\/pt-pt\\\/politica-de-privacidade\\\/\",\"name\":\"Pol\u00edtica de Privacidade\",\"isPartOf\":{\"@id\":\"https:\\\/\\\/www.danysoft.com\\\/pt-pt\\\/#website\"},\"datePublished\":\"2014-08-24T21:01:52+00:00\",\"dateModified\":\"2018-07-12T08:35:56+00:00\",\"breadcrumb\":{\"@id\":\"https:\\\/\\\/www.danysoft.com\\\/pt-pt\\\/politica-de-privacidade\\\/#breadcrumb\"},\"inLanguage\":\"pt-PT\",\"potentialAction\":[{\"@type\":\"ReadAction\",\"target\":[\"https:\\\/\\\/www.danysoft.com\\\/pt-pt\\\/politica-de-privacidade\\\/\"]}]},{\"@type\":\"BreadcrumbList\",\"@id\":\"https:\\\/\\\/www.danysoft.com\\\/pt-pt\\\/politica-de-privacidade\\\/#breadcrumb\",\"itemListElement\":[{\"@type\":\"ListItem\",\"position\":1,\"name\":\"Portada\",\"item\":\"https:\\\/\\\/www.danysoft.com\\\/pt-pt\\\/inicio-2-2-2\\\/\"},{\"@type\":\"ListItem\",\"position\":2,\"name\":\"Pol\u00edtica de Privacidade\"}]},{\"@type\":\"WebSite\",\"@id\":\"https:\\\/\\\/www.danysoft.com\\\/pt-pt\\\/#website\",\"url\":\"https:\\\/\\\/www.danysoft.com\\\/pt-pt\\\/\",\"name\":\"Danysoft\",\"description\":\"Licencias software y servicios de formaci\u00f3n y consultor\u00eda necesarios para su correcto uso\",\"publisher\":{\"@id\":\"https:\\\/\\\/www.danysoft.com\\\/pt-pt\\\/#organization\"},\"potentialAction\":[{\"@type\":\"SearchAction\",\"target\":{\"@type\":\"EntryPoint\",\"urlTemplate\":\"https:\\\/\\\/www.danysoft.com\\\/pt-pt\\\/?s={search_term_string}\"},\"query-input\":{\"@type\":\"PropertyValueSpecification\",\"valueRequired\":true,\"valueName\":\"search_term_string\"}}],\"inLanguage\":\"pt-PT\"},{\"@type\":\"Organization\",\"@id\":\"https:\\\/\\\/www.danysoft.com\\\/pt-pt\\\/#organization\",\"name\":\"Danysoft\",\"url\":\"https:\\\/\\\/www.danysoft.com\\\/pt-pt\\\/\",\"logo\":{\"@type\":\"ImageObject\",\"inLanguage\":\"pt-PT\",\"@id\":\"https:\\\/\\\/www.danysoft.com\\\/pt-pt\\\/#\\\/schema\\\/logo\\\/image\\\/\",\"url\":\"https:\\\/\\\/www.danysoft.com\\\/wp-content\\\/uploads\\\/2018\\\/07\\\/danysoft.png\",\"contentUrl\":\"https:\\\/\\\/www.danysoft.com\\\/wp-content\\\/uploads\\\/2018\\\/07\\\/danysoft.png\",\"width\":1001,\"height\":309,\"caption\":\"Danysoft\"},\"image\":{\"@id\":\"https:\\\/\\\/www.danysoft.com\\\/pt-pt\\\/#\\\/schema\\\/logo\\\/image\\\/\"},\"sameAs\":[\"http:\\\/\\\/www.facebook.com\\\/danysoft\",\"https:\\\/\\\/x.com\\\/danysoft_es\",\"https:\\\/\\\/es.linkedin.com\\\/company\\\/danysoft\",\"https:\\\/\\\/www.youtube.com\\\/user\\\/danysoftech\"]}]}<\/script>\n<!-- \/ Yoast SEO plugin. -->","yoast_head_json":{"title":"Pol\u00edtica de Privacidade","robots":{"index":"index","follow":"follow","max-snippet":"max-snippet:-1","max-image-preview":"max-image-preview:large","max-video-preview":"max-video-preview:-1"},"canonical":"https:\/\/www.danysoft.com\/pt-pt\/politica-de-privacidade\/","og_locale":"pt_PT","og_type":"article","og_title":"Pol\u00edtica de Privacidade","og_url":"https:\/\/www.danysoft.com\/pt-pt\/politica-de-privacidade\/","og_site_name":"Danysoft","article_publisher":"http:\/\/www.facebook.com\/danysoft","article_modified_time":"2018-07-12T08:35:56+00:00","twitter_card":"summary_large_image","twitter_site":"@danysoft_es","twitter_misc":{"Tempo estimado de leitura":"5 minutos"},"schema":{"@context":"https:\/\/schema.org","@graph":[{"@type":"WebPage","@id":"https:\/\/www.danysoft.com\/pt-pt\/politica-de-privacidade\/","url":"https:\/\/www.danysoft.com\/pt-pt\/politica-de-privacidade\/","name":"Pol\u00edtica de Privacidade","isPartOf":{"@id":"https:\/\/www.danysoft.com\/pt-pt\/#website"},"datePublished":"2014-08-24T21:01:52+00:00","dateModified":"2018-07-12T08:35:56+00:00","breadcrumb":{"@id":"https:\/\/www.danysoft.com\/pt-pt\/politica-de-privacidade\/#breadcrumb"},"inLanguage":"pt-PT","potentialAction":[{"@type":"ReadAction","target":["https:\/\/www.danysoft.com\/pt-pt\/politica-de-privacidade\/"]}]},{"@type":"BreadcrumbList","@id":"https:\/\/www.danysoft.com\/pt-pt\/politica-de-privacidade\/#breadcrumb","itemListElement":[{"@type":"ListItem","position":1,"name":"Portada","item":"https:\/\/www.danysoft.com\/pt-pt\/inicio-2-2-2\/"},{"@type":"ListItem","position":2,"name":"Pol\u00edtica de Privacidade"}]},{"@type":"WebSite","@id":"https:\/\/www.danysoft.com\/pt-pt\/#website","url":"https:\/\/www.danysoft.com\/pt-pt\/","name":"Danysoft","description":"Licencias software y servicios de formaci\u00f3n y consultor\u00eda necesarios para su correcto uso","publisher":{"@id":"https:\/\/www.danysoft.com\/pt-pt\/#organization"},"potentialAction":[{"@type":"SearchAction","target":{"@type":"EntryPoint","urlTemplate":"https:\/\/www.danysoft.com\/pt-pt\/?s={search_term_string}"},"query-input":{"@type":"PropertyValueSpecification","valueRequired":true,"valueName":"search_term_string"}}],"inLanguage":"pt-PT"},{"@type":"Organization","@id":"https:\/\/www.danysoft.com\/pt-pt\/#organization","name":"Danysoft","url":"https:\/\/www.danysoft.com\/pt-pt\/","logo":{"@type":"ImageObject","inLanguage":"pt-PT","@id":"https:\/\/www.danysoft.com\/pt-pt\/#\/schema\/logo\/image\/","url":"https:\/\/www.danysoft.com\/wp-content\/uploads\/2018\/07\/danysoft.png","contentUrl":"https:\/\/www.danysoft.com\/wp-content\/uploads\/2018\/07\/danysoft.png","width":1001,"height":309,"caption":"Danysoft"},"image":{"@id":"https:\/\/www.danysoft.com\/pt-pt\/#\/schema\/logo\/image\/"},"sameAs":["http:\/\/www.facebook.com\/danysoft","https:\/\/x.com\/danysoft_es","https:\/\/es.linkedin.com\/company\/danysoft","https:\/\/www.youtube.com\/user\/danysoftech"]}]}},"_links":{"self":[{"href":"https:\/\/www.danysoft.com\/pt-pt\/wp-json\/wp\/v2\/pages\/59209","targetHints":{"allow":["GET"]}}],"collection":[{"href":"https:\/\/www.danysoft.com\/pt-pt\/wp-json\/wp\/v2\/pages"}],"about":[{"href":"https:\/\/www.danysoft.com\/pt-pt\/wp-json\/wp\/v2\/types\/page"}],"author":[{"embeddable":true,"href":"https:\/\/www.danysoft.com\/pt-pt\/wp-json\/wp\/v2\/users\/1"}],"replies":[{"embeddable":true,"href":"https:\/\/www.danysoft.com\/pt-pt\/wp-json\/wp\/v2\/comments?post=59209"}],"version-history":[{"count":0,"href":"https:\/\/www.danysoft.com\/pt-pt\/wp-json\/wp\/v2\/pages\/59209\/revisions"}],"wp:attachment":[{"href":"https:\/\/www.danysoft.com\/pt-pt\/wp-json\/wp\/v2\/media?parent=59209"}],"wp:term":[{"taxonomy":"category","embeddable":true,"href":"https:\/\/www.danysoft.com\/pt-pt\/wp-json\/wp\/v2\/categories?post=59209"},{"taxonomy":"post_tag","embeddable":true,"href":"https:\/\/www.danysoft.com\/pt-pt\/wp-json\/wp\/v2\/tags?post=59209"}],"curies":[{"name":"wp","href":"https:\/\/api.w.org\/{rel}","templated":true}]}}