{"id":59207,"date":"2014-11-19T23:23:24","date_gmt":"2014-11-19T22:23:24","guid":{"rendered":"http:\/\/www.danysoft.pt\/inicio\/informacion-importante-del-cliente\/"},"modified":"2019-06-19T14:56:03","modified_gmt":"2019-06-19T12:56:03","slug":"informacao-importante-para-o-cliente","status":"publish","type":"page","link":"https:\/\/www.danysoft.com\/pt-pt\/informacao-importante-para-o-cliente\/","title":{"rendered":"Informa\u00e7\u00e3o importante para o cliente"},"content":{"rendered":"<div id='av_section_1'  class='avia-section av-114tu93-6c11f8ccf8a83e28c251c0b175805732 main_color avia-section-default avia-no-shadow  avia-builder-el-0  avia-builder-el-no-sibling  avia-bg-style-scroll container_wrap sidebar_right'  ><div class='container av-section-cont-open' ><main  role=\"main\" itemprop=\"mainContentOfPage\"  class='template-page content  av-content-small alpha units'><div class='post-entry post-entry-type-page post-entry-59207'><div class='entry-content-wrapper clearfix'>\n<section  class='av_textblock_section av-k02wp3-683821016a7b9f5a24d5e88d8161b202 '   itemscope=\"itemscope\" itemtype=\"https:\/\/schema.org\/CreativeWork\" ><div class='avia_textblock'  itemprop=\"text\" ><p><strong>\u00a0Direito de desist\u00eancia \u00a0\u00a0\u00a0\u00a0\u00a0\u00a0\u00a0\u00a0\u00a0\u00a0\u00a0\u00a0\u00a0\u00a0\u00a0 <\/strong><\/p>\n<p><strong>Documento de informa\u00e7\u00e3o sobre a desist\u00eancia<\/strong><\/p>\n<p>Tem direito a desistir do presente contrato num prazo de 14 dias naturais sem necessidade de justifica\u00e7\u00e3o.O prazo de desist\u00eancia expira aos 14 dias naturais apartir da data de adquisi\u00e7\u00e3o.Para exercer o direito de desist\u00eancia, dever\u00e1 notificar-nos (com o seu nome, endere\u00e7o completo, telefone, e-mail e se disp\u00f5e n\u00ba de fax) a sua decis\u00e3o de desistir do contrato atrav\u00e9s de uma declara\u00e7\u00e3o inequ\u00edvoca (por exemplo, uma carta enviada por correio postal, fax ou e-mail).Para cumprir o prazo de desist\u00eancia, basta com a comunica\u00e7\u00e3o relativa ao exerc\u00edcio pela sua parte de este direito seja enviada antes que ven\u00e7a o prazo correspondente.<\/p>\n<div id=\"Text16529499\">\n<p><strong>Consequ\u00eancias da desist\u00eancia <\/strong><\/p>\n<p>No caso de desist\u00eancia pela sua parte, devolvemos-lhe todos os pagos recebidos, sem nenhuma demora indevida, em todo caso, como muito tarde 14 dias naturais a partir da data em que se nos informa a sua decis\u00e3o de desistir do presente contrato. Procederemos a efectuar o reembolso, utilizando o mesmo meio de pagamento utilizado para a transac\u00e7\u00e3o inicial, a n\u00e3o ser que haja exposto expressamente o contr\u00e1rio; en todo caso, n\u00e3o haver\u00e1 nenhum gasto como consequ\u00eancia do reembolso.<\/p>\n<p><strong>Excep\u00e7\u00f5es ao direito de desist\u00eancia <\/strong><\/p>\n<p>O direito de desist\u00eancia n\u00e3o ser\u00e1 aplicado aos contratos que se referem a:<\/p>\n<ol>\n<li>A presta\u00e7\u00e3o de servi\u00e7os, uma vez que o servi\u00e7o haja sido completamente executado, quando a execu\u00e7\u00e3o haja come\u00e7ado. Com pr\u00e9vio consentimento expresso do consumidor e usu\u00e1rio e com o reconhecimento pela sua parte de que \u00e9 consciente de que, uma vez que o contrato foi completamente executado pelo empres\u00e1rio, haver\u00e1 perdido o seu direito de desist\u00eancia.<\/li>\n<li>O subministro de bens confeccionados conforme as especifica\u00e7\u00f5es do consumidor usu\u00e1rio ou claramente personalizados.<\/li>\n<li>O subministro do conte\u00fado digitalque n\u00e3o se preste num suporte material quando a execu\u00e7\u00e3o haja come\u00e7ado com o pr\u00e9vio consentimento expresso do consumidor e usu\u00e1rio com o conhecimento pela sua parte de que em consequ\u00eancia perde o seu direito de desist\u00eancia.<\/li>\n<\/ol>\n<hr \/>\n<p><strong>Beneficios de ser cliente<\/strong><\/p>\n<p>Em Danysoft garantimos a protec\u00e7\u00e3o dos dados dos nossos clientes.Danysoft garante que os dados pessoais (nome, telefone, endere\u00e7o postal, e-mail&#8230;) facultados ser\u00e3o utilizados exclusivamente para o motivo pelo qual foram solicitados. Com o fim de melhorar o servi\u00e7o e adapt\u00e1-lo \u00e0s prefer\u00eancias do usu\u00e1rio, o sistema e-commerce Danysoft utiliza \u201ccookies\u201d na navega\u00e7\u00e3o interna. O usu\u00e1rio pode optar por configurar o seu navegador do modo que avise a recep\u00e7\u00e3o das \u201ccookies\u201d e impe\u00e7a que se instalem no disco r\u00edgido. No caso de que o usu\u00e1rio solicite informa\u00e7\u00e3o sobre servi\u00e7os, produtos, ou deseje tramitar reclama\u00e7\u00f5es ou incid\u00eancias, ser\u00e1 necess\u00e1rio solicitar dados pessoais imprescind\u00edveis para poder atender a sua solicitude.Danysoft assegura a confidencialidade dos dados facultados, que ser\u00e3o incorporados a um ficheiro autom\u00e1tico. O interessado tem direito a obter a informa\u00e7\u00e3o de estes dados, a opor-se ao seu tratamento, assim como solicitar a sua rectifica\u00e7\u00e3o ou cancelamento, se n\u00e3o fossem exactos ou incompletos, enviando un e-mail a <a href=\"mailto:info@danysoft.com\">info@danysoft.com<\/a> com os dados que deseja eliminar do nosso sistema, nos t\u00e9rminos que prev\u00ea a Lei de Protec\u00e7\u00e3o de Dados de Car\u00e1cter Pessoal.<\/p>\n<p>Em Danysoft somos conscientes da necessidade de garantir o fluxo de informa\u00e7\u00e3o com os nossos clientes. Por este motivo, dispomos de medidas para garantir a seguran\u00e7a e confidencialidade do sistema. A informa\u00e7\u00e3o que se transmite pela rede est\u00e1 oculta mediante o protocolo SSL e senhas de 128 btis. O cifrado \u00e9 um processo que assegura que a informa\u00e7\u00e3o enviada s\u00f3 \u00e9 intelig\u00edvel para o PC do usu\u00e1rio e o servidor do Grupo Danysoft. Assim evita-se que terceiros possam ver ou capturar a informa\u00e7\u00e3o que se intercambia. O servidor Danysoft foi certificado pela autoridade certificadora internacional Verisign, que garante ao cliente que se est\u00e1 a conectar realmente a Danysoft de forma segura. O navegador informa que a conex\u00e3o \u00e9 realmente segura quando mostra um cadeado na parte inferior do ecr\u00e3.<\/p>\n<hr \/>\n<p><strong>Recomenda\u00e7\u00f5es de seguran\u00e7a<\/strong><\/p>\n<p><strong>\u00a0<\/strong>Com o objectivo de elevar a sua seguran\u00e7a na navega\u00e7\u00e3o em Internet, fazemos-lhe as seguintes recomenda\u00e7\u00f5es: Mantenha sempre actualizado o software do seu navegador, para faz\u00ea-lo, pode conectar-se \u00e0 web do provedor correspondente:<\/p>\n<ul>\n<li>Internet Explorer: www.microsoft.com<\/li>\n<li>FireFox: <\/li>\n<\/ul>\n<p>N\u00e3o ponha o seu e-mail e palavra-passe se \u00e0 volta tem alguma pessoa que possa distingui-los.Evite usar PC`s de s\u00edtios p\u00fablicos ou que possam ser usados por terceiras pessoas.A escolha da sua palavra-passe pode refor\u00e7ar a sua seguran\u00e7a. Evite usar n\u00fameros facilmente deduz\u00edveis (p.e. data de nascimento) ou lev\u00e1-los anotados. Finalmente, se disp\u00f5e de uma vers\u00e3o de Netscape Communicator anterior \u00e0 vers\u00e3o 4.5, ou de Internet Explorer anterior \u00e0 vers\u00e3o 5.x, recomendamos-lhe que o actualize j\u00e1 que, desde o dia 1 de Janeiro de 2000, ao visitar webs que utilizam navega\u00e7\u00e3o segura (https) com certificado emitido por Verisign, visualiza um ecr\u00e3 de di\u00e1logo que o certificado de raiz da CA (Certification Authority) expirou. A informa\u00e7\u00e3o sobre a vers\u00e3o do seu navegador pode encontr\u00e1-la na op\u00e7\u00e3o de ajuda na barra superior do programa (acerca de&#8230;).<\/p>\n<p><strong>Politica de privacidade\u00a0\u00a0\u00a0\u00a0\u00a0\u00a0\u00a0\u00a0\u00a0\u00a0 <\/strong><\/p>\n<p>Danysoft garante que os dados pessoais (nome, telefone, endere\u00e7o postal, e-mail&#8230;) facultados ser\u00e3o utilizados exclusivamente para o motivo pelo qual foram solicitados. Com o fim de melhorar o servi\u00e7o e adapt\u00e1-lo \u00e0s prefer\u00eancias do usu\u00e1rio, o sistema e-commerce Danysoft utiliza \u201ccookies\u201d na navega\u00e7\u00e3o interna. O usu\u00e1rio pode optar por configurar o seu navegador do modo que avise a recep\u00e7\u00e3o das \u201ccookies\u201d e impe\u00e7a que se instalem no disco r\u00edgido. No caso de que o usu\u00e1rio solicite informa\u00e7\u00e3o sobre servi\u00e7os, produtos, ou deseje tramitar reclama\u00e7\u00f5es ou incid\u00eancias, ser\u00e1 necess\u00e1rio solicitar dados pessoais imprescind\u00edveis para poder atender a sua solicitude.<\/p>\n<p>Danysoft assegura a confidencialidade dos dados facultados, que ser\u00e3o incorporados a um ficheiro autom\u00e1tico. O interessado autoriza o Grupo Danysoft para que possa ceder os dados pessoais \u00e0s sociedades do seu grupo com finalidades comerciais e operativas. O interessado tem direito a obter a informa\u00e7\u00e3o de estes dados, a opor-se ao seu tratamento, assim como solicitar a sua rectifica\u00e7\u00e3o ou cancelamento, se n\u00e3o fossem exactos ou incompletos, enviando un e-mail a <a href=\"mailto:info@danysoft.com\">info@danysoft.com<\/a> com os dados que deseja eliminar do nosso sistema, nos t\u00e9rminos que prev\u00ea a Lei de Protec\u00e7\u00e3o de Dados de Car\u00e1cter Pessoal.<\/p>\n<p><strong>M\u00e9todos de pagamento<\/strong><\/p>\n<p><strong>\u00a0<\/strong>Danysoft utiliza os m\u00e9todos mais seguros que garantem que as compras se realizem com a total fiabilidade e confidencialidade, reservando todos os seus dados. Para isso, independentemente do m\u00e9todo de pagamento que utilize, todas as suas compras se realizam mediante um servidor seguro, que encripta e protege toda a informa\u00e7\u00e3o. Somos conhecedores das diferentes realidades dos nossos clientes e por isso tentamos chegar a todos, oferecendo duas possibilidades para que seleccionem o m\u00e9todo que mais se adapte \u00e0s suas necessidades.<\/p>\n<p>Cart\u00e3o de cr\u00e9dito com servidor seguro Danysoft: Danysoft disp\u00f5e de servidor seguro, certificado por uma das companhias com mais fama do sector das comunica\u00e7\u00f5es seguras. Neste caso envia-nos os dados encriptados, de tal forma que ningu\u00e9m possa aceder a eles. Admitimos os cart\u00f5es de cr\u00e9dito mais populares.<\/p>\n<p>Transferencia banc\u00e1ria: enviando copia da mesma por fax, e depois da recep\u00e7\u00e3o da misma tramita-se o pedido. Dados banc\u00e1rios:<\/p>\n<p>Cart\u00e3o de cr\u00e9dito com servidor seguro Danysoft: Danysoft disp\u00f5e de servidor seguro, certificado por uma das companhias com mais fama do sector das comunica\u00e7\u00f5es seguras. Neste caso envia-nos os dados encriptados, de tal forma que ningu\u00e9m possa aceder a eles. Admitimos os cart\u00f5es de cr\u00e9dito mais populares.<\/p>\n<p>Transfer\u00eancia banc\u00e1ria: enviando copia da mesma por fax, e depois da recep\u00e7\u00e3o da mesma tramita-se o pedido. Dados banc\u00e1rios:<\/p>\n<p><strong>Portugal<\/strong> | Caixa Geral de Depositos | 0035 0001 0001 189090325 | IBAN PT50 0035 0001 0001 189090325<\/p>\n<p>Uma vez finalizado o processo de pedido, Danysoft confirmar\u00e1 a sua compra asigando-lhe un n\u00ba de pedid, que deve utilizar para qualquer reclama\u00e7\u00e3o ou para o seguimento da sua compra. Tamb\u00e9m, enviar-lhe-emos uma mensagem por e-mail com a confirma\u00e7\u00e3o de que Danysoft recebeu o seu pedido e com a verifica\u00e7\u00e3o dos dados.<\/p>\n<hr \/>\n<p><strong>M\u00e9todos de envio<\/strong><\/p>\n<p>Nossa meta \u00e9 a satisfa\u00e7\u00e3o do cliente e por isso trabalhamos com as melhores companhias. Por outra parte o cliente tem v\u00e1rios m\u00e9todos de envio por onde escolher:<\/p>\n<p>Transportadora Espanha (Peninsula). Trasnportadora Espanha (Baleares). Transportadora Espanha (Canarias). Transporatora Portugal. Tamb\u00e9m existem as op\u00e7\u00f5es de recolh\u00ea-lo nos nossos escrit\u00f3rios; indicar a sua transportadora, em cujo caso os gastos de envio ser\u00e3o devidos, ou outros casos; donde o custo \u00e9 nulo. Preste tamb\u00e9m aten\u00e7\u00e3o \u00e0s ofertas de envio que se p\u00f5em em promo\u00e7\u00e3o regularmente no sitio.<\/p>\n<p>Para mais informa\u00e7\u00e3o n\u00e3o duvide em contactar com o seu comercial habitual em Danysoft ou envie-nos a sua consulta, atrav\u00e9s de \u201ccontacto\u201d situado na parte inferior de esta p\u00e1gina.<\/p>\n<\/div>\n<\/div><\/section>\n<\/div><\/div><\/main><!-- close content main element --><\/div><\/div><div id='after_section_1'  class='main_color av_default_container_wrap container_wrap sidebar_right'  ><div class='container av-section-cont-open' ><div class='template-page content  av-content-small alpha units'><div class='post-entry post-entry-type-page post-entry-59207'><div class='entry-content-wrapper clearfix'>\n","protected":false},"excerpt":{"rendered":"","protected":false},"author":1,"featured_media":0,"parent":0,"menu_order":0,"comment_status":"open","ping_status":"closed","template":"","meta":{"_acf_changed":false,"footnotes":""},"categories":[],"tags":[],"class_list":["post-59207","page","type-page","status-publish","hentry"],"acf":[],"yoast_head":"<!-- This site is optimized with the Yoast SEO plugin v27.3 - https:\/\/yoast.com\/product\/yoast-seo-wordpress\/ -->\n<title>Informa\u00e7\u00e3o importante para o cliente<\/title>\n<meta name=\"robots\" content=\"index, follow, max-snippet:-1, max-image-preview:large, max-video-preview:-1\" \/>\n<link rel=\"canonical\" href=\"https:\/\/www.danysoft.com\/pt-pt\/informacao-importante-para-o-cliente\/\" \/>\n<meta property=\"og:locale\" content=\"pt_PT\" \/>\n<meta property=\"og:type\" content=\"article\" \/>\n<meta property=\"og:title\" content=\"Informa\u00e7\u00e3o importante para o cliente\" \/>\n<meta property=\"og:url\" content=\"https:\/\/www.danysoft.com\/pt-pt\/informacao-importante-para-o-cliente\/\" \/>\n<meta property=\"og:site_name\" content=\"Danysoft\" \/>\n<meta property=\"article:publisher\" content=\"http:\/\/www.facebook.com\/danysoft\" \/>\n<meta property=\"article:modified_time\" content=\"2019-06-19T12:56:03+00:00\" \/>\n<meta name=\"twitter:card\" content=\"summary_large_image\" \/>\n<meta name=\"twitter:site\" content=\"@danysoft_es\" \/>\n<meta name=\"twitter:label1\" content=\"Tempo estimado de leitura\" \/>\n\t<meta name=\"twitter:data1\" content=\"8 minutos\" \/>\n<script type=\"application\/ld+json\" class=\"yoast-schema-graph\">{\"@context\":\"https:\\\/\\\/schema.org\",\"@graph\":[{\"@type\":\"WebPage\",\"@id\":\"https:\\\/\\\/www.danysoft.com\\\/pt-pt\\\/informacao-importante-para-o-cliente\\\/\",\"url\":\"https:\\\/\\\/www.danysoft.com\\\/pt-pt\\\/informacao-importante-para-o-cliente\\\/\",\"name\":\"Informa\u00e7\u00e3o importante para o cliente\",\"isPartOf\":{\"@id\":\"https:\\\/\\\/www.danysoft.com\\\/pt-pt\\\/#website\"},\"datePublished\":\"2014-11-19T22:23:24+00:00\",\"dateModified\":\"2019-06-19T12:56:03+00:00\",\"breadcrumb\":{\"@id\":\"https:\\\/\\\/www.danysoft.com\\\/pt-pt\\\/informacao-importante-para-o-cliente\\\/#breadcrumb\"},\"inLanguage\":\"pt-PT\",\"potentialAction\":[{\"@type\":\"ReadAction\",\"target\":[\"https:\\\/\\\/www.danysoft.com\\\/pt-pt\\\/informacao-importante-para-o-cliente\\\/\"]}]},{\"@type\":\"BreadcrumbList\",\"@id\":\"https:\\\/\\\/www.danysoft.com\\\/pt-pt\\\/informacao-importante-para-o-cliente\\\/#breadcrumb\",\"itemListElement\":[{\"@type\":\"ListItem\",\"position\":1,\"name\":\"Portada\",\"item\":\"https:\\\/\\\/www.danysoft.com\\\/pt-pt\\\/inicio-2-2-2\\\/\"},{\"@type\":\"ListItem\",\"position\":2,\"name\":\"Informa\u00e7\u00e3o importante para o cliente\"}]},{\"@type\":\"WebSite\",\"@id\":\"https:\\\/\\\/www.danysoft.com\\\/pt-pt\\\/#website\",\"url\":\"https:\\\/\\\/www.danysoft.com\\\/pt-pt\\\/\",\"name\":\"Danysoft\",\"description\":\"Licencias software y servicios de formaci\u00f3n y consultor\u00eda necesarios para su correcto uso\",\"publisher\":{\"@id\":\"https:\\\/\\\/www.danysoft.com\\\/pt-pt\\\/#organization\"},\"potentialAction\":[{\"@type\":\"SearchAction\",\"target\":{\"@type\":\"EntryPoint\",\"urlTemplate\":\"https:\\\/\\\/www.danysoft.com\\\/pt-pt\\\/?s={search_term_string}\"},\"query-input\":{\"@type\":\"PropertyValueSpecification\",\"valueRequired\":true,\"valueName\":\"search_term_string\"}}],\"inLanguage\":\"pt-PT\"},{\"@type\":\"Organization\",\"@id\":\"https:\\\/\\\/www.danysoft.com\\\/pt-pt\\\/#organization\",\"name\":\"Danysoft\",\"url\":\"https:\\\/\\\/www.danysoft.com\\\/pt-pt\\\/\",\"logo\":{\"@type\":\"ImageObject\",\"inLanguage\":\"pt-PT\",\"@id\":\"https:\\\/\\\/www.danysoft.com\\\/pt-pt\\\/#\\\/schema\\\/logo\\\/image\\\/\",\"url\":\"https:\\\/\\\/www.danysoft.com\\\/wp-content\\\/uploads\\\/2018\\\/07\\\/danysoft.png\",\"contentUrl\":\"https:\\\/\\\/www.danysoft.com\\\/wp-content\\\/uploads\\\/2018\\\/07\\\/danysoft.png\",\"width\":1001,\"height\":309,\"caption\":\"Danysoft\"},\"image\":{\"@id\":\"https:\\\/\\\/www.danysoft.com\\\/pt-pt\\\/#\\\/schema\\\/logo\\\/image\\\/\"},\"sameAs\":[\"http:\\\/\\\/www.facebook.com\\\/danysoft\",\"https:\\\/\\\/x.com\\\/danysoft_es\",\"https:\\\/\\\/es.linkedin.com\\\/company\\\/danysoft\",\"https:\\\/\\\/www.youtube.com\\\/user\\\/danysoftech\"]}]}<\/script>\n<!-- \/ Yoast SEO plugin. -->","yoast_head_json":{"title":"Informa\u00e7\u00e3o importante para o cliente","robots":{"index":"index","follow":"follow","max-snippet":"max-snippet:-1","max-image-preview":"max-image-preview:large","max-video-preview":"max-video-preview:-1"},"canonical":"https:\/\/www.danysoft.com\/pt-pt\/informacao-importante-para-o-cliente\/","og_locale":"pt_PT","og_type":"article","og_title":"Informa\u00e7\u00e3o importante para o cliente","og_url":"https:\/\/www.danysoft.com\/pt-pt\/informacao-importante-para-o-cliente\/","og_site_name":"Danysoft","article_publisher":"http:\/\/www.facebook.com\/danysoft","article_modified_time":"2019-06-19T12:56:03+00:00","twitter_card":"summary_large_image","twitter_site":"@danysoft_es","twitter_misc":{"Tempo estimado de leitura":"8 minutos"},"schema":{"@context":"https:\/\/schema.org","@graph":[{"@type":"WebPage","@id":"https:\/\/www.danysoft.com\/pt-pt\/informacao-importante-para-o-cliente\/","url":"https:\/\/www.danysoft.com\/pt-pt\/informacao-importante-para-o-cliente\/","name":"Informa\u00e7\u00e3o importante para o cliente","isPartOf":{"@id":"https:\/\/www.danysoft.com\/pt-pt\/#website"},"datePublished":"2014-11-19T22:23:24+00:00","dateModified":"2019-06-19T12:56:03+00:00","breadcrumb":{"@id":"https:\/\/www.danysoft.com\/pt-pt\/informacao-importante-para-o-cliente\/#breadcrumb"},"inLanguage":"pt-PT","potentialAction":[{"@type":"ReadAction","target":["https:\/\/www.danysoft.com\/pt-pt\/informacao-importante-para-o-cliente\/"]}]},{"@type":"BreadcrumbList","@id":"https:\/\/www.danysoft.com\/pt-pt\/informacao-importante-para-o-cliente\/#breadcrumb","itemListElement":[{"@type":"ListItem","position":1,"name":"Portada","item":"https:\/\/www.danysoft.com\/pt-pt\/inicio-2-2-2\/"},{"@type":"ListItem","position":2,"name":"Informa\u00e7\u00e3o importante para o cliente"}]},{"@type":"WebSite","@id":"https:\/\/www.danysoft.com\/pt-pt\/#website","url":"https:\/\/www.danysoft.com\/pt-pt\/","name":"Danysoft","description":"Licencias software y servicios de formaci\u00f3n y consultor\u00eda necesarios para su correcto uso","publisher":{"@id":"https:\/\/www.danysoft.com\/pt-pt\/#organization"},"potentialAction":[{"@type":"SearchAction","target":{"@type":"EntryPoint","urlTemplate":"https:\/\/www.danysoft.com\/pt-pt\/?s={search_term_string}"},"query-input":{"@type":"PropertyValueSpecification","valueRequired":true,"valueName":"search_term_string"}}],"inLanguage":"pt-PT"},{"@type":"Organization","@id":"https:\/\/www.danysoft.com\/pt-pt\/#organization","name":"Danysoft","url":"https:\/\/www.danysoft.com\/pt-pt\/","logo":{"@type":"ImageObject","inLanguage":"pt-PT","@id":"https:\/\/www.danysoft.com\/pt-pt\/#\/schema\/logo\/image\/","url":"https:\/\/www.danysoft.com\/wp-content\/uploads\/2018\/07\/danysoft.png","contentUrl":"https:\/\/www.danysoft.com\/wp-content\/uploads\/2018\/07\/danysoft.png","width":1001,"height":309,"caption":"Danysoft"},"image":{"@id":"https:\/\/www.danysoft.com\/pt-pt\/#\/schema\/logo\/image\/"},"sameAs":["http:\/\/www.facebook.com\/danysoft","https:\/\/x.com\/danysoft_es","https:\/\/es.linkedin.com\/company\/danysoft","https:\/\/www.youtube.com\/user\/danysoftech"]}]}},"_links":{"self":[{"href":"https:\/\/www.danysoft.com\/pt-pt\/wp-json\/wp\/v2\/pages\/59207","targetHints":{"allow":["GET"]}}],"collection":[{"href":"https:\/\/www.danysoft.com\/pt-pt\/wp-json\/wp\/v2\/pages"}],"about":[{"href":"https:\/\/www.danysoft.com\/pt-pt\/wp-json\/wp\/v2\/types\/page"}],"author":[{"embeddable":true,"href":"https:\/\/www.danysoft.com\/pt-pt\/wp-json\/wp\/v2\/users\/1"}],"replies":[{"embeddable":true,"href":"https:\/\/www.danysoft.com\/pt-pt\/wp-json\/wp\/v2\/comments?post=59207"}],"version-history":[{"count":0,"href":"https:\/\/www.danysoft.com\/pt-pt\/wp-json\/wp\/v2\/pages\/59207\/revisions"}],"wp:attachment":[{"href":"https:\/\/www.danysoft.com\/pt-pt\/wp-json\/wp\/v2\/media?parent=59207"}],"wp:term":[{"taxonomy":"category","embeddable":true,"href":"https:\/\/www.danysoft.com\/pt-pt\/wp-json\/wp\/v2\/categories?post=59207"},{"taxonomy":"post_tag","embeddable":true,"href":"https:\/\/www.danysoft.com\/pt-pt\/wp-json\/wp\/v2\/tags?post=59207"}],"curies":[{"name":"wp","href":"https:\/\/api.w.org\/{rel}","templated":true}]}}