{"id":59205,"date":"2014-08-28T18:48:15","date_gmt":"2014-08-28T16:48:15","guid":{"rendered":"http:\/\/www.danysoft.pt\/inicio\/aviso-legal\/"},"modified":"2018-07-12T11:07:57","modified_gmt":"2018-07-12T09:07:57","slug":"aviso-legal","status":"publish","type":"page","link":"https:\/\/www.danysoft.com\/pt-pt\/aviso-legal\/","title":{"rendered":"Aviso legal"},"content":{"rendered":"<div  class='flex_column av-34om7xh-4c81354b1b32f38d54f0ee2e31ffb500 av_two_third  avia-builder-el-0  el_before_av_one_third  avia-builder-el-first  first flex_column_div  '     ><section  class='av_textblock_section av-2jywsqt-169a5febb690009e7cb24d74dbcb5d61 '   itemscope=\"itemscope\" itemtype=\"https:\/\/schema.org\/CreativeWork\" ><div class='avia_textblock'  itemprop=\"text\" ><p>DANYSOFT INTERNACIONAL SL, a pessoa respons\u00e1vel pelo website, doravante denominada CONTROLADOR DE DADOS, disponibiliza este documento para os usu\u00e1rios, que se destina a cumprir com as obriga\u00e7\u00f5es previstas na Lei 34\/2002, de 11 de Julho de 2002, sobre a Sociedade da Informa\u00e7\u00e3o e Servi\u00e7os Comerciais (LSSICE), Jornal Oficial do Estado espanhol No. 166, bem como informar todos os usu\u00e1rios do site sobre as condi\u00e7\u00f5es de uso.<\/p>\n<p>Qualquer pessoa que aceda a este site adquire o status de usu\u00e1rio e, como tal, compromete-se a observar e cumprir rigorosamente as provis\u00f5es aqui fornecidas, bem como qualquer outra cl\u00e1usula legal aplic\u00e1vel.<\/p>\n<p>A DANYSOFT INTERNACIONAL SL] reserva-se o direito de modificar qualquer tipo de informa\u00e7\u00e3o que possa aparecer no site, e n\u00e3o \u00e9 obrigada a avisar previamente ou informar os usu\u00e1rios de tais obriga\u00e7\u00f5es, com a publica\u00e7\u00e3o no site da DANYSOFT INTERNACIONAL SL] sendo entendida como suficiente.<\/p>\n<\/div><\/section><\/div>\n<div  class='flex_column av-7s3kn9-c0f52ed5763c4dec4bacb8fa954eba3d av_one_third  avia-builder-el-2  el_after_av_two_third  el_before_av_one_full  flex_column_div  '     ><style type=\"text\/css\" data-created_by=\"avia_inline_auto\" id=\"style-css-av-1ikcput-1053809d392c695e2010a2333ce7a4c9\">\n.avia-image-container.av-1ikcput-1053809d392c695e2010a2333ce7a4c9 img.avia_image{\nbox-shadow:none;\n}\n.avia-image-container.av-1ikcput-1053809d392c695e2010a2333ce7a4c9 .av-image-caption-overlay-center{\ncolor:#ffffff;\n}\n<\/style>\n<div  class='avia-image-container av-1ikcput-1053809d392c695e2010a2333ce7a4c9 av-styling- avia_animated_image av-animated-when-visible-95 right-to-left avia-align-center  avia-builder-el-3  avia-builder-el-no-sibling '   itemprop=\"image\" itemscope=\"itemscope\" itemtype=\"https:\/\/schema.org\/ImageObject\" ><div class=\"avia-image-container-inner\"><div class=\"avia-image-overlay-wrap\"><img decoding=\"async\" fetchpriority=\"high\" class='wp-image- avia-img-lazy-loading-not- avia_image ' src=\"https:\/\/danysoft.com\/wp-content\/uploads\/2014\/05\/danysoft.png\" alt='' title=''   itemprop=\"thumbnailUrl\"  \/><\/div><\/div><\/div><\/div>\n<div  class='flex_column av-45pn5x-72b6be813a51e45082a8ffb68d64c66c av_one_full  avia-builder-el-4  el_after_av_one_third  avia-builder-el-last  first flex_column_div  column-top-margin'     ><section  class='av_textblock_section av-izvr45-beea853885a6e5b3ab216d74c157693d '   itemscope=\"itemscope\" itemtype=\"https:\/\/schema.org\/CreativeWork\" ><div class='avia_textblock'  itemprop=\"text\" ><ol>\n<li><strong>DADOS DE IDENTIFICA\u00c7\u00c3O<\/strong><\/li>\n<\/ol>\n<p>Nome do dom\u00ednio:\u00a0 https:\/\/danysoft.com\/<\/p>\n<p>Nome comercial: DANYSOFT INTERNACIONAL SL<\/p>\n<p>Nome da Empresa: DANYSOFT INTERNACIONAL SL<\/p>\n<p>NIF: B80401029<\/p>\n<p>Dire\u00e7\u00e3o registrada: AVENIDA DE LA INDUSTRIA 4, EDIFICIO 1 PLANTA 3 \u00a0, 28108 ALCOBENDAS<\/p>\n<p>(MADRID)<\/p>\n<p>Telefone: 916638683<\/p>\n<p>E-mail: attcliente@danysoft.es<\/p>\n<p>Registrado no Registro (Comercial \/ P\u00fablico): INSCRITA EN EL REGISTRO MERCANTIL DE<\/p>\n<p>MADRID, TOMO 3953, LIBRO 0, FOLIO 17, SECCI\u00d3N 8, HOJA M-66169, INSCRIPCI\u00d3N 1\u00aa<\/p>\n<ol start=\"2\">\n<li><strong> DIREITOS DE PROPRIEDADE INTELECTUAL E INDUSTRIAL<\/strong><\/li>\n<\/ol>\n<p><strong>\u00a0<\/strong>O site, incluindo, mas n\u00e3o limitado \u00e0 sua programa\u00e7\u00e3o, edi\u00e7\u00e3o, compila\u00e7\u00e3o e outros elementos necess\u00e1rios para a sua opera\u00e7\u00e3o, os desenhos, logotipos, texto e\/ou gr\u00e1ficos, s\u00e3o de propriedade do CONTROLADOR DE DADOS ou, se aplic\u00e1vel, se ele\/ela expressamente possui uma licen\u00e7a ou autoriza\u00e7\u00e3o expressa dos autores. Todo o conte\u00fado do site \u00e9 devidamente protegido pelas leis de propriedade intelectual e industrial, e est\u00e1 registrado nos registros p\u00fablicos correspondentes.<\/p>\n<p>Independentemente do prop\u00f3sito a que se destinam, a reprodu\u00e7\u00e3o, uso, explora\u00e7\u00e3o, distribui\u00e7\u00e3o e comercializa\u00e7\u00e3o total ou parcial, exige, em qualquer caso, a pr\u00e9via autoriza\u00e7\u00e3o por escrito do CONTROLADOR DE DADOS.<\/p>\n<p>Qualquer uso n\u00e3o autorizado \u00e9 considerado uma viola\u00e7\u00e3o grave dos direitos de propriedade intelectual ou industrial do autor.<\/p>\n<p>Os desenhos, logotipos, texto e\/ou gr\u00e1ficos n\u00e3o pertencentes ao CONTROLADOR DE DADOS e que podem aparecer no site, pertencem aos seus respetivos propriet\u00e1rios que s\u00e3o respons\u00e1veis por qualquer poss\u00edvel disputa em rela\u00e7\u00e3o a eles. O CONTROLADOR DE DADOS autoriza expressamente terceiros a redirecionar para o conte\u00fado espec\u00edfico do site e, em qualquer caso, redirecionar para o site principal do <a href=\"https:\/\/danysoft.com\/\">https:\/\/danysoft.com\/<\/a>.<\/p>\n<p>O CONTROLADOR DE DADOS reconhece os direitos de propriedade intelectual e industrial correspondentes em favor dos seus propriet\u00e1rios, e qualquer men\u00e7\u00e3o ou apari\u00e7\u00e3o no site n\u00e3o implica a exist\u00eancia de quaisquer direitos ou responsabilidade sobre eles, nem implica qualquer endosso, patroc\u00ednio ou recomenda\u00e7\u00e3o por parte do site.<\/p>\n<p>Coment\u00e1rios sobre qualquer poss\u00edvel viola\u00e7\u00e3o dos direitos de propriedade intelectual ou industrial, bem quanto ao conte\u00fado do site, pode ser feito enviando um e-mail para: <a href=\"mailto:attcliente@danysoft.es\">attcliente@danysoft.es<\/a>.<\/p>\n<ol start=\"3\">\n<li><strong> ISEN\u00c7\u00c3O DE RESPONSABILIDADE<\/strong><\/li>\n<\/ol>\n<p>O CONTROLADOR DE DADOS est\u00e1 isento de qualquer tipo de responsabilidade derivada das informa\u00e7\u00f5es publicadas em seu site, sempre que esta informa\u00e7\u00e3o tenha sido manipulada ou introduzida por terceiros n\u00e3o relacionados ao D CONTROLADOR DE DADOS.<\/p>\n<p><strong>Uso de Cookies<\/strong><\/p>\n<p>Este site utiliza cookies t\u00e9cnicos (pequenos arquivos com informa\u00e7\u00f5es que o servidor envia para o computador do usu\u00e1rio do site), a fim de realizar determinadas fun\u00e7\u00f5es consideradas necess\u00e1rias para o correto funcionamento e visualiza\u00e7\u00e3o do site. Em qualquer caso, os cookies utilizados s\u00e3o tempor\u00e1rios, com o \u00fanico prop\u00f3sito de tornar a navega\u00e7\u00e3o do site mais eficiente e desaparecer no final da sess\u00e3o do usu\u00e1rio.<\/p>\n<p>Em nenhuma circunst\u00e2ncia esses cookies fornecem dados pessoais e n\u00e3o ser\u00e3o usados para a coleta de tais dados.<\/p>\n<p>Por meio do uso de cookies, tamb\u00e9m \u00e9 poss\u00edvel que o servidor onde o site est\u00e1 localizado reconhe\u00e7a o navegador usado pelo usu\u00e1rio, a fim de facilitar a navega\u00e7\u00e3o, permitindo, por exemplo, que usu\u00e1rios previamente registrados acedam as \u00e1reas, servi\u00e7os, promo\u00e7\u00f5es ou concursos reservados exclusivamente para eles sem ter que registrar-se em cada visita. Eles tamb\u00e9m podem ser usados para medir o p\u00fablico ou os par\u00e2metros de tr\u00e1fego, monitorizar o progresso e o n\u00famero de entradas, etc. Nestes casos, os cookies usados s\u00e3o tecnicamente n\u00e3o essenciais, mas ben\u00e9ficos para o usu\u00e1rio. Este site n\u00e3o instalar\u00e1 cookies n\u00e3o essenciais sem o consentimento pr\u00e9vio do usu\u00e1rio.<\/p>\n<p>O navegador pode ser configurado pelo usu\u00e1rio para alert\u00e1-lo sobre a recep\u00e7\u00e3o de cookies e impedir a sua instala\u00e7\u00e3o no seu computador. Para mais informa\u00e7\u00f5es, consulte as instru\u00e7\u00f5es do seu navegador.<\/p>\n<p><strong>Pol\u00edtica de links<\/strong><\/p>\n<p>O usu\u00e1rio deste site pode ser redirecionado para o conte\u00fado de sites de terceiros. Como o CONTROLADOR DE DADOS nem sempre pode controlar o conte\u00fado de sites de terceiros, ele n\u00e3o assume qualquer tipo de responsabilidade com rela\u00e7\u00e3o a esse conte\u00fado. Em qualquer caso, o CONTROLADOR DE DADOS eliminar\u00e1 imediatamente qualquer conte\u00fado que possa estar violando leis, moralidade ou ordem p\u00fablica nacional ou internacional, e eliminar\u00e1 imediatamente o redirecionamento para este website, informando as autoridades competentes do conte\u00fado em quest\u00e3o.<\/p>\n<p>O CONTROLADOR DE DADOS n\u00e3o ser\u00e1 respons\u00e1vel pelas informa\u00e7\u00f5es e conte\u00fado encontrados, incluindo, entre outros, em f\u00f3runs, chats, geradores de blogs, coment\u00e1rios, redes sociais ou qualquer outro meio que permita que terceiros publiquem conte\u00fado de forma independente no site do CONTROLADOR DE DADOS.<\/p>\n<p>No entanto, e de acordo com os Atos 11 e 16 da LSSICE, o conte\u00fado de terceiros \u00e9 disponibilizado a todos os usu\u00e1rios, autoridades e \u00f3rg\u00e3os respons\u00e1veis pela aplica\u00e7\u00e3o da lei, colaborando diretamente na retirada ou bloqueio de todo conte\u00fado que possa afetar ou violar as leis nacionais ou internacionais, direitos de terceiros ou moral p\u00fablica e ordem p\u00fablica. No caso de o usu\u00e1rio considerar que existe algum conte\u00fado no site que possa ser considerado como tal, notifique o administrador do site imediatamente.<\/p>\n<p>Este site foi revisado e testado para permitir o seu correto funcionamento. Em princ\u00edpio, o funcionamento adequado pode ser garantido 365 dias por ano, 24 horas por dia. No entanto, o CONTROLADOR DE DADOS n\u00e3o descarta a possibilidade de haver certos erros de programa\u00e7\u00e3o, ou que possam ocorrer casos de for\u00e7a maior, desastres naturais, greves ou situa\u00e7\u00f5es semelhantes que impossibilitem o acesso ao site.<\/p>\n<p><strong>Endere\u00e7os IP<\/strong><\/p>\n<p>Os servidores do site podem detectar automaticamente o endere\u00e7o IP e o nome de dom\u00ednio usado pelo usu\u00e1rio.<\/p>\n<p>Um endere\u00e7o IP \u00e9 um n\u00famero atribu\u00eddo automaticamente a um computador quando conectado \u00e0 Internet. Todas essas informa\u00e7\u00f5es s\u00e3o registradas em um log do sistema devidamente registrado no servidor que permite o processamento subsequente dos dados, a fim de obter apenas medi\u00e7\u00f5es estat\u00edsticas que nos mostram o n\u00famero de ocorr\u00eancias de p\u00e1ginas, o n\u00famero de visitas feitas aos servidores da Web, a ordem de visitas, o ponto de acesso, etc.<\/p>\n<ol start=\"4\">\n<li><strong> LEI APLIC\u00c1VEL E JURISDI\u00c7\u00c3O<\/strong><\/li>\n<\/ol>\n<p>A lei espanhola, \u00e0 qual as partes se submetem expressamente, ser\u00e1 aplic\u00e1vel a todas as disputas ou quest\u00f5es relacionadas a este site ou \u00e0s atividades realizadas, e os Tribunais mais pr\u00f3ximos da ALCOBENDAS ser\u00e3o respons\u00e1veis pela resolu\u00e7\u00e3o de todos os conflitos decorrentes ou relacionados com o seu uso.<\/p>\n<\/div><\/section><\/div>\n","protected":false},"excerpt":{"rendered":"","protected":false},"author":1,"featured_media":62978,"parent":0,"menu_order":0,"comment_status":"closed","ping_status":"closed","template":"","meta":{"_acf_changed":false,"footnotes":""},"categories":[],"tags":[],"class_list":["post-59205","page","type-page","status-publish","has-post-thumbnail","hentry"],"acf":[],"yoast_head":"<!-- This site is optimized with the Yoast SEO plugin v27.3 - https:\/\/yoast.com\/product\/yoast-seo-wordpress\/ -->\n<title>Aviso legal<\/title>\n<meta name=\"description\" content=\"Mediante o presente aviso legal e em cumprimento da Lei 34\/2.002 de 11 de 06 de Servi\u00e7os da Sociedade da Informa\u00e7\u00e3o e de Com\u00e9rcio Electr\u00f3nico e Lei 56\/2007\" \/>\n<meta name=\"robots\" content=\"index, follow, max-snippet:-1, max-image-preview:large, max-video-preview:-1\" \/>\n<link rel=\"canonical\" href=\"https:\/\/www.danysoft.com\/pt-pt\/aviso-legal\/\" \/>\n<meta property=\"og:locale\" content=\"pt_PT\" \/>\n<meta property=\"og:type\" content=\"article\" \/>\n<meta property=\"og:title\" content=\"Aviso legal\" \/>\n<meta property=\"og:description\" content=\"Mediante o presente aviso legal e em cumprimento da Lei 34\/2.002 de 11 de 06 de Servi\u00e7os da Sociedade da Informa\u00e7\u00e3o e de Com\u00e9rcio Electr\u00f3nico e Lei 56\/2007\" \/>\n<meta property=\"og:url\" content=\"https:\/\/www.danysoft.com\/pt-pt\/aviso-legal\/\" \/>\n<meta property=\"og:site_name\" content=\"Danysoft\" \/>\n<meta property=\"article:publisher\" content=\"http:\/\/www.facebook.com\/danysoft\" \/>\n<meta property=\"article:modified_time\" content=\"2018-07-12T09:07:57+00:00\" \/>\n<meta property=\"og:image\" content=\"https:\/\/www.danysoft.com\/wp-content\/uploads\/2015\/06\/arbol_engranajes-Convertido.png\" \/>\n\t<meta property=\"og:image:width\" content=\"2038\" \/>\n\t<meta property=\"og:image:height\" content=\"2039\" \/>\n\t<meta property=\"og:image:type\" content=\"image\/png\" \/>\n<meta name=\"twitter:card\" content=\"summary_large_image\" \/>\n<meta name=\"twitter:site\" content=\"@danysoft_es\" \/>\n<meta name=\"twitter:label1\" content=\"Tempo estimado de leitura\" \/>\n\t<meta name=\"twitter:data1\" content=\"7 minutos\" \/>\n<script type=\"application\/ld+json\" class=\"yoast-schema-graph\">{\"@context\":\"https:\\\/\\\/schema.org\",\"@graph\":[{\"@type\":\"WebPage\",\"@id\":\"https:\\\/\\\/www.danysoft.com\\\/pt-pt\\\/aviso-legal\\\/\",\"url\":\"https:\\\/\\\/www.danysoft.com\\\/pt-pt\\\/aviso-legal\\\/\",\"name\":\"Aviso legal\",\"isPartOf\":{\"@id\":\"https:\\\/\\\/www.danysoft.com\\\/pt-pt\\\/#website\"},\"primaryImageOfPage\":{\"@id\":\"https:\\\/\\\/www.danysoft.com\\\/pt-pt\\\/aviso-legal\\\/#primaryimage\"},\"image\":{\"@id\":\"https:\\\/\\\/www.danysoft.com\\\/pt-pt\\\/aviso-legal\\\/#primaryimage\"},\"thumbnailUrl\":\"https:\\\/\\\/www.danysoft.com\\\/wp-content\\\/uploads\\\/2015\\\/06\\\/arbol_engranajes-Convertido.png\",\"datePublished\":\"2014-08-28T16:48:15+00:00\",\"dateModified\":\"2018-07-12T09:07:57+00:00\",\"description\":\"Mediante o presente aviso legal e em cumprimento da Lei 34\\\/2.002 de 11 de 06 de Servi\u00e7os da Sociedade da Informa\u00e7\u00e3o e de Com\u00e9rcio Electr\u00f3nico e Lei 56\\\/2007\",\"breadcrumb\":{\"@id\":\"https:\\\/\\\/www.danysoft.com\\\/pt-pt\\\/aviso-legal\\\/#breadcrumb\"},\"inLanguage\":\"pt-PT\",\"potentialAction\":[{\"@type\":\"ReadAction\",\"target\":[\"https:\\\/\\\/www.danysoft.com\\\/pt-pt\\\/aviso-legal\\\/\"]}]},{\"@type\":\"ImageObject\",\"inLanguage\":\"pt-PT\",\"@id\":\"https:\\\/\\\/www.danysoft.com\\\/pt-pt\\\/aviso-legal\\\/#primaryimage\",\"url\":\"https:\\\/\\\/www.danysoft.com\\\/wp-content\\\/uploads\\\/2015\\\/06\\\/arbol_engranajes-Convertido.png\",\"contentUrl\":\"https:\\\/\\\/www.danysoft.com\\\/wp-content\\\/uploads\\\/2015\\\/06\\\/arbol_engranajes-Convertido.png\",\"width\":2038,\"height\":2039},{\"@type\":\"BreadcrumbList\",\"@id\":\"https:\\\/\\\/www.danysoft.com\\\/pt-pt\\\/aviso-legal\\\/#breadcrumb\",\"itemListElement\":[{\"@type\":\"ListItem\",\"position\":1,\"name\":\"Portada\",\"item\":\"https:\\\/\\\/www.danysoft.com\\\/pt-pt\\\/inicio-2-2-2\\\/\"},{\"@type\":\"ListItem\",\"position\":2,\"name\":\"Aviso legal\"}]},{\"@type\":\"WebSite\",\"@id\":\"https:\\\/\\\/www.danysoft.com\\\/pt-pt\\\/#website\",\"url\":\"https:\\\/\\\/www.danysoft.com\\\/pt-pt\\\/\",\"name\":\"Danysoft\",\"description\":\"Licencias software y servicios de formaci\u00f3n y consultor\u00eda necesarios para su correcto uso\",\"publisher\":{\"@id\":\"https:\\\/\\\/www.danysoft.com\\\/pt-pt\\\/#organization\"},\"potentialAction\":[{\"@type\":\"SearchAction\",\"target\":{\"@type\":\"EntryPoint\",\"urlTemplate\":\"https:\\\/\\\/www.danysoft.com\\\/pt-pt\\\/?s={search_term_string}\"},\"query-input\":{\"@type\":\"PropertyValueSpecification\",\"valueRequired\":true,\"valueName\":\"search_term_string\"}}],\"inLanguage\":\"pt-PT\"},{\"@type\":\"Organization\",\"@id\":\"https:\\\/\\\/www.danysoft.com\\\/pt-pt\\\/#organization\",\"name\":\"Danysoft\",\"url\":\"https:\\\/\\\/www.danysoft.com\\\/pt-pt\\\/\",\"logo\":{\"@type\":\"ImageObject\",\"inLanguage\":\"pt-PT\",\"@id\":\"https:\\\/\\\/www.danysoft.com\\\/pt-pt\\\/#\\\/schema\\\/logo\\\/image\\\/\",\"url\":\"https:\\\/\\\/www.danysoft.com\\\/wp-content\\\/uploads\\\/2018\\\/07\\\/danysoft.png\",\"contentUrl\":\"https:\\\/\\\/www.danysoft.com\\\/wp-content\\\/uploads\\\/2018\\\/07\\\/danysoft.png\",\"width\":1001,\"height\":309,\"caption\":\"Danysoft\"},\"image\":{\"@id\":\"https:\\\/\\\/www.danysoft.com\\\/pt-pt\\\/#\\\/schema\\\/logo\\\/image\\\/\"},\"sameAs\":[\"http:\\\/\\\/www.facebook.com\\\/danysoft\",\"https:\\\/\\\/x.com\\\/danysoft_es\",\"https:\\\/\\\/es.linkedin.com\\\/company\\\/danysoft\",\"https:\\\/\\\/www.youtube.com\\\/user\\\/danysoftech\"]}]}<\/script>\n<!-- \/ Yoast SEO plugin. -->","yoast_head_json":{"title":"Aviso legal","description":"Mediante o presente aviso legal e em cumprimento da Lei 34\/2.002 de 11 de 06 de Servi\u00e7os da Sociedade da Informa\u00e7\u00e3o e de Com\u00e9rcio Electr\u00f3nico e Lei 56\/2007","robots":{"index":"index","follow":"follow","max-snippet":"max-snippet:-1","max-image-preview":"max-image-preview:large","max-video-preview":"max-video-preview:-1"},"canonical":"https:\/\/www.danysoft.com\/pt-pt\/aviso-legal\/","og_locale":"pt_PT","og_type":"article","og_title":"Aviso legal","og_description":"Mediante o presente aviso legal e em cumprimento da Lei 34\/2.002 de 11 de 06 de Servi\u00e7os da Sociedade da Informa\u00e7\u00e3o e de Com\u00e9rcio Electr\u00f3nico e Lei 56\/2007","og_url":"https:\/\/www.danysoft.com\/pt-pt\/aviso-legal\/","og_site_name":"Danysoft","article_publisher":"http:\/\/www.facebook.com\/danysoft","article_modified_time":"2018-07-12T09:07:57+00:00","og_image":[{"width":2038,"height":2039,"url":"https:\/\/www.danysoft.com\/wp-content\/uploads\/2015\/06\/arbol_engranajes-Convertido.png","type":"image\/png"}],"twitter_card":"summary_large_image","twitter_site":"@danysoft_es","twitter_misc":{"Tempo estimado de leitura":"7 minutos"},"schema":{"@context":"https:\/\/schema.org","@graph":[{"@type":"WebPage","@id":"https:\/\/www.danysoft.com\/pt-pt\/aviso-legal\/","url":"https:\/\/www.danysoft.com\/pt-pt\/aviso-legal\/","name":"Aviso legal","isPartOf":{"@id":"https:\/\/www.danysoft.com\/pt-pt\/#website"},"primaryImageOfPage":{"@id":"https:\/\/www.danysoft.com\/pt-pt\/aviso-legal\/#primaryimage"},"image":{"@id":"https:\/\/www.danysoft.com\/pt-pt\/aviso-legal\/#primaryimage"},"thumbnailUrl":"https:\/\/www.danysoft.com\/wp-content\/uploads\/2015\/06\/arbol_engranajes-Convertido.png","datePublished":"2014-08-28T16:48:15+00:00","dateModified":"2018-07-12T09:07:57+00:00","description":"Mediante o presente aviso legal e em cumprimento da Lei 34\/2.002 de 11 de 06 de Servi\u00e7os da Sociedade da Informa\u00e7\u00e3o e de Com\u00e9rcio Electr\u00f3nico e Lei 56\/2007","breadcrumb":{"@id":"https:\/\/www.danysoft.com\/pt-pt\/aviso-legal\/#breadcrumb"},"inLanguage":"pt-PT","potentialAction":[{"@type":"ReadAction","target":["https:\/\/www.danysoft.com\/pt-pt\/aviso-legal\/"]}]},{"@type":"ImageObject","inLanguage":"pt-PT","@id":"https:\/\/www.danysoft.com\/pt-pt\/aviso-legal\/#primaryimage","url":"https:\/\/www.danysoft.com\/wp-content\/uploads\/2015\/06\/arbol_engranajes-Convertido.png","contentUrl":"https:\/\/www.danysoft.com\/wp-content\/uploads\/2015\/06\/arbol_engranajes-Convertido.png","width":2038,"height":2039},{"@type":"BreadcrumbList","@id":"https:\/\/www.danysoft.com\/pt-pt\/aviso-legal\/#breadcrumb","itemListElement":[{"@type":"ListItem","position":1,"name":"Portada","item":"https:\/\/www.danysoft.com\/pt-pt\/inicio-2-2-2\/"},{"@type":"ListItem","position":2,"name":"Aviso legal"}]},{"@type":"WebSite","@id":"https:\/\/www.danysoft.com\/pt-pt\/#website","url":"https:\/\/www.danysoft.com\/pt-pt\/","name":"Danysoft","description":"Licencias software y servicios de formaci\u00f3n y consultor\u00eda necesarios para su correcto uso","publisher":{"@id":"https:\/\/www.danysoft.com\/pt-pt\/#organization"},"potentialAction":[{"@type":"SearchAction","target":{"@type":"EntryPoint","urlTemplate":"https:\/\/www.danysoft.com\/pt-pt\/?s={search_term_string}"},"query-input":{"@type":"PropertyValueSpecification","valueRequired":true,"valueName":"search_term_string"}}],"inLanguage":"pt-PT"},{"@type":"Organization","@id":"https:\/\/www.danysoft.com\/pt-pt\/#organization","name":"Danysoft","url":"https:\/\/www.danysoft.com\/pt-pt\/","logo":{"@type":"ImageObject","inLanguage":"pt-PT","@id":"https:\/\/www.danysoft.com\/pt-pt\/#\/schema\/logo\/image\/","url":"https:\/\/www.danysoft.com\/wp-content\/uploads\/2018\/07\/danysoft.png","contentUrl":"https:\/\/www.danysoft.com\/wp-content\/uploads\/2018\/07\/danysoft.png","width":1001,"height":309,"caption":"Danysoft"},"image":{"@id":"https:\/\/www.danysoft.com\/pt-pt\/#\/schema\/logo\/image\/"},"sameAs":["http:\/\/www.facebook.com\/danysoft","https:\/\/x.com\/danysoft_es","https:\/\/es.linkedin.com\/company\/danysoft","https:\/\/www.youtube.com\/user\/danysoftech"]}]}},"_links":{"self":[{"href":"https:\/\/www.danysoft.com\/pt-pt\/wp-json\/wp\/v2\/pages\/59205","targetHints":{"allow":["GET"]}}],"collection":[{"href":"https:\/\/www.danysoft.com\/pt-pt\/wp-json\/wp\/v2\/pages"}],"about":[{"href":"https:\/\/www.danysoft.com\/pt-pt\/wp-json\/wp\/v2\/types\/page"}],"author":[{"embeddable":true,"href":"https:\/\/www.danysoft.com\/pt-pt\/wp-json\/wp\/v2\/users\/1"}],"replies":[{"embeddable":true,"href":"https:\/\/www.danysoft.com\/pt-pt\/wp-json\/wp\/v2\/comments?post=59205"}],"version-history":[{"count":0,"href":"https:\/\/www.danysoft.com\/pt-pt\/wp-json\/wp\/v2\/pages\/59205\/revisions"}],"wp:featuredmedia":[{"embeddable":true,"href":"https:\/\/www.danysoft.com\/pt-pt\/wp-json\/wp\/v2\/media\/62978"}],"wp:attachment":[{"href":"https:\/\/www.danysoft.com\/pt-pt\/wp-json\/wp\/v2\/media?parent=59205"}],"wp:term":[{"taxonomy":"category","embeddable":true,"href":"https:\/\/www.danysoft.com\/pt-pt\/wp-json\/wp\/v2\/categories?post=59205"},{"taxonomy":"post_tag","embeddable":true,"href":"https:\/\/www.danysoft.com\/pt-pt\/wp-json\/wp\/v2\/tags?post=59205"}],"curies":[{"name":"wp","href":"https:\/\/api.w.org\/{rel}","templated":true}]}}