{"id":141137,"date":"2019-07-25T11:59:02","date_gmt":"2019-07-25T09:59:02","guid":{"rendered":"https:\/\/www.danysoft.com\/subscreva-se\/"},"modified":"2021-06-15T11:43:00","modified_gmt":"2021-06-15T09:43:00","slug":"subscreva-se","status":"publish","type":"page","link":"https:\/\/www.danysoft.com\/pt-pt\/subscreva-se\/","title":{"rendered":"Subscreva-se"},"content":{"rendered":"<div id='revolutionslider_1'  class='avia-layerslider avia-revolutionslider main_color avia-shadow  avia-builder-el-0  el_before_av_hr  avia-builder-el-first   container_wrap sidebar_right'  >\n\t\t\t\t<p class=\"rs-p-wp-fix\"><\/p>\n\t\t\t\t<sr7-module data-alias=\"suscripcion-intaliano\" data-id=\"11\" id=\"SR7_11_1\" class=\"rs-ov-hidden\" data-version=\"6.7.53\">\n\t\t\t\t\t<sr7-adjuster><\/sr7-adjuster>\n\t\t\t\t\t<sr7-content>\n\t\t\t\t\t\t<sr7-slide id=\"SR7_11_1-8\" data-key=\"8\">\n\t\t\t\t\t\t\t<sr7-bg id=\"SR7_11_1-8-5\" class=\"sr7-layer\"><noscript><img decoding=\"async\" src=\"https:\/\/danysoft.com\/wp-content\/uploads\/2019\/04\/banner-suscripcion-1920x430.jpg\" alt=\"\" title=\"News and newspaper headlines\"><\/noscript><\/sr7-bg>\n\t\t\t\t\t\t\t<sr7-txt id=\"SR7_11_1-8-3\" class=\"sr7-layer\">SUBSCREVA-SE AOS NOSSOS NEWSLETTERS\n<\/sr7-txt>\n\t\t\t\t\t\t\t<sr7-txt id=\"SR7_11_1-8-4\" class=\"sr7-layer\">MANTENHA-SE ATUALIZADO<\/sr7-txt>\n\t\t\t\t\t\t<\/sr7-slide>\n\t\t\t\t\t\t<sr7-slide id=\"SR7_11_1-42\" data-key=\"42\">\n\t\t\t\t\t\t<\/sr7-slide>\n\t\t\t\t\t<\/sr7-content>\n\t\t\t\t\t<image_lists style=\"display:none\">\n\t\t\t\t\t\t<img data-src=\"\/\/danysoft.com\/wp-content\/uploads\/2019\/04\/banner-suscripcion-1920x430.jpg\" data-libid=\"134263\" data-lib=\"medialibrary\" title=\"News and newspaper headlines\" width=\"0\" height=\"0\" data-dbsrc=\"Ly9kYW55c29mdC5jb20vd3AtY29udGVudC91cGxvYWRzLzIwMTkvMDQvYmFubmVyLXN1c2NyaXBjaW9uLTE5MjB4NDMwLmpwZw==\"\/>\n\t\t\t\t\t<\/image_lists>\n\t\t\t\t<\/sr7-module>\n\t\t\t\t<script>\n\t\t\t\t\twindow.SR7 ??={};SR7.PMH ??={}; SR7.PMH[\"SR7_11_1\"] = {cn:100,state:false,fn: function() { if (window._tpt!==undefined && window._tpt.prepareModuleHeight !== undefined) {  _tpt.prepareModuleHeight({id:\"SR7_11_1\",el:[430,430,430,960,720],type:'standard',shdw:'0',gh:[430,430,430,960,720],gw:[1920,1920,1500,778,480],vpt:['-200px&#039;,&#039;-200px&#039;,&#039;-200px&#039;,&#039;-200px&#039;,&#039;-200px'],size:{fullWidth:true, fullHeight:false},mh:'0',onh:0,onw:0,bg:{color:'{\"orig\":\"transparent\",\"type\":\"solid\",\"string\":\"transparent\"}'},plType:'0',plColor:'#FFFFFF'});   SR7.PMH[\"SR7_11_1\"].state=true;} else if(SR7.PMH[\"SR7_11_1\"].cn-->0)\tsetTimeout( SR7.PMH[\"SR7_11_1\"].fn,19);}};SR7.PMH[\"SR7_11_1\" ].fn();\n\t\t\t\t<\/script>\n<\/div><div id='after_revolutionslider_1'  class='main_color av_default_container_wrap container_wrap sidebar_right'  ><div class='container av-section-cont-open' ><div class='template-page content  av-content-small alpha units'><div class='post-entry post-entry-type-page post-entry-141137'><div class='entry-content-wrapper clearfix'>\n\n<style type=\"text\/css\" data-created_by=\"avia_inline_auto\" id=\"style-css-av-kc4nxwv3-a100dc4023b6636c4efa1a33ee02e700\">\n#top .hr.hr-invisible.av-kc4nxwv3-a100dc4023b6636c4efa1a33ee02e700{\nheight:70px;\n}\n<\/style>\n<div  class='hr av-kc4nxwv3-a100dc4023b6636c4efa1a33ee02e700 hr-invisible  avia-builder-el-1  el_after_av_revolutionslider  el_before_av_one_full  avia-builder-el-first '><span class='hr-inner '><span class=\"hr-inner-style\"><\/span><\/span><\/div>\n\n<style type=\"text\/css\" data-created_by=\"avia_inline_auto\" id=\"style-css-av-8pny7rb-d7a1a05f6dcf1d0fbd1069513be9b80a\">\n.flex_column.av-8pny7rb-d7a1a05f6dcf1d0fbd1069513be9b80a{\nborder-radius:0px 0px 0px 0px;\npadding:0px 0px 0px 0px;\n}\n<\/style>\n<div  class='flex_column av-8pny7rb-d7a1a05f6dcf1d0fbd1069513be9b80a av_one_full  avia-builder-el-2  el_after_av_hr  el_before_av_section  avia-builder-el-last  first flex_column_div av-zero-column-padding  '     ><section  class='av_textblock_section av-jy8lc2pu-53cd89ae4ee8fd29399f75ff475415dd '   itemscope=\"itemscope\" itemtype=\"https:\/\/schema.org\/CreativeWork\" ><div class='avia_textblock'  itemprop=\"text\" ><h1>BEM-VINDO AOS BOLETINS DA DANYSOFT<\/h1>\n<p>Aceda as \u00faltimas novidades que se produzam em solu\u00e7\u00f5es comercializadas pela Danysoft. Receba convites para eventos e semin\u00e1rios Web gratuitos, ou visualize as grava\u00e7\u00f5es se n\u00e3o teve a oportunidade de assistir. Escolha entre os livros, guias e artigos t\u00e9cnicos criados por e para profissionais de TI. Ou simplesmente conhe\u00e7a as promo\u00e7\u00f5es especiais para conseguir as suas licen\u00e7as, forma\u00e7\u00e3o ou servi\u00e7os com melhores condi\u00e7\u00f5es e com um valor adicional.<\/p>\n<p>A rece\u00e7\u00e3o \u00e9 gratuita e em qualquer momento pode trocar as suas prefer\u00eancias ou cancel\u00e1-la. Somos os primeiros interessados que a informa\u00e7\u00e3o recebida seja unicamente para quem esteja interessado em recebe-la. E podemos-lhe garantir que os seus dados n\u00e3o ser\u00e3o facultados a terceiros [ver politica de privacidade].<\/p>\n<p>Para garantir a correcta rece\u00e7\u00e3o, adicione o nosso e-mail info@danysoft.com, a sua agenda de contactos para evitar que a revista seja arquivada na pasta de spam.<\/p>\n<\/div><\/section><\/div>\n<\/div><\/div><\/div><!-- close content main div --><\/div><\/div>\n<style type=\"text\/css\" data-created_by=\"avia_inline_auto\" id=\"style-css-av-16u06dc7-f1b7e6d3d6901beea181404ec5fcb306\">\n.avia-section.av-16u06dc7-f1b7e6d3d6901beea181404ec5fcb306 .av-parallax .av-parallax-inner{\nbackground-repeat:no-repeat;\nbackground-image:url(https:\/\/www.danysoft.com\/wp-content\/uploads\/2017\/10\/header-danysoft-materiales-amigos.jpg);\nbackground-position:50% 0%;\nbackground-attachment:scroll;\n}\n.avia-section.av-16u06dc7-f1b7e6d3d6901beea181404ec5fcb306 .av-section-color-overlay{\nopacity:0.9;\nbackground-color:#e8e8e8;\n}\n<\/style>\n<div id='info'  class='avia-section av-16u06dc7-f1b7e6d3d6901beea181404ec5fcb306 main_color avia-section-default avia-no-shadow  avia-builder-el-4  el_after_av_one_full  avia-builder-el-last  av-parallax-section avia-bg-style-parallax av-section-color-overlay-active container_wrap sidebar_right'  data-section-bg-repeat='no-repeat'><div class='av-parallax' data-avia-parallax-ratio='0.3' ><div class='av-parallax-inner main_color avia-full-stretch'><\/div><\/div><div class=\"av-section-color-overlay-wrap\"><div class=\"av-section-color-overlay\"><\/div><div class='container av-section-cont-open' ><div class='template-page content  av-content-small alpha units'><div class='post-entry post-entry-type-page post-entry-141137'><div class='entry-content-wrapper clearfix'>\n<form action=\"https:\/\/www.danysoft.com\/pt-pt\/subscreva-se\/\" method=\"post\" data-fields-with-error=\"Found errors in the following field(s):\" class=\"avia_ajax_form av-form-labels-hidden   avia-builder-el-5  avia-builder-el-no-sibling  formulariosuscriptores  \" data-avia-form-id=\"1\" data-avia-redirect='' ><fieldset><div id='avia_1_1' class='av-form-text'><section class=\"av_textblock_section \">\n<div class=\"avia_textblock \">\n<h2>SE TIVER URG\u00caNCIA\u2026<\/h2>\n<p><span style=\"color: #000000;\">Estes s\u00e3o os dados b\u00e1sicos para que possamos informar-lhe correctamente, confirme que o seu e-mail esta correcto, enviamos um primeiro e-mail com um resumo dos \u00faltimos materiais para amigos que perdeu, com a informa\u00e7\u00e3o de boas vindas.<\/span><\/p>\n<p><span style=\"color: #000000;\">Os campos com asterisco (*) s\u00e3o de preenchimento obrigat\u00f3rio, os restantes ir\u00e3o ajudar-nos a enviar-lhe a informa\u00e7\u00e3o mais personalizada.<\/span><\/p>\n<\/div>\n<\/section>\n<\/div><p class='  first_form  form_element form_element_third' id='element_avia_2_1'><label for=\"avia_2_1\">Nome <abbr class=\"required\" title=\"required\">*<\/abbr><\/label> <input name=\"avia_2_1\" class=\"text_input is_empty\" type=\"text\" id=\"avia_2_1\" value=\"\"  placeholder='Nome*'\/><\/p><p class='  form_element form_element_third' id='element_avia_3_1'><label for=\"avia_3_1\">Apelidos <abbr class=\"required\" title=\"required\">*<\/abbr><\/label> <input name=\"avia_3_1\" class=\"text_input is_empty\" type=\"text\" id=\"avia_3_1\" value=\"\"  placeholder='Apelidos*'\/><\/p><p class='  form_element form_element_third' id='element_avia_4_1'><label for=\"avia_4_1\">Empresa<\/label> <input name=\"avia_4_1\" class=\"text_input \" type=\"text\" id=\"avia_4_1\" value=\"\"  placeholder='Empresa'\/><\/p><p class='  first_form  form_element form_element_third' id='element_avia_5_1'><label for=\"avia_5_1\">E-mail corporativo <abbr class=\"required\" title=\"required\">*<\/abbr><\/label> <input name=\"avia_5_1\" class=\"text_input is_ext_email\" type=\"text\" id=\"avia_5_1\" value=\"\"  placeholder='E-mail corporativo*'\/><\/p><p class='  form_element form_element_third' id='element_avia_6_1'><label for=\"avia_6_1\">Telefone<\/label> <input name=\"avia_6_1\" class=\"text_input \" type=\"text\" id=\"avia_6_1\" value=\"\"  placeholder='Telefone'\/><\/p><p class='  form_element form_element_third' id='element_avia_7_1'><label for=\"avia_7_1\">Pa\u00eds <abbr class=\"required\" title=\"required\">*<\/abbr><\/label> <input name=\"avia_7_1\" class=\"text_input is_empty\" type=\"text\" id=\"avia_7_1\" value=\"\"  placeholder='Pa\u00eds*'\/><\/p><div id='avia_8_1' class='av-form-text'><p>\u00c1rea de Inter\u00e9s<\/p>\n<\/div><p class='  first_form  form_element form_element_fourth' id='element_avia_9_1'><input  name=\"avia_9_1\" class=\"input_checkbox \" type=\"checkbox\" id=\"avia_9_1\" value=\"true\"\/><label class=\"input_checkbox_label\" for=\"avia_9_1\">Tudo<\/label><\/p><p class='  form_element form_element_fourth' id='element_avia_10_1'><input  name=\"avia_10_1\" class=\"input_checkbox \" type=\"checkbox\" id=\"avia_10_1\" value=\"true\"\/><label class=\"input_checkbox_label\" for=\"avia_10_1\">Programa\u00e7\u00e3o<\/label><\/p><p class='  form_element form_element_fourth' id='element_avia_11_1'><input  name=\"avia_11_1\" class=\"input_checkbox \" type=\"checkbox\" id=\"avia_11_1\" value=\"true\"\/><label class=\"input_checkbox_label\" for=\"avia_11_1\">Dados<\/label><\/p><p class='  form_element form_element_fourth' id='element_avia_12_1'><input  name=\"avia_12_1\" class=\"input_checkbox \" type=\"checkbox\" id=\"avia_12_1\" value=\"true\"\/><label class=\"input_checkbox_label\" for=\"avia_12_1\">Sistemas<\/label><\/p><p class='  first_form  form_element form_element_fourth' id='element_avia_13_1'><input  name=\"avia_13_1\" class=\"input_checkbox \" type=\"checkbox\" id=\"avia_13_1\" value=\"true\"\/><label class=\"input_checkbox_label\" for=\"avia_13_1\">Creativa<\/label><\/p><p class='  form_element form_element_fourth' id='element_avia_14_1'><input  name=\"avia_14_1\" class=\"input_checkbox \" type=\"checkbox\" id=\"avia_14_1\" value=\"true\"\/><label class=\"input_checkbox_label\" for=\"avia_14_1\">Gest\u00e3o de Conte\u00fados<\/label><\/p><p class='  form_element form_element_fourth' id='element_avia_15_1'><input  name=\"avia_15_1\" class=\"input_checkbox \" type=\"checkbox\" id=\"avia_15_1\" value=\"true\"\/><label class=\"input_checkbox_label\" for=\"avia_15_1\">Automa\u00e7\u00e3o de escrit\u00f3rio<\/label><\/p><p class='  form_element form_element_fourth' id='element_avia_16_1'><input  name=\"avia_16_1\" class=\"input_checkbox \" type=\"checkbox\" id=\"avia_16_1\" value=\"true\"\/><label class=\"input_checkbox_label\" for=\"avia_16_1\">Seguran\u00e7a<\/label><\/p><div id='avia_17_1' class='av-form-text'><h2><\/h2>\n<hr \/>\n<h2>\u2026 E SE PODER, PARA ENVIAR-LHE INFORMA\u00c7\u00c3O MAIS PERSONALIZADA<\/h2>\n<p><span style=\"color: #000000;\">Esta informa\u00e7\u00e3o nos ir\u00e1 ajudar a personalizar ainda mais a informa\u00e7\u00e3o que lhe enviamos, de acordo com o seu perfil e prefer\u00eancias.<\/span><\/p>\n<\/div><p class='  first_form  form_element form_element_fourth' id='element_avia_18_1'><label for=\"avia_18_1\">Sou<\/label><select  name=\"avia_18_1\" class=\"select \" id=\"avia_18_1\"><option class=\"av-placeholder\" disabled=\"disabled\" selected=\"selected\" value=''>Sou<\/option><option   value='T\u00e9cnico'>T\u00e9cnico<\/option><option   value='Estudante'>Estudante<\/option><option   value='Profissional Independente'>Profissional Independente<\/option><option   value='Information Worker'>Information Worker<\/option><option   value='\u00c1rea de Compras'>\u00c1rea de Compras<\/option><option   value='Gerente T\u00e9cnico'>Gerente T\u00e9cnico<\/option><option   value='Gest\u00e3o'>Gest\u00e3o<\/option><option   value='CEO'>CEO<\/option><option   value='Outros.'>Outros.<\/option><\/select><\/p><p class='  form_element form_element_fourth' id='element_avia_19_1'><label for=\"avia_19_1\">Sector<\/label><select  name=\"avia_19_1\" class=\"select \" id=\"avia_19_1\"><option class=\"av-placeholder\" disabled=\"disabled\" selected=\"selected\" value=''>Sector<\/option><option   value='Empresa'>Empresa<\/option><option   value='Governo'>Governo<\/option><option   value='Educa\u00e7\u00e3o'>Educa\u00e7\u00e3o<\/option><option   value='ONGs e sem fins lucrativos'>ONGs e sem fins lucrativos<\/option><option   value='Outros'>Outros<\/option><\/select><\/p><p class='  form_element form_element_fourth' id='element_avia_20_1'><label for=\"avia_20_1\">N.\u00ba de Pessoas<\/label><select  name=\"avia_20_1\" class=\"select \" id=\"avia_20_1\"><option class=\"av-placeholder\" disabled=\"disabled\" selected=\"selected\" value=''>N.\u00ba de Pessoas<\/option><option   value='1 pessoa'>1 pessoa<\/option><option   value='2 a 10 pessoas'>2 a 10 pessoas<\/option><option   value='10 a 30 pessoas'>10 a 30 pessoas<\/option><option   value='30 a 100 pessoas'>30 a 100 pessoas<\/option><option   value='100 a 500 pessoas'>100 a 500 pessoas<\/option><option   value='mais de 500 pessoas'>mais de 500 pessoas<\/option><\/select><\/p><p class='  form_element form_element_fourth' id='element_avia_21_1'><label for=\"avia_21_1\">Per\u00edodo de Intervalo de envio<\/label><select  name=\"avia_21_1\" class=\"select \" id=\"avia_21_1\"><option class=\"av-placeholder\" disabled=\"disabled\" selected=\"selected\" value=''>Per\u00edodo de Intervalo de envio<\/option><option   value='1 email por semana'>1 email por semana<\/option><option   value='1 email quinzenal'>1 email quinzenal<\/option><option   value='1 email por m\u00eas'>1 email por m\u00eas<\/option><\/select><\/p><p class='  first_form  form_element form_fullwidth' id='element_avia_22_1'><label for=\"avia_22_1\">Como nos conheceu?<\/label> <input name=\"avia_22_1\" class=\"text_input \" type=\"text\" id=\"avia_22_1\" value=\"\"  placeholder='Como nos conheceu?'\/><\/p><p class='  first_form  form_element form_fullwidth' id='element_avia_23_1'><label for=\"avia_23_1\">Se desejar, pode nos deixar aqui um coment\u00e1rio<\/label> <input name=\"avia_23_1\" class=\"text_input \" type=\"text\" id=\"avia_23_1\" value=\"\"  placeholder='Se desejar, pode nos deixar aqui um coment\u00e1rio'\/><\/p><p class=\"hidden\"><input type=\"text\" name=\"avia_24_1\" class=\"hidden \" id=\"avia_24_1\" value=\"\" \/><\/p><div id='avia_25_1' class='av-recaptcha-area  first_form  form_element form_fullwidth av-last-visible-form-element '  data-container_class=\"\" data-custom_class=\"\" data-context=\"av_contact_form\" data-token_input=\"av_recaptcha_token\" data-version=\"avia_recaptcha_v2\" data-theme=\"light\" data-size=\"normal\" data-score=\"0.5\" data-text_to_preview=\"\" data-value=\"\"><div class=\"av-google-badge-message hidden\">This site is protected by reCAPTCHA and the Google <a href=\"https:\/\/policies.google.com\/privacy\" target=\"_blank\" rel=\"noopener noreferrer\">Privacy Policy<\/a> and <a href=\"https:\/\/policies.google.com\/terms\" target=\"_blank\" rel=\"noopener noreferrer\">Terms of Service<\/a> apply.<\/div><\/div><p class=' av_form_privacy_check av_contact_privacy_check first_form  form_element form_fullwidth' id='element_avia_26_1'><input  name=\"avia_26_1\" class=\"input_checkbox is_empty\" type=\"checkbox\" id=\"avia_26_1\" value=\"true\"\/><label class=\"input_checkbox_label\" for=\"avia_26_1\">Aceito os termos e condi\u00e7\u00f5es estabelecidos na <a href=\"https:\/\/danysoft.com\/pt-pt\/politica-de-privacidade\/\" target=\"_blank\">Pol\u00edtica de Privacidade<\/a> de Dados da Danysoft. <abbr class=\"required\" title=\"required\">*<\/abbr><\/label><\/p><p class=\"form_element \"><input type=\"hidden\" value=\"1\" name=\"avia_generated_form1\" \/><input type=\"submit\" value=\"Enviar\" class=\"button\"  data-sending-label=\"Sending\"\/><\/p><\/fieldset><div class=\"avia-disabled-form\">This contact form is deactivated because you refused to accept Google reCaptcha service which is necessary to validate any messages sent by the form.<\/div><\/form><div id=\"ajaxresponse_1\" class=\"ajaxresponse ajaxresponse_1 hidden\"><\/div>\n<\/div><\/div><\/div><!-- close content main div --><\/div><\/div><\/div><div id='after_section_1'  class='main_color av_default_container_wrap container_wrap sidebar_right'  ><div class='container av-section-cont-open' ><div class='template-page content  av-content-small alpha units'><div class='post-entry post-entry-type-page post-entry-141137'><div class='entry-content-wrapper clearfix'>\n","protected":false},"excerpt":{"rendered":"","protected":false},"author":1,"featured_media":0,"parent":0,"menu_order":0,"comment_status":"closed","ping_status":"closed","template":"","meta":{"_acf_changed":false,"footnotes":""},"categories":[],"tags":[],"class_list":["post-141137","page","type-page","status-publish","hentry"],"acf":[],"yoast_head":"<!-- This site is optimized with the Yoast SEO plugin v27.3 - https:\/\/yoast.com\/product\/yoast-seo-wordpress\/ -->\n<title>Subscreva-se<\/title>\n<meta name=\"robots\" content=\"index, follow, max-snippet:-1, max-image-preview:large, max-video-preview:-1\" \/>\n<link rel=\"canonical\" href=\"https:\/\/www.danysoft.com\/pt-pt\/subscreva-se\/\" \/>\n<meta property=\"og:locale\" content=\"pt_PT\" \/>\n<meta property=\"og:type\" content=\"article\" \/>\n<meta property=\"og:title\" content=\"Subscreva-se\" \/>\n<meta property=\"og:url\" content=\"https:\/\/www.danysoft.com\/pt-pt\/subscreva-se\/\" \/>\n<meta property=\"og:site_name\" content=\"Danysoft\" \/>\n<meta property=\"article:publisher\" content=\"http:\/\/www.facebook.com\/danysoft\" \/>\n<meta property=\"article:modified_time\" content=\"2021-06-15T09:43:00+00:00\" \/>\n<meta name=\"twitter:card\" content=\"summary_large_image\" \/>\n<meta name=\"twitter:site\" content=\"@danysoft_es\" \/>\n<meta name=\"twitter:label1\" content=\"Tempo estimado de leitura\" \/>\n\t<meta name=\"twitter:data1\" content=\"4 minutos\" \/>\n<script type=\"application\/ld+json\" class=\"yoast-schema-graph\">{\"@context\":\"https:\\\/\\\/schema.org\",\"@graph\":[{\"@type\":\"WebPage\",\"@id\":\"https:\\\/\\\/www.danysoft.com\\\/pt-pt\\\/subscreva-se\\\/\",\"url\":\"https:\\\/\\\/www.danysoft.com\\\/pt-pt\\\/subscreva-se\\\/\",\"name\":\"Subscreva-se\",\"isPartOf\":{\"@id\":\"https:\\\/\\\/www.danysoft.com\\\/pt-pt\\\/#website\"},\"datePublished\":\"2019-07-25T09:59:02+00:00\",\"dateModified\":\"2021-06-15T09:43:00+00:00\",\"breadcrumb\":{\"@id\":\"https:\\\/\\\/www.danysoft.com\\\/pt-pt\\\/subscreva-se\\\/#breadcrumb\"},\"inLanguage\":\"pt-PT\",\"potentialAction\":[{\"@type\":\"ReadAction\",\"target\":[\"https:\\\/\\\/www.danysoft.com\\\/pt-pt\\\/subscreva-se\\\/\"]}]},{\"@type\":\"BreadcrumbList\",\"@id\":\"https:\\\/\\\/www.danysoft.com\\\/pt-pt\\\/subscreva-se\\\/#breadcrumb\",\"itemListElement\":[{\"@type\":\"ListItem\",\"position\":1,\"name\":\"Portada\",\"item\":\"https:\\\/\\\/www.danysoft.com\\\/pt-pt\\\/inicio-2-2-2\\\/\"},{\"@type\":\"ListItem\",\"position\":2,\"name\":\"Subscreva-se\"}]},{\"@type\":\"WebSite\",\"@id\":\"https:\\\/\\\/www.danysoft.com\\\/pt-pt\\\/#website\",\"url\":\"https:\\\/\\\/www.danysoft.com\\\/pt-pt\\\/\",\"name\":\"Danysoft\",\"description\":\"Licencias software y servicios de formaci\u00f3n y consultor\u00eda necesarios para su correcto uso\",\"publisher\":{\"@id\":\"https:\\\/\\\/www.danysoft.com\\\/pt-pt\\\/#organization\"},\"potentialAction\":[{\"@type\":\"SearchAction\",\"target\":{\"@type\":\"EntryPoint\",\"urlTemplate\":\"https:\\\/\\\/www.danysoft.com\\\/pt-pt\\\/?s={search_term_string}\"},\"query-input\":{\"@type\":\"PropertyValueSpecification\",\"valueRequired\":true,\"valueName\":\"search_term_string\"}}],\"inLanguage\":\"pt-PT\"},{\"@type\":\"Organization\",\"@id\":\"https:\\\/\\\/www.danysoft.com\\\/pt-pt\\\/#organization\",\"name\":\"Danysoft\",\"url\":\"https:\\\/\\\/www.danysoft.com\\\/pt-pt\\\/\",\"logo\":{\"@type\":\"ImageObject\",\"inLanguage\":\"pt-PT\",\"@id\":\"https:\\\/\\\/www.danysoft.com\\\/pt-pt\\\/#\\\/schema\\\/logo\\\/image\\\/\",\"url\":\"https:\\\/\\\/www.danysoft.com\\\/wp-content\\\/uploads\\\/2018\\\/07\\\/danysoft.png\",\"contentUrl\":\"https:\\\/\\\/www.danysoft.com\\\/wp-content\\\/uploads\\\/2018\\\/07\\\/danysoft.png\",\"width\":1001,\"height\":309,\"caption\":\"Danysoft\"},\"image\":{\"@id\":\"https:\\\/\\\/www.danysoft.com\\\/pt-pt\\\/#\\\/schema\\\/logo\\\/image\\\/\"},\"sameAs\":[\"http:\\\/\\\/www.facebook.com\\\/danysoft\",\"https:\\\/\\\/x.com\\\/danysoft_es\",\"https:\\\/\\\/es.linkedin.com\\\/company\\\/danysoft\",\"https:\\\/\\\/www.youtube.com\\\/user\\\/danysoftech\"]}]}<\/script>\n<!-- \/ Yoast SEO plugin. -->","yoast_head_json":{"title":"Subscreva-se","robots":{"index":"index","follow":"follow","max-snippet":"max-snippet:-1","max-image-preview":"max-image-preview:large","max-video-preview":"max-video-preview:-1"},"canonical":"https:\/\/www.danysoft.com\/pt-pt\/subscreva-se\/","og_locale":"pt_PT","og_type":"article","og_title":"Subscreva-se","og_url":"https:\/\/www.danysoft.com\/pt-pt\/subscreva-se\/","og_site_name":"Danysoft","article_publisher":"http:\/\/www.facebook.com\/danysoft","article_modified_time":"2021-06-15T09:43:00+00:00","twitter_card":"summary_large_image","twitter_site":"@danysoft_es","twitter_misc":{"Tempo estimado de leitura":"4 minutos"},"schema":{"@context":"https:\/\/schema.org","@graph":[{"@type":"WebPage","@id":"https:\/\/www.danysoft.com\/pt-pt\/subscreva-se\/","url":"https:\/\/www.danysoft.com\/pt-pt\/subscreva-se\/","name":"Subscreva-se","isPartOf":{"@id":"https:\/\/www.danysoft.com\/pt-pt\/#website"},"datePublished":"2019-07-25T09:59:02+00:00","dateModified":"2021-06-15T09:43:00+00:00","breadcrumb":{"@id":"https:\/\/www.danysoft.com\/pt-pt\/subscreva-se\/#breadcrumb"},"inLanguage":"pt-PT","potentialAction":[{"@type":"ReadAction","target":["https:\/\/www.danysoft.com\/pt-pt\/subscreva-se\/"]}]},{"@type":"BreadcrumbList","@id":"https:\/\/www.danysoft.com\/pt-pt\/subscreva-se\/#breadcrumb","itemListElement":[{"@type":"ListItem","position":1,"name":"Portada","item":"https:\/\/www.danysoft.com\/pt-pt\/inicio-2-2-2\/"},{"@type":"ListItem","position":2,"name":"Subscreva-se"}]},{"@type":"WebSite","@id":"https:\/\/www.danysoft.com\/pt-pt\/#website","url":"https:\/\/www.danysoft.com\/pt-pt\/","name":"Danysoft","description":"Licencias software y servicios de formaci\u00f3n y consultor\u00eda necesarios para su correcto uso","publisher":{"@id":"https:\/\/www.danysoft.com\/pt-pt\/#organization"},"potentialAction":[{"@type":"SearchAction","target":{"@type":"EntryPoint","urlTemplate":"https:\/\/www.danysoft.com\/pt-pt\/?s={search_term_string}"},"query-input":{"@type":"PropertyValueSpecification","valueRequired":true,"valueName":"search_term_string"}}],"inLanguage":"pt-PT"},{"@type":"Organization","@id":"https:\/\/www.danysoft.com\/pt-pt\/#organization","name":"Danysoft","url":"https:\/\/www.danysoft.com\/pt-pt\/","logo":{"@type":"ImageObject","inLanguage":"pt-PT","@id":"https:\/\/www.danysoft.com\/pt-pt\/#\/schema\/logo\/image\/","url":"https:\/\/www.danysoft.com\/wp-content\/uploads\/2018\/07\/danysoft.png","contentUrl":"https:\/\/www.danysoft.com\/wp-content\/uploads\/2018\/07\/danysoft.png","width":1001,"height":309,"caption":"Danysoft"},"image":{"@id":"https:\/\/www.danysoft.com\/pt-pt\/#\/schema\/logo\/image\/"},"sameAs":["http:\/\/www.facebook.com\/danysoft","https:\/\/x.com\/danysoft_es","https:\/\/es.linkedin.com\/company\/danysoft","https:\/\/www.youtube.com\/user\/danysoftech"]}]}},"_links":{"self":[{"href":"https:\/\/www.danysoft.com\/pt-pt\/wp-json\/wp\/v2\/pages\/141137","targetHints":{"allow":["GET"]}}],"collection":[{"href":"https:\/\/www.danysoft.com\/pt-pt\/wp-json\/wp\/v2\/pages"}],"about":[{"href":"https:\/\/www.danysoft.com\/pt-pt\/wp-json\/wp\/v2\/types\/page"}],"author":[{"embeddable":true,"href":"https:\/\/www.danysoft.com\/pt-pt\/wp-json\/wp\/v2\/users\/1"}],"replies":[{"embeddable":true,"href":"https:\/\/www.danysoft.com\/pt-pt\/wp-json\/wp\/v2\/comments?post=141137"}],"version-history":[{"count":0,"href":"https:\/\/www.danysoft.com\/pt-pt\/wp-json\/wp\/v2\/pages\/141137\/revisions"}],"wp:attachment":[{"href":"https:\/\/www.danysoft.com\/pt-pt\/wp-json\/wp\/v2\/media?parent=141137"}],"wp:term":[{"taxonomy":"category","embeddable":true,"href":"https:\/\/www.danysoft.com\/pt-pt\/wp-json\/wp\/v2\/categories?post=141137"},{"taxonomy":"post_tag","embeddable":true,"href":"https:\/\/www.danysoft.com\/pt-pt\/wp-json\/wp\/v2\/tags?post=141137"}],"curies":[{"name":"wp","href":"https:\/\/api.w.org\/{rel}","templated":true}]}}