{"id":137318,"date":"2019-06-18T14:48:54","date_gmt":"2019-06-18T12:48:54","guid":{"rendered":"https:\/\/www.danysoft.com\/the-parallel-universe\/"},"modified":"2025-04-21T15:45:00","modified_gmt":"2025-04-21T13:45:00","slug":"the-parallel-universe","status":"publish","type":"page","link":"https:\/\/www.danysoft.com\/pt-pt\/the-parallel-universe\/","title":{"rendered":"The Parallel Universe"},"content":{"rendered":"<div id='revolutionslider_1'  class='avia-layerslider avia-revolutionslider main_color avia-shadow  avia-builder-el-0  el_before_av_one_full  avia-builder-el-first   container_wrap sidebar_right'  >\n\t\t\t\t<p class=\"rs-p-wp-fix\"><\/p>\n\t\t\t\t<sr7-module data-alias=\"revistas-intel-parallel\" data-id=\"8\" id=\"SR7_8_1\" class=\"rs-ov-hidden\" data-version=\"6.7.53\">\n\t\t\t\t\t<sr7-adjuster><\/sr7-adjuster>\n\t\t\t\t\t<sr7-content>\n\t\t\t\t\t\t<sr7-slide id=\"SR7_8_1-2\" data-key=\"2\">\n\t\t\t\t\t\t\t<sr7-bg id=\"SR7_8_1-2-1\" class=\"sr7-layer\"><noscript><img decoding=\"async\" src=\"https:\/\/danysoft.com\/wp-content\/uploads\/2019\/06\/slider-36-2.jpg\" alt=\"\" title=\"The Parallel Universe\"><\/noscript><\/sr7-bg>\n\t\t\t\t\t\t<\/sr7-slide>\n\t\t\t\t\t\t<sr7-slide id=\"SR7_8_1-3\" data-key=\"3\">\n\t\t\t\t\t\t\t<sr7-bg id=\"SR7_8_1-3-1\" class=\"sr7-layer\"><noscript><img decoding=\"async\" src=\"https:\/\/danysoft.com\/wp-content\/uploads\/2019\/06\/slider-35-2.jpg\" alt=\"\" title=\"The Parallel Universe\"><\/noscript><\/sr7-bg>\n\t\t\t\t\t\t<\/sr7-slide>\n\t\t\t\t\t\t<sr7-slide id=\"SR7_8_1-4\" data-key=\"4\">\n\t\t\t\t\t\t\t<sr7-bg id=\"SR7_8_1-4-1\" class=\"sr7-layer\"><noscript><img decoding=\"async\" src=\"https:\/\/danysoft.com\/wp-content\/uploads\/2019\/06\/slider-34-2.jpg\" alt=\"\" title=\"The Parallel Universe\"><\/noscript><\/sr7-bg>\n\t\t\t\t\t\t<\/sr7-slide>\n\t\t\t\t\t\t<sr7-slide id=\"SR7_8_1-5\" data-key=\"5\">\n\t\t\t\t\t\t\t<sr7-bg id=\"SR7_8_1-5-1\" class=\"sr7-layer\"><noscript><img decoding=\"async\" src=\"https:\/\/danysoft.com\/wp-content\/uploads\/2019\/06\/slider-33-2.jpg\" alt=\"\" title=\"The Parallel Universe\"><\/noscript><\/sr7-bg>\n\t\t\t\t\t\t<\/sr7-slide>\n\t\t\t\t\t\t<sr7-slide id=\"SR7_8_1-38\" data-key=\"38\">\n\t\t\t\t\t\t<\/sr7-slide>\n\t\t\t\t\t<\/sr7-content>\n\t\t\t\t\t<image_lists style=\"display:none\">\n\t\t\t\t\t\t<img data-src=\"\/\/danysoft.com\/wp-content\/uploads\/2019\/06\/slider-36-2.jpg\" width=\"0\" height=\"0\" data-dbsrc=\"Ly9kYW55c29mdC5jb20vd3AtY29udGVudC91cGxvYWRzLzIwMTkvMDYvc2xpZGVyLTM2LTIuanBn\"\/>\n\t\t\t\t\t\t<img data-src=\"\/\/danysoft.com\/wp-content\/uploads\/2019\/06\/slider-35-2.jpg\" width=\"0\" height=\"0\" data-dbsrc=\"Ly9kYW55c29mdC5jb20vd3AtY29udGVudC91cGxvYWRzLzIwMTkvMDYvc2xpZGVyLTM1LTIuanBn\"\/>\n\t\t\t\t\t\t<img data-src=\"\/\/danysoft.com\/wp-content\/uploads\/2019\/06\/slider-34-2.jpg\" width=\"0\" height=\"0\" data-dbsrc=\"Ly9kYW55c29mdC5jb20vd3AtY29udGVudC91cGxvYWRzLzIwMTkvMDYvc2xpZGVyLTM0LTIuanBn\"\/>\n\t\t\t\t\t\t<img data-src=\"\/\/danysoft.com\/wp-content\/uploads\/2019\/06\/slider-33-2.jpg\" width=\"0\" height=\"0\" data-dbsrc=\"Ly9kYW55c29mdC5jb20vd3AtY29udGVudC91cGxvYWRzLzIwMTkvMDYvc2xpZGVyLTMzLTIuanBn\"\/>\n\t\t\t\t\t<\/image_lists>\n\t\t\t\t<\/sr7-module>\n\t\t\t\t<script>\n\t\t\t\t\twindow.SR7 ??={};SR7.PMH ??={}; SR7.PMH[\"SR7_8_1\"] = {cn:100,state:false,fn: function() { if (window._tpt!==undefined && window._tpt.prepareModuleHeight !== undefined) {  _tpt.prepareModuleHeight({id:\"SR7_8_1\",el:[350,350,350,960,960],type:'standard',shdw:'0',gh:[350,350,350,960,960],gw:[1920,1920,1920,778,778],vpt:['-200px&#039;,&#039;-200px&#039;,&#039;-200px&#039;,&#039;-200px&#039;,&#039;-200px'],size:{fullWidth:true, fullHeight:false},mh:'0',onh:0,onw:0,bg:{color:'{\"orig\":\"transparent\",\"type\":\"solid\",\"string\":\"transparent\"}'},plType:'0',plColor:'#FFFFFF'});   SR7.PMH[\"SR7_8_1\"].state=true;} else if(SR7.PMH[\"SR7_8_1\"].cn-->0)\tsetTimeout( SR7.PMH[\"SR7_8_1\"].fn,19);}};SR7.PMH[\"SR7_8_1\" ].fn();\n\t\t\t\t<\/script>\n<\/div><div id='after_revolutionslider_1'  class='main_color av_default_container_wrap container_wrap sidebar_right'  ><div class='container av-section-cont-open' ><div class='template-page content  av-content-small alpha units'><div class='post-entry post-entry-type-page post-entry-137318'><div class='entry-content-wrapper clearfix'>\n\n<style type=\"text\/css\" data-created_by=\"avia_inline_auto\" id=\"style-css-av-5vaky3r-b8c8b3fc36db5ada5a2584d44b4a98c7\">\n.flex_column.av-5vaky3r-b8c8b3fc36db5ada5a2584d44b4a98c7{\nborder-radius:0px 0px 0px 0px;\npadding:0px 0px 0px 0px;\n}\n<\/style>\n<div  class='flex_column av-5vaky3r-b8c8b3fc36db5ada5a2584d44b4a98c7 av_one_full  avia-builder-el-1  el_after_av_revolutionslider  el_before_av_one_full  avia-builder-el-first  first flex_column_div av-zero-column-padding  '     ><style type=\"text\/css\" data-created_by=\"avia_inline_auto\" id=\"style-css-av-mdwny1z-729b6ae41d0cf3b3f7516e6f7ab73693\">\n#top .av-special-heading.av-mdwny1z-729b6ae41d0cf3b3f7516e6f7ab73693{\npadding-bottom:10px;\n}\nbody .av-special-heading.av-mdwny1z-729b6ae41d0cf3b3f7516e6f7ab73693 .av-special-heading-tag .heading-char{\nfont-size:25px;\n}\n.av-special-heading.av-mdwny1z-729b6ae41d0cf3b3f7516e6f7ab73693 .av-subheading{\nfont-size:15px;\n}\n<\/style>\n<div  class='av-special-heading av-mdwny1z-729b6ae41d0cf3b3f7516e6f7ab73693 av-special-heading-h1 blockquote modern-quote modern-centered  avia-builder-el-2  avia-builder-el-no-sibling '><h1 class='av-special-heading-tag '  itemprop=\"headline\"  >THE PARALLEL UNIVERSE<\/h1><div class='av-subheading av-subheading_below'><p>Nestas revistas poder\u00e1 descubrir os novos recursos e elementos que comp\u00f5em as ferramentas do Software Intel. Consulte as nossas revistas e artigos para modernizar o seu c\u00f3digo.<\/p>\n<\/div><div class=\"special-heading-border\"><div class=\"special-heading-inner-border\"><\/div><\/div><\/div><\/div>\n<div  class='flex_column av-av_one_full-2d22dc0500e159f2b39fe7a147caf14c av_one_full  avia-builder-el-3  el_after_av_one_full  el_before_av_section  avia-builder-el-last  first flex_column_div  column-top-margin'     ><\/div><\/div><\/div><\/div><!-- close content main div --><\/div><\/div>\n<style type=\"text\/css\" data-created_by=\"avia_inline_auto\" id=\"style-css-av-1favwbaf-7778819b56970d979a1adde59766ebf1\">\n.avia-section.av-1favwbaf-7778819b56970d979a1adde59766ebf1{\nbackground-color:#0071c5;\nbackground-image:unset;\n}\n<\/style>\n<div id='info'  class='avia-section av-1favwbaf-7778819b56970d979a1adde59766ebf1 main_color avia-section-default avia-no-shadow  avia-builder-el-5  el_after_av_one_full  el_before_av_comments_list  avia-bg-style-parallax container_wrap sidebar_right'  ><div class='container av-section-cont-open' ><div class='template-page content  av-content-small alpha units'><div class='post-entry post-entry-type-page post-entry-137318'><div class='entry-content-wrapper clearfix'>\n\n<style type=\"text\/css\" data-created_by=\"avia_inline_auto\" id=\"style-css-av-50m5uxz-9a1f5d19a070d93dbbe55a5c97fdf89a\">\n#top .av_textblock_section.av-50m5uxz-9a1f5d19a070d93dbbe55a5c97fdf89a .avia_textblock{\ncolor:#ffffff;\n}\n<\/style>\n<section  class='av_textblock_section av-50m5uxz-9a1f5d19a070d93dbbe55a5c97fdf89a '   itemscope=\"itemscope\" itemtype=\"https:\/\/schema.org\/CreativeWork\" ><div class='avia_textblock av_inherit_color'  itemprop=\"text\" ><h1 style=\"text-align: center;\">PODE SOLICITAR O KIT DE FERRAMENTAS DE OPENVINO GRATUITAMENTE<\/h1>\n<\/div><\/section>\n\n<style type=\"text\/css\" data-created_by=\"avia_inline_auto\" id=\"style-css-av-jwuef2sk-f2248feaf51567f3143b5a8c0516e10b\">\n#top .av_textblock_section.av-jwuef2sk-f2248feaf51567f3143b5a8c0516e10b .avia_textblock{\ncolor:#ffffff;\n}\n<\/style>\n<section  class='av_textblock_section av-jwuef2sk-f2248feaf51567f3143b5a8c0516e10b '   itemscope=\"itemscope\" itemtype=\"https:\/\/schema.org\/CreativeWork\" ><div class='avia_textblock av_inherit_color'  itemprop=\"text\" ><p style=\"text-align: center;\">Desfrute de um amplo cat\u00e1logo de tutoriais em v\u00eddeo da Intel Software em formato de v\u00eddeo.<\/p>\n<\/div><\/section>\n<form action=\"https:\/\/www.danysoft.com\/pt-pt\/the-parallel-universe\/\" method=\"post\" data-fields-with-error=\"Found errors in the following field(s):\" class=\"avia_ajax_form av-form-labels-visible   avia-builder-el-8  el_after_av_textblock  avia-builder-el-last  av-custom-form-color av-light-form \" data-avia-form-id=\"1\" data-avia-redirect='' ><h3 class=''> <\/h3><fieldset><p class='  first_form  form_element form_element_half' id='element_avia_1_1'><label for=\"avia_1_1\">Nome <abbr class=\"required\" title=\"required\">*<\/abbr><\/label> <input name=\"avia_1_1\" class=\"text_input is_empty\" type=\"text\" id=\"avia_1_1\" value=\"\" \/><\/p><p class='  form_element form_element_half' id='element_avia_2_1'><label for=\"avia_2_1\"> Apelidos <abbr class=\"required\" title=\"required\">*<\/abbr><\/label> <input name=\"avia_2_1\" class=\"text_input is_empty\" type=\"text\" id=\"avia_2_1\" value=\"\" \/><\/p><p class='  first_form  form_element form_element_half' id='element_avia_3_1'><label for=\"avia_3_1\">E-mail empresarial <abbr class=\"required\" title=\"required\">*<\/abbr><\/label> <input name=\"avia_3_1\" class=\"text_input is_email\" type=\"text\" id=\"avia_3_1\" value=\"\" \/><\/p><p class='  form_element form_element_half' id='element_avia_4_1'><label for=\"avia_4_1\">Telefone <abbr class=\"required\" title=\"required\">*<\/abbr><\/label> <input name=\"avia_4_1\" class=\"text_input is_empty\" type=\"text\" id=\"avia_4_1\" value=\"\" \/><\/p><p class='  first_form  form_element form_element_half' id='element_avia_5_1'><label for=\"avia_5_1\">Empresa<\/label> <input name=\"avia_5_1\" class=\"text_input \" type=\"text\" id=\"avia_5_1\" value=\"\" \/><\/p><p class='  form_element form_element_half' id='element_avia_6_1'><label for=\"avia_6_1\">Pa\u00eds <abbr class=\"required\" title=\"required\">*<\/abbr><\/label> <input name=\"avia_6_1\" class=\"text_input is_empty\" type=\"text\" id=\"avia_6_1\" value=\"\" \/><\/p><p class='  first_form  form_element form_fullwidth' id='element_avia_7_1'><label for=\"avia_7_1\">Asunto<\/label> <input name=\"avia_7_1\" class=\"text_input \" type=\"text\" id=\"avia_7_1\" value=\"\" \/><\/p><p class='  first_form  form_element form_fullwidth' id='element_avia_8_1'><label for=\"avia_8_1\">Mensaje <abbr class=\"required\" title=\"required\">*<\/abbr><\/label> <input name=\"avia_8_1\" class=\"text_input is_empty\" type=\"text\" id=\"avia_8_1\" value=\"\" \/><\/p><p class='  first_form  form_element form_fullwidth' id='element_avia_9_1'><input  name=\"avia_9_1\" class=\"input_checkbox \" type=\"checkbox\" id=\"avia_9_1\" value=\"true\"\/><label class=\"input_checkbox_label\" for=\"avia_9_1\">Solicitar vers\u00e3o de avalia\u00e7\u00e3o<\/label><\/p><p class=\"hidden\"><input type=\"text\" name=\"avia_10_1\" class=\"hidden \" id=\"avia_10_1\" value=\"\" \/><\/p><div id='avia_11_1' class='av-recaptcha-area  first_form  form_element form_fullwidth av-last-visible-form-element '  data-container_class=\"\" data-custom_class=\"\" data-context=\"av_contact_form\" data-token_input=\"av_recaptcha_token\" data-version=\"avia_recaptcha_v2\" data-theme=\"light\" data-size=\"normal\" data-score=\"0.5\" data-text_to_preview=\"\" data-value=\"\"><div class=\"av-google-badge-message hidden\">This site is protected by reCAPTCHA and the Google <a href=\"https:\/\/policies.google.com\/privacy\" target=\"_blank\" rel=\"noopener noreferrer\">Privacy Policy<\/a> and <a href=\"https:\/\/policies.google.com\/terms\" target=\"_blank\" rel=\"noopener noreferrer\">Terms of Service<\/a> apply.<\/div><\/div><p class=' av_form_privacy_check av_contact_privacy_check first_form  form_element form_fullwidth' id='element_avia_12_1'><input  name=\"avia_12_1\" class=\"input_checkbox is_empty\" type=\"checkbox\" id=\"avia_12_1\" value=\"true\"\/><label class=\"input_checkbox_label\" for=\"avia_12_1\">Aceito os termos e condi\u00e7\u00f5es estabelecidos na <a href=\"https:\/\/danysoft.com\/pt-pt\/politica-de-privacidade\/\" target=\"_blank\">Pol\u00edtica de Privacidade<\/a> de Dados da Danysoft. <abbr class=\"required\" title=\"required\">*<\/abbr><\/label><\/p><p class=\"form_element \"><input type=\"hidden\" value=\"1\" name=\"avia_generated_form1\" \/><input type=\"submit\" value=\"Enviar\" class=\"button\"  data-sending-label=\"Sending\"\/><\/p><\/fieldset><div class=\"avia-disabled-form\">This contact form is deactivated because you refused to accept Google reCaptcha service which is necessary to validate any messages sent by the form.<\/div><\/form><div id=\"ajaxresponse_1\" class=\"ajaxresponse ajaxresponse_1 hidden\"><\/div>\n<\/div><\/div><\/div><!-- close content main div --><\/div><\/div><div id='after_section_1'  class='main_color av_default_container_wrap container_wrap sidebar_right'  ><div class='container av-section-cont-open' ><div class='template-page content  av-content-small alpha units'><div class='post-entry post-entry-type-page post-entry-137318'><div class='entry-content-wrapper clearfix'>\n<div  class='av-buildercomment av-55nr2g7-414c3c9ab681fba83364617e57ed5cda  av-blog-meta-author-disabled av-blog-meta-category-disabled av-blog-meta-html-info-disabled'><\/div>\n","protected":false},"excerpt":{"rendered":"","protected":false},"author":1,"featured_media":159770,"parent":0,"menu_order":0,"comment_status":"open","ping_status":"closed","template":"","meta":{"_acf_changed":false,"footnotes":""},"categories":[3497,3393],"tags":[4850,4851],"class_list":["post-137318","page","type-page","status-publish","has-post-thumbnail","hentry","category-revistas-pt-pt","category-software-pt","tag-europeo-pt-pt","tag-europython-pt-pt"],"acf":[],"yoast_head":"<!-- This site is optimized with the Yoast SEO plugin v27.3 - https:\/\/yoast.com\/product\/yoast-seo-wordpress\/ -->\n<title>Intel The Parallel Universe - Danysoft<\/title>\n<meta name=\"description\" content=\"Revistias Intel Parallel Universe\" \/>\n<meta name=\"robots\" content=\"index, follow, max-snippet:-1, max-image-preview:large, max-video-preview:-1\" \/>\n<link rel=\"canonical\" href=\"https:\/\/www.danysoft.com\/pt-pt\/the-parallel-universe\/\" \/>\n<meta property=\"og:locale\" content=\"pt_PT\" \/>\n<meta property=\"og:type\" content=\"article\" \/>\n<meta property=\"og:title\" content=\"Intel The Parallel Universe - Danysoft\" \/>\n<meta property=\"og:description\" content=\"Revistias Intel Parallel Universe\" \/>\n<meta property=\"og:url\" content=\"https:\/\/www.danysoft.com\/pt-pt\/the-parallel-universe\/\" \/>\n<meta property=\"og:site_name\" content=\"Danysoft\" \/>\n<meta property=\"article:publisher\" content=\"http:\/\/www.facebook.com\/danysoft\" \/>\n<meta property=\"article:modified_time\" content=\"2025-04-21T13:45:00+00:00\" \/>\n<meta property=\"og:image\" content=\"https:\/\/www.danysoft.com\/wp-content\/uploads\/2020\/07\/imagen-destacada-the-parallel-universe.jpg\" \/>\n\t<meta property=\"og:image:width\" content=\"227\" \/>\n\t<meta property=\"og:image:height\" content=\"183\" \/>\n\t<meta property=\"og:image:type\" content=\"image\/jpeg\" \/>\n<meta name=\"twitter:card\" content=\"summary_large_image\" \/>\n<meta name=\"twitter:site\" content=\"@danysoft_es\" \/>\n<meta name=\"twitter:label1\" content=\"Tempo estimado de leitura\" \/>\n\t<meta name=\"twitter:data1\" content=\"2 minutos\" \/>\n<script type=\"application\/ld+json\" class=\"yoast-schema-graph\">{\"@context\":\"https:\\\/\\\/schema.org\",\"@graph\":[{\"@type\":\"WebPage\",\"@id\":\"https:\\\/\\\/www.danysoft.com\\\/pt-pt\\\/the-parallel-universe\\\/\",\"url\":\"https:\\\/\\\/www.danysoft.com\\\/pt-pt\\\/the-parallel-universe\\\/\",\"name\":\"Intel The Parallel Universe - Danysoft\",\"isPartOf\":{\"@id\":\"https:\\\/\\\/www.danysoft.com\\\/pt-pt\\\/#website\"},\"primaryImageOfPage\":{\"@id\":\"https:\\\/\\\/www.danysoft.com\\\/pt-pt\\\/the-parallel-universe\\\/#primaryimage\"},\"image\":{\"@id\":\"https:\\\/\\\/www.danysoft.com\\\/pt-pt\\\/the-parallel-universe\\\/#primaryimage\"},\"thumbnailUrl\":\"https:\\\/\\\/www.danysoft.com\\\/wp-content\\\/uploads\\\/2020\\\/07\\\/imagen-destacada-the-parallel-universe.jpg\",\"datePublished\":\"2019-06-18T12:48:54+00:00\",\"dateModified\":\"2025-04-21T13:45:00+00:00\",\"description\":\"Revistias Intel Parallel Universe\",\"breadcrumb\":{\"@id\":\"https:\\\/\\\/www.danysoft.com\\\/pt-pt\\\/the-parallel-universe\\\/#breadcrumb\"},\"inLanguage\":\"pt-PT\",\"potentialAction\":[{\"@type\":\"ReadAction\",\"target\":[\"https:\\\/\\\/www.danysoft.com\\\/pt-pt\\\/the-parallel-universe\\\/\"]}]},{\"@type\":\"ImageObject\",\"inLanguage\":\"pt-PT\",\"@id\":\"https:\\\/\\\/www.danysoft.com\\\/pt-pt\\\/the-parallel-universe\\\/#primaryimage\",\"url\":\"https:\\\/\\\/www.danysoft.com\\\/wp-content\\\/uploads\\\/2020\\\/07\\\/imagen-destacada-the-parallel-universe.jpg\",\"contentUrl\":\"https:\\\/\\\/www.danysoft.com\\\/wp-content\\\/uploads\\\/2020\\\/07\\\/imagen-destacada-the-parallel-universe.jpg\",\"width\":227,\"height\":183},{\"@type\":\"BreadcrumbList\",\"@id\":\"https:\\\/\\\/www.danysoft.com\\\/pt-pt\\\/the-parallel-universe\\\/#breadcrumb\",\"itemListElement\":[{\"@type\":\"ListItem\",\"position\":1,\"name\":\"Portada\",\"item\":\"https:\\\/\\\/www.danysoft.com\\\/pt-pt\\\/inicio-2-2-2\\\/\"},{\"@type\":\"ListItem\",\"position\":2,\"name\":\"The Parallel Universe\"}]},{\"@type\":\"WebSite\",\"@id\":\"https:\\\/\\\/www.danysoft.com\\\/pt-pt\\\/#website\",\"url\":\"https:\\\/\\\/www.danysoft.com\\\/pt-pt\\\/\",\"name\":\"Danysoft\",\"description\":\"Licencias software y servicios de formaci\u00f3n y consultor\u00eda necesarios para su correcto uso\",\"publisher\":{\"@id\":\"https:\\\/\\\/www.danysoft.com\\\/pt-pt\\\/#organization\"},\"potentialAction\":[{\"@type\":\"SearchAction\",\"target\":{\"@type\":\"EntryPoint\",\"urlTemplate\":\"https:\\\/\\\/www.danysoft.com\\\/pt-pt\\\/?s={search_term_string}\"},\"query-input\":{\"@type\":\"PropertyValueSpecification\",\"valueRequired\":true,\"valueName\":\"search_term_string\"}}],\"inLanguage\":\"pt-PT\"},{\"@type\":\"Organization\",\"@id\":\"https:\\\/\\\/www.danysoft.com\\\/pt-pt\\\/#organization\",\"name\":\"Danysoft\",\"url\":\"https:\\\/\\\/www.danysoft.com\\\/pt-pt\\\/\",\"logo\":{\"@type\":\"ImageObject\",\"inLanguage\":\"pt-PT\",\"@id\":\"https:\\\/\\\/www.danysoft.com\\\/pt-pt\\\/#\\\/schema\\\/logo\\\/image\\\/\",\"url\":\"https:\\\/\\\/www.danysoft.com\\\/wp-content\\\/uploads\\\/2018\\\/07\\\/danysoft.png\",\"contentUrl\":\"https:\\\/\\\/www.danysoft.com\\\/wp-content\\\/uploads\\\/2018\\\/07\\\/danysoft.png\",\"width\":1001,\"height\":309,\"caption\":\"Danysoft\"},\"image\":{\"@id\":\"https:\\\/\\\/www.danysoft.com\\\/pt-pt\\\/#\\\/schema\\\/logo\\\/image\\\/\"},\"sameAs\":[\"http:\\\/\\\/www.facebook.com\\\/danysoft\",\"https:\\\/\\\/x.com\\\/danysoft_es\",\"https:\\\/\\\/es.linkedin.com\\\/company\\\/danysoft\",\"https:\\\/\\\/www.youtube.com\\\/user\\\/danysoftech\"]}]}<\/script>\n<!-- \/ Yoast SEO plugin. -->","yoast_head_json":{"title":"Intel The Parallel Universe - Danysoft","description":"Revistias Intel Parallel Universe","robots":{"index":"index","follow":"follow","max-snippet":"max-snippet:-1","max-image-preview":"max-image-preview:large","max-video-preview":"max-video-preview:-1"},"canonical":"https:\/\/www.danysoft.com\/pt-pt\/the-parallel-universe\/","og_locale":"pt_PT","og_type":"article","og_title":"Intel The Parallel Universe - Danysoft","og_description":"Revistias Intel Parallel Universe","og_url":"https:\/\/www.danysoft.com\/pt-pt\/the-parallel-universe\/","og_site_name":"Danysoft","article_publisher":"http:\/\/www.facebook.com\/danysoft","article_modified_time":"2025-04-21T13:45:00+00:00","og_image":[{"width":227,"height":183,"url":"https:\/\/www.danysoft.com\/wp-content\/uploads\/2020\/07\/imagen-destacada-the-parallel-universe.jpg","type":"image\/jpeg"}],"twitter_card":"summary_large_image","twitter_site":"@danysoft_es","twitter_misc":{"Tempo estimado de leitura":"2 minutos"},"schema":{"@context":"https:\/\/schema.org","@graph":[{"@type":"WebPage","@id":"https:\/\/www.danysoft.com\/pt-pt\/the-parallel-universe\/","url":"https:\/\/www.danysoft.com\/pt-pt\/the-parallel-universe\/","name":"Intel The Parallel Universe - Danysoft","isPartOf":{"@id":"https:\/\/www.danysoft.com\/pt-pt\/#website"},"primaryImageOfPage":{"@id":"https:\/\/www.danysoft.com\/pt-pt\/the-parallel-universe\/#primaryimage"},"image":{"@id":"https:\/\/www.danysoft.com\/pt-pt\/the-parallel-universe\/#primaryimage"},"thumbnailUrl":"https:\/\/www.danysoft.com\/wp-content\/uploads\/2020\/07\/imagen-destacada-the-parallel-universe.jpg","datePublished":"2019-06-18T12:48:54+00:00","dateModified":"2025-04-21T13:45:00+00:00","description":"Revistias Intel Parallel Universe","breadcrumb":{"@id":"https:\/\/www.danysoft.com\/pt-pt\/the-parallel-universe\/#breadcrumb"},"inLanguage":"pt-PT","potentialAction":[{"@type":"ReadAction","target":["https:\/\/www.danysoft.com\/pt-pt\/the-parallel-universe\/"]}]},{"@type":"ImageObject","inLanguage":"pt-PT","@id":"https:\/\/www.danysoft.com\/pt-pt\/the-parallel-universe\/#primaryimage","url":"https:\/\/www.danysoft.com\/wp-content\/uploads\/2020\/07\/imagen-destacada-the-parallel-universe.jpg","contentUrl":"https:\/\/www.danysoft.com\/wp-content\/uploads\/2020\/07\/imagen-destacada-the-parallel-universe.jpg","width":227,"height":183},{"@type":"BreadcrumbList","@id":"https:\/\/www.danysoft.com\/pt-pt\/the-parallel-universe\/#breadcrumb","itemListElement":[{"@type":"ListItem","position":1,"name":"Portada","item":"https:\/\/www.danysoft.com\/pt-pt\/inicio-2-2-2\/"},{"@type":"ListItem","position":2,"name":"The Parallel Universe"}]},{"@type":"WebSite","@id":"https:\/\/www.danysoft.com\/pt-pt\/#website","url":"https:\/\/www.danysoft.com\/pt-pt\/","name":"Danysoft","description":"Licencias software y servicios de formaci\u00f3n y consultor\u00eda necesarios para su correcto uso","publisher":{"@id":"https:\/\/www.danysoft.com\/pt-pt\/#organization"},"potentialAction":[{"@type":"SearchAction","target":{"@type":"EntryPoint","urlTemplate":"https:\/\/www.danysoft.com\/pt-pt\/?s={search_term_string}"},"query-input":{"@type":"PropertyValueSpecification","valueRequired":true,"valueName":"search_term_string"}}],"inLanguage":"pt-PT"},{"@type":"Organization","@id":"https:\/\/www.danysoft.com\/pt-pt\/#organization","name":"Danysoft","url":"https:\/\/www.danysoft.com\/pt-pt\/","logo":{"@type":"ImageObject","inLanguage":"pt-PT","@id":"https:\/\/www.danysoft.com\/pt-pt\/#\/schema\/logo\/image\/","url":"https:\/\/www.danysoft.com\/wp-content\/uploads\/2018\/07\/danysoft.png","contentUrl":"https:\/\/www.danysoft.com\/wp-content\/uploads\/2018\/07\/danysoft.png","width":1001,"height":309,"caption":"Danysoft"},"image":{"@id":"https:\/\/www.danysoft.com\/pt-pt\/#\/schema\/logo\/image\/"},"sameAs":["http:\/\/www.facebook.com\/danysoft","https:\/\/x.com\/danysoft_es","https:\/\/es.linkedin.com\/company\/danysoft","https:\/\/www.youtube.com\/user\/danysoftech"]}]}},"_links":{"self":[{"href":"https:\/\/www.danysoft.com\/pt-pt\/wp-json\/wp\/v2\/pages\/137318","targetHints":{"allow":["GET"]}}],"collection":[{"href":"https:\/\/www.danysoft.com\/pt-pt\/wp-json\/wp\/v2\/pages"}],"about":[{"href":"https:\/\/www.danysoft.com\/pt-pt\/wp-json\/wp\/v2\/types\/page"}],"author":[{"embeddable":true,"href":"https:\/\/www.danysoft.com\/pt-pt\/wp-json\/wp\/v2\/users\/1"}],"replies":[{"embeddable":true,"href":"https:\/\/www.danysoft.com\/pt-pt\/wp-json\/wp\/v2\/comments?post=137318"}],"version-history":[{"count":0,"href":"https:\/\/www.danysoft.com\/pt-pt\/wp-json\/wp\/v2\/pages\/137318\/revisions"}],"wp:featuredmedia":[{"embeddable":true,"href":"https:\/\/www.danysoft.com\/pt-pt\/wp-json\/wp\/v2\/media\/159770"}],"wp:attachment":[{"href":"https:\/\/www.danysoft.com\/pt-pt\/wp-json\/wp\/v2\/media?parent=137318"}],"wp:term":[{"taxonomy":"category","embeddable":true,"href":"https:\/\/www.danysoft.com\/pt-pt\/wp-json\/wp\/v2\/categories?post=137318"},{"taxonomy":"post_tag","embeddable":true,"href":"https:\/\/www.danysoft.com\/pt-pt\/wp-json\/wp\/v2\/tags?post=137318"}],"curies":[{"name":"wp","href":"https:\/\/api.w.org\/{rel}","templated":true}]}}