{"id":129088,"date":"2018-06-20T00:00:16","date_gmt":"2018-06-19T22:00:16","guid":{"rendered":"https:\/\/www.danysoft.com\/politica-de-cookies\/"},"modified":"2019-06-19T14:56:04","modified_gmt":"2019-06-19T12:56:04","slug":"politica-de-cookies","status":"publish","type":"page","link":"https:\/\/www.danysoft.com\/pt-pt\/politica-de-cookies\/","title":{"rendered":"Pol\u00edtica de cookies"},"content":{"rendered":"<div  class='flex_column av-14m2ut4-039f012023a7619d52785851418c1de7 av_one_full  avia-builder-el-0  avia-builder-el-no-sibling  first flex_column_div  '     ><section  class='av_textblock_section av-jjia2p3q-51d805cc27a7590701460bca02043916 '   itemscope=\"itemscope\" itemtype=\"https:\/\/schema.org\/CreativeWork\" ><div class='avia_textblock'  itemprop=\"text\" ><h2>INFORMA\u00c7\u00c3O SOBRE COOKIES<\/h2>\n<\/div><\/section><br \/>\n\n<style type=\"text\/css\" data-created_by=\"avia_inline_auto\" id=\"style-css-av-jjia20gu-8ce314bc1d2009fe452a4d2483105ee5\">\n#top .hr.hr-invisible.av-jjia20gu-8ce314bc1d2009fe452a4d2483105ee5{\nheight:20px;\n}\n<\/style>\n<div  class='hr av-jjia20gu-8ce314bc1d2009fe452a4d2483105ee5 hr-invisible  avia-builder-el-2  el_after_av_textblock  el_before_av_textblock '><span class='hr-inner '><span class=\"hr-inner-style\"><\/span><\/span><\/div><br \/>\n<section  class='av_textblock_section av-kq9e6w-68635f05dc042febdbb2a1431f0f5a20 '   itemscope=\"itemscope\" itemtype=\"https:\/\/schema.org\/CreativeWork\" ><div class='avia_textblock'  itemprop=\"text\" ><p>Devido \u00e0 entrada em vigor da altera\u00e7\u00e3o da \u201cLei dos Servi\u00e7os da Sociedade da Informa\u00e7\u00e3o\u201d (LSSICE), estabelecido pelo Decreto Real 13\/2012, \u00e9 obrigat\u00f3rio o consentimento expresso do usu\u00e1rio para todas as p\u00e1ginas da web que utilizam cookies essenciais antes de consult\u00e1-los.<\/p>\n<p><strong>Que s\u00e3o as COOKIES?<\/strong><\/p>\n<p>Cookies e outras tecnologias semelhantes, como objetos compartilhados locais, flash cookies ou pixels, s\u00e3o ferramentas usadas pelos servidores Web para armazenar e recuperar informa\u00e7\u00e3o sobre seus visitantes, bem como para permitir o funcionamento adequado do site.<\/p>\n<p>Atrav\u00e9s da utiliza\u00e7\u00e3o destes dispositivos, o servidor Web \u00e9 capaz de recordar alguns dados relativos ao usu\u00e1rio, como prefer\u00eancias para visualizar as p\u00e1ginas do servidor, o seu nome e contrassenha, produtos que mais os interessam, etc.<\/p>\n<p><strong>COOKIES AFETADOS PELO REGULAMENTO E COOKIES ISENTOS<\/strong><\/p>\n<p>De acordo com a diretiva da UE, os cookies que exigem o consentimento informado do usu\u00e1rio s\u00e3o, os anal\u00edticos, publicidade e afilia\u00e7\u00e3o enquanto os cookies t\u00e9cnicos e aqueles que s\u00e3o necess\u00e1rios para o funcionamento do site ou a presta\u00e7\u00e3o de servi\u00e7os expressamente solicitados pelo usu\u00e1rio est\u00e3o isentos.<\/p>\n<p><strong>QUAIS S\u00c3O OS TIPO DE COOKIES?<\/strong><\/p>\n<p>Existem cinco grupos principais de cookies:<\/p>\n<p><em>Cookies<\/em>\u00a0anal\u00edticos: estes\u00a0<em>cookies<\/em>\u00a0coletam informa\u00e7\u00f5es sobre como o site \u00e9 usado.<\/p>\n<p>Cookies sociais: s\u00e3o necess\u00e1rios para redes sociais externas.<\/p>\n<p><em>Cookies<\/em>\u00a0afiliados: permitem rastrear visitas de outros sites, com os quais o site estabelece acordos afiliados.<\/p>\n<p><em>Cookies de\u00a0<\/em>Publicidade e comportamento: coletam informa\u00e7\u00e3o sobre as prefer\u00eancias e escolhas pessoais do usu\u00e1rio (retargeting).<\/p>\n<p><em>Cookies<\/em>\u00a0t\u00e9cnicos e funcionais: s\u00e3o estritamente necess\u00e1rios para o uso do site e para a presta\u00e7\u00e3o do servi\u00e7o contratado.<\/p>\n<p><strong>\u00a0COOKIES\u00a0USADOS POR ESTE WEBSITE<\/strong><\/p>\n<p><strong>PHPSESSID<\/strong>:\u00a0<em>cookie<\/em>\u00a0t\u00e9cnico e estritamente necess\u00e1rio que cont\u00e9m o identificador de sess\u00e3o. Se elimina quando fecha o navegador.<\/p>\n<p><strong>_lang:<\/strong>\u00a0<em>cookies<\/em>\u00a0t\u00e9cnicos e estritamente necess\u00e1rios que cont\u00e9m o idioma da sess\u00e3o. Se elimina quando se fecha o navegador.<\/p>\n<p><strong>ac_cookies<\/strong>:\u00a0<em>cookie<\/em>\u00a0t\u00e9cnico e estritamente necess\u00e1rio que cont\u00e9m o valor de se a instala\u00e7\u00e3o de cookies foi aceite. Expira 1 ano ap\u00f3s a \u00faltima atualiza\u00e7\u00e3o.<\/p>\n<p><strong>_ga:<\/strong>\u00a0<em>cookie<\/em>\u00a0do Google Analytics que permite controlar visitas exclusivas. Um cookie ser\u00e1 instalado na primeira vez em que um usu\u00e1rio efetuar login no site usando um navegador. Quando esse usu\u00e1rio entra novamente no site usando o mesmo navegador, o cookie distingue que \u00e9 o mesmo usu\u00e1rio. Somente se o usu\u00e1rio mudar de navegador ser\u00e1 considerado um usu\u00e1rio diferente. Ela expira dois anos ap\u00f3s a \u00faltima atualiza\u00e7\u00e3o. Mais informa\u00e7\u00f5es sobre o tratamento realizado pelo Google Analytics aqui.<\/p>\n<p>_<strong>_gat:<\/strong>\u00a0este\u00a0<em>cookie<\/em>\u00a0est\u00e1 associado ao Google Analytics. Ele \u00e9 usado para limitar a taxa de solicita\u00e7\u00f5es \u2013 limitando a coleta de dados em sites de alto tr\u00e1fego. Ela expira ap\u00f3s 10 minutos.<\/p>\n<p><strong>_gid:<\/strong>\u00a0este\u00a0<em>cookie<\/em>\u00a0est\u00e1 associado ao Google Analytics. \u00c9 usado para distinguir usu\u00e1rios. Expira ap\u00f3s 24 horas.<\/p>\n<p><strong>\u00a0REVOGAR CONSENTIMENTO PARA INSTALAR COOKIES<\/strong><\/p>\n<p><strong>COMO ELIMINAR COOKIES DO SEU NAVEGADOR<\/strong><\/p>\n<p><strong>CHROME<\/strong><\/p>\n<ol>\n<li>Fa\u00e7a clique no menu<\/li>\n<li>Clique em configura\u00e7\u00e3o<\/li>\n<li>Clique em mostrar op\u00e7\u00f5es avan\u00e7adas<\/li>\n<li>Na sec\u00e7\u00e3o \u201cPrivacidade e seguran\u00e7a\u201d, clique em Configura\u00e7\u00f5es de conte\u00fado.<\/li>\n<\/ol>\n<ul>\n<li>Eliminar cookies: clique em Ver todos os cookies e dados do site<\/li>\n<li>N\u00e3o permita que cookies sejam armazenados.<\/li>\n<\/ul>\n<ol start=\"5\">\n<li>Clique em Eliminar tudo<\/li>\n<li>Feche e reinicie o navegador.<\/li>\n<\/ol>\n<p>Para mais informa\u00e7\u00f5es sobre o Chrome, clique aqui: http:\/\/support.google.com\/chrome\/answer\/95647?hl=es<\/p>\n<p><strong>Internet Explorer. Vers\u00e3o 11<\/strong><\/p>\n<ol>\n<li>Selecione Ferramentas<\/li>\n<li>Clique em Seguran\u00e7a<\/li>\n<li>Clique em Eliminar hist\u00f3rico de navega\u00e7\u00e3o<\/li>\n<li>Selecione cookies<\/li>\n<li>Selecione arquivos tempor\u00e1rios da Internet<\/li>\n<li>Clique Eliminar<\/li>\n<li>Click OK.<\/li>\n<li>Feche e reinicie o navegador.<\/li>\n<\/ol>\n<p>Para mais informa\u00e7\u00e3o sobre o Internet Explorer, clique aqui: https:\/\/support.microsoft.com\/es-es\/kb\/278835<\/p>\n<p><strong>Firefox. Vers\u00e3o 18<\/strong><\/p>\n<ol>\n<li>Abra o menu<\/li>\n<li>Clique em Op\u00e7\u00f5es<\/li>\n<li>Selecione a guia Privacidade e Seguran\u00e7a. Em Cookies e dados do site, clique em Limpar dados \u2026<\/li>\n<li>Selecione Cookies e Dados do Site e Conte\u00fado da Web em Cache<\/li>\n<li>Clique em Limpar<\/li>\n<li>Feche e reinicie o navegador<\/li>\n<\/ol>\n<p>Pode aceitar ou recusar cookies individualmente clicando em Administrar dados<\/p>\n<p>Para mais informa\u00e7\u00e3o sobre o Mozilla Firefox, clique aqui:\u00a0<a href=\"https:\/\/support.mozilla.org\/en-US\/kb\/delete-cookies-remove-info-websites-stored\">https:\/\/support.mozilla.org\/en-US\/kb\/delete-cookies-remove-info-websites-stored<\/a><\/p>\n<p><strong>Safari Vers\u00e3o 5.1<\/strong><\/p>\n<ol>\n<li>Clique em Safari<\/li>\n<li>Selecione a guia Privacidade e Seguran\u00e7a. Clique em Prefer\u00eancias e, em seguida, em Privacidade<\/li>\n<li>Clique em Remover cookies e dados armazenados.<\/li>\n<li>Feche e reinicie o navegador.<\/li>\n<\/ol>\n<p>Para mais informa\u00e7\u00e3o sobre o Safari, clique aqui: <\/p>\n<p><strong>Opera<\/strong><\/p>\n<p>Op\u00e7\u00f5es \u2013 Avan\u00e7adas \u2013 Cookies<\/p>\n<p>As configura\u00e7\u00f5es de cookies controlam como o Opera os manipula e, portanto, se s\u00e3o aceites ou rejeitados.<\/p>\n<p>Para mais informa\u00e7\u00e3o sobre o Opera, clique aqui:\u00a0https:\/\/help.opera.com\/en\/latest\/security-and-privacy\/<\/p>\n<p><strong>Outros navegadores<\/strong><\/p>\n<p>Consulte a documenta\u00e7\u00e3o do navegador instalado.<\/p>\n<\/div><\/section><\/p><\/div>\n","protected":false},"excerpt":{"rendered":"","protected":false},"author":1,"featured_media":0,"parent":0,"menu_order":0,"comment_status":"closed","ping_status":"closed","template":"","meta":{"_acf_changed":false,"footnotes":""},"categories":[],"tags":[],"class_list":["post-129088","page","type-page","status-publish","hentry"],"acf":[],"yoast_head":"<!-- This site is optimized with the Yoast SEO plugin v27.4 - https:\/\/yoast.com\/product\/yoast-seo-wordpress\/ -->\n<title>Pol\u00edtica de cookies<\/title>\n<meta name=\"description\" content=\"El titular de esta p\u00e1gina web le informa que parte de los servicios que DANYSOFT ofrece a sus usuarios utilizan cookies\" \/>\n<meta name=\"robots\" content=\"index, follow, max-snippet:-1, max-image-preview:large, max-video-preview:-1\" \/>\n<link rel=\"canonical\" href=\"https:\/\/www.danysoft.com\/pt-pt\/politica-de-cookies\/\" \/>\n<meta property=\"og:locale\" content=\"pt_PT\" \/>\n<meta property=\"og:type\" content=\"article\" \/>\n<meta property=\"og:title\" content=\"Pol\u00edtica de cookies\" \/>\n<meta property=\"og:description\" content=\"El titular de esta p\u00e1gina web le informa que parte de los servicios que DANYSOFT ofrece a sus usuarios utilizan cookies\" \/>\n<meta property=\"og:url\" content=\"https:\/\/www.danysoft.com\/pt-pt\/politica-de-cookies\/\" \/>\n<meta property=\"og:site_name\" content=\"Danysoft\" \/>\n<meta property=\"article:publisher\" content=\"http:\/\/www.facebook.com\/danysoft\" \/>\n<meta property=\"article:modified_time\" content=\"2019-06-19T12:56:04+00:00\" \/>\n<meta name=\"twitter:card\" content=\"summary_large_image\" \/>\n<meta name=\"twitter:site\" content=\"@danysoft_es\" \/>\n<meta name=\"twitter:label1\" content=\"Tempo estimado de leitura\" \/>\n\t<meta name=\"twitter:data1\" content=\"5 minutos\" \/>\n<script type=\"application\/ld+json\" class=\"yoast-schema-graph\">{\"@context\":\"https:\\\/\\\/schema.org\",\"@graph\":[{\"@type\":\"WebPage\",\"@id\":\"https:\\\/\\\/www.danysoft.com\\\/pt-pt\\\/politica-de-cookies\\\/\",\"url\":\"https:\\\/\\\/www.danysoft.com\\\/pt-pt\\\/politica-de-cookies\\\/\",\"name\":\"Pol\u00edtica de cookies\",\"isPartOf\":{\"@id\":\"https:\\\/\\\/www.danysoft.com\\\/pt-pt\\\/#website\"},\"datePublished\":\"2018-06-19T22:00:16+00:00\",\"dateModified\":\"2019-06-19T12:56:04+00:00\",\"description\":\"El titular de esta p\u00e1gina web le informa que parte de los servicios que DANYSOFT ofrece a sus usuarios utilizan cookies\",\"breadcrumb\":{\"@id\":\"https:\\\/\\\/www.danysoft.com\\\/pt-pt\\\/politica-de-cookies\\\/#breadcrumb\"},\"inLanguage\":\"pt-PT\",\"potentialAction\":[{\"@type\":\"ReadAction\",\"target\":[\"https:\\\/\\\/www.danysoft.com\\\/pt-pt\\\/politica-de-cookies\\\/\"]}]},{\"@type\":\"BreadcrumbList\",\"@id\":\"https:\\\/\\\/www.danysoft.com\\\/pt-pt\\\/politica-de-cookies\\\/#breadcrumb\",\"itemListElement\":[{\"@type\":\"ListItem\",\"position\":1,\"name\":\"Portada\",\"item\":\"https:\\\/\\\/www.danysoft.com\\\/pt-pt\\\/inicio-2-2-2\\\/\"},{\"@type\":\"ListItem\",\"position\":2,\"name\":\"Pol\u00edtica de cookies\"}]},{\"@type\":\"WebSite\",\"@id\":\"https:\\\/\\\/www.danysoft.com\\\/pt-pt\\\/#website\",\"url\":\"https:\\\/\\\/www.danysoft.com\\\/pt-pt\\\/\",\"name\":\"Danysoft\",\"description\":\"Licencias software y servicios de formaci\u00f3n y consultor\u00eda necesarios para su correcto uso\",\"publisher\":{\"@id\":\"https:\\\/\\\/www.danysoft.com\\\/pt-pt\\\/#organization\"},\"potentialAction\":[{\"@type\":\"SearchAction\",\"target\":{\"@type\":\"EntryPoint\",\"urlTemplate\":\"https:\\\/\\\/www.danysoft.com\\\/pt-pt\\\/?s={search_term_string}\"},\"query-input\":{\"@type\":\"PropertyValueSpecification\",\"valueRequired\":true,\"valueName\":\"search_term_string\"}}],\"inLanguage\":\"pt-PT\"},{\"@type\":\"Organization\",\"@id\":\"https:\\\/\\\/www.danysoft.com\\\/pt-pt\\\/#organization\",\"name\":\"Danysoft\",\"url\":\"https:\\\/\\\/www.danysoft.com\\\/pt-pt\\\/\",\"logo\":{\"@type\":\"ImageObject\",\"inLanguage\":\"pt-PT\",\"@id\":\"https:\\\/\\\/www.danysoft.com\\\/pt-pt\\\/#\\\/schema\\\/logo\\\/image\\\/\",\"url\":\"https:\\\/\\\/www.danysoft.com\\\/wp-content\\\/uploads\\\/2018\\\/07\\\/danysoft.png\",\"contentUrl\":\"https:\\\/\\\/www.danysoft.com\\\/wp-content\\\/uploads\\\/2018\\\/07\\\/danysoft.png\",\"width\":1001,\"height\":309,\"caption\":\"Danysoft\"},\"image\":{\"@id\":\"https:\\\/\\\/www.danysoft.com\\\/pt-pt\\\/#\\\/schema\\\/logo\\\/image\\\/\"},\"sameAs\":[\"http:\\\/\\\/www.facebook.com\\\/danysoft\",\"https:\\\/\\\/x.com\\\/danysoft_es\",\"https:\\\/\\\/es.linkedin.com\\\/company\\\/danysoft\",\"https:\\\/\\\/www.youtube.com\\\/user\\\/danysoftech\"]}]}<\/script>\n<!-- \/ Yoast SEO plugin. -->","yoast_head_json":{"title":"Pol\u00edtica de cookies","description":"El titular de esta p\u00e1gina web le informa que parte de los servicios que DANYSOFT ofrece a sus usuarios utilizan cookies","robots":{"index":"index","follow":"follow","max-snippet":"max-snippet:-1","max-image-preview":"max-image-preview:large","max-video-preview":"max-video-preview:-1"},"canonical":"https:\/\/www.danysoft.com\/pt-pt\/politica-de-cookies\/","og_locale":"pt_PT","og_type":"article","og_title":"Pol\u00edtica de cookies","og_description":"El titular de esta p\u00e1gina web le informa que parte de los servicios que DANYSOFT ofrece a sus usuarios utilizan cookies","og_url":"https:\/\/www.danysoft.com\/pt-pt\/politica-de-cookies\/","og_site_name":"Danysoft","article_publisher":"http:\/\/www.facebook.com\/danysoft","article_modified_time":"2019-06-19T12:56:04+00:00","twitter_card":"summary_large_image","twitter_site":"@danysoft_es","twitter_misc":{"Tempo estimado de leitura":"5 minutos"},"schema":{"@context":"https:\/\/schema.org","@graph":[{"@type":"WebPage","@id":"https:\/\/www.danysoft.com\/pt-pt\/politica-de-cookies\/","url":"https:\/\/www.danysoft.com\/pt-pt\/politica-de-cookies\/","name":"Pol\u00edtica de cookies","isPartOf":{"@id":"https:\/\/www.danysoft.com\/pt-pt\/#website"},"datePublished":"2018-06-19T22:00:16+00:00","dateModified":"2019-06-19T12:56:04+00:00","description":"El titular de esta p\u00e1gina web le informa que parte de los servicios que DANYSOFT ofrece a sus usuarios utilizan cookies","breadcrumb":{"@id":"https:\/\/www.danysoft.com\/pt-pt\/politica-de-cookies\/#breadcrumb"},"inLanguage":"pt-PT","potentialAction":[{"@type":"ReadAction","target":["https:\/\/www.danysoft.com\/pt-pt\/politica-de-cookies\/"]}]},{"@type":"BreadcrumbList","@id":"https:\/\/www.danysoft.com\/pt-pt\/politica-de-cookies\/#breadcrumb","itemListElement":[{"@type":"ListItem","position":1,"name":"Portada","item":"https:\/\/www.danysoft.com\/pt-pt\/inicio-2-2-2\/"},{"@type":"ListItem","position":2,"name":"Pol\u00edtica de cookies"}]},{"@type":"WebSite","@id":"https:\/\/www.danysoft.com\/pt-pt\/#website","url":"https:\/\/www.danysoft.com\/pt-pt\/","name":"Danysoft","description":"Licencias software y servicios de formaci\u00f3n y consultor\u00eda necesarios para su correcto uso","publisher":{"@id":"https:\/\/www.danysoft.com\/pt-pt\/#organization"},"potentialAction":[{"@type":"SearchAction","target":{"@type":"EntryPoint","urlTemplate":"https:\/\/www.danysoft.com\/pt-pt\/?s={search_term_string}"},"query-input":{"@type":"PropertyValueSpecification","valueRequired":true,"valueName":"search_term_string"}}],"inLanguage":"pt-PT"},{"@type":"Organization","@id":"https:\/\/www.danysoft.com\/pt-pt\/#organization","name":"Danysoft","url":"https:\/\/www.danysoft.com\/pt-pt\/","logo":{"@type":"ImageObject","inLanguage":"pt-PT","@id":"https:\/\/www.danysoft.com\/pt-pt\/#\/schema\/logo\/image\/","url":"https:\/\/www.danysoft.com\/wp-content\/uploads\/2018\/07\/danysoft.png","contentUrl":"https:\/\/www.danysoft.com\/wp-content\/uploads\/2018\/07\/danysoft.png","width":1001,"height":309,"caption":"Danysoft"},"image":{"@id":"https:\/\/www.danysoft.com\/pt-pt\/#\/schema\/logo\/image\/"},"sameAs":["http:\/\/www.facebook.com\/danysoft","https:\/\/x.com\/danysoft_es","https:\/\/es.linkedin.com\/company\/danysoft","https:\/\/www.youtube.com\/user\/danysoftech"]}]}},"_links":{"self":[{"href":"https:\/\/www.danysoft.com\/pt-pt\/wp-json\/wp\/v2\/pages\/129088","targetHints":{"allow":["GET"]}}],"collection":[{"href":"https:\/\/www.danysoft.com\/pt-pt\/wp-json\/wp\/v2\/pages"}],"about":[{"href":"https:\/\/www.danysoft.com\/pt-pt\/wp-json\/wp\/v2\/types\/page"}],"author":[{"embeddable":true,"href":"https:\/\/www.danysoft.com\/pt-pt\/wp-json\/wp\/v2\/users\/1"}],"replies":[{"embeddable":true,"href":"https:\/\/www.danysoft.com\/pt-pt\/wp-json\/wp\/v2\/comments?post=129088"}],"version-history":[{"count":0,"href":"https:\/\/www.danysoft.com\/pt-pt\/wp-json\/wp\/v2\/pages\/129088\/revisions"}],"wp:attachment":[{"href":"https:\/\/www.danysoft.com\/pt-pt\/wp-json\/wp\/v2\/media?parent=129088"}],"wp:term":[{"taxonomy":"category","embeddable":true,"href":"https:\/\/www.danysoft.com\/pt-pt\/wp-json\/wp\/v2\/categories?post=129088"},{"taxonomy":"post_tag","embeddable":true,"href":"https:\/\/www.danysoft.com\/pt-pt\/wp-json\/wp\/v2\/tags?post=129088"}],"curies":[{"name":"wp","href":"https:\/\/api.w.org\/{rel}","templated":true}]}}