{"id":59393,"date":"2014-06-06T18:54:54","date_gmt":"2014-06-06T16:54:54","guid":{"rendered":"http:\/\/www.danysoft.com\/inicio\/aledit\/contacto\/"},"modified":"2025-06-10T14:04:40","modified_gmt":"2025-06-10T12:04:40","slug":"contatto","status":"publish","type":"page","link":"https:\/\/www.danysoft.com\/it\/danysoft\/contatto\/","title":{"rendered":"Contatto"},"content":{"rendered":"<div  class='av_gmaps_sc_main_wrap av_gmaps_main_wrap '><div id='av_gmap_0' class='avia-google-map-container avia-google-map-sc av_gmaps_show_unconditionally av-no-fallback-img ' data-mapid='av_gmap_0'  style='height: 400px;'><a class=\"av_gmaps_browser_disabled av_text_confirm_link av_text_confirm_link_visible\" href=\"https:\/\/www.google.com\/maps\/search\/?api=1&#038;query=45.4608652,9.184415599999966\" target=\"_blank\">Le mappe sono state disabilitate dal visitatore di questo sito. Clicca per aprire la mappa in una nuova finestra.<\/a><\/div><\/div>\n<div  class='flex_column av-5xd71s1-64345354281f7aebde0a7426b84a111c av_two_third  avia-builder-el-1  el_after_av_google_map  el_before_av_one_third  avia-builder-el-first  first flex_column_div  '     ><p>\n<style type=\"text\/css\" data-created_by=\"avia_inline_auto\" id=\"style-css-av-5h8tpa9-fe4cc216b6eaaf76abf235deda9f0298\">\n#top .av-special-heading.av-5h8tpa9-fe4cc216b6eaaf76abf235deda9f0298{\npadding-bottom:10px;\n}\nbody .av-special-heading.av-5h8tpa9-fe4cc216b6eaaf76abf235deda9f0298 .av-special-heading-tag .heading-char{\nfont-size:25px;\n}\n.av-special-heading.av-5h8tpa9-fe4cc216b6eaaf76abf235deda9f0298 .av-subheading{\nfont-size:15px;\n}\n<\/style>\n<div  class='av-special-heading av-5h8tpa9-fe4cc216b6eaaf76abf235deda9f0298 av-special-heading-h3 meta-heading  avia-builder-el-2  el_before_av_textblock  avia-builder-el-first '><h3 class='av-special-heading-tag '  itemprop=\"headline\"  >Modulo Customer Service<\/h3><div class=\"special-heading-border\"><div class=\"special-heading-inner-border\"><\/div><\/div><\/div><br \/>\n<section  class='av_textblock_section av-4u9m1dt-9391d7239a1f0f402dd839e88b98a124 '   itemscope=\"itemscope\" itemtype=\"https:\/\/schema.org\/CreativeWork\" ><div class='avia_textblock'  itemprop=\"text\" ><p>Gentile Cliente, La preghiamo di introdurre un commento o una richiesta di informazioni con la massima informazione possibile.Una volta ricevuto, ci metteremo in contatto con Lei prima possibile per\u00a0e-mail o telefono:<\/p>\n<\/div><\/section><br \/>\n<section  class='av_textblock_section av-4eorpj5-7cdb1716402c0cb6513d92fb60238773 '   itemscope=\"itemscope\" itemtype=\"https:\/\/schema.org\/CreativeWork\" ><div class='avia_textblock'  itemprop=\"text\" >\n<div class=\"wpcf7 no-js\" id=\"wpcf7-f97523-o1\" lang=\"es-ES\" dir=\"ltr\" data-wpcf7-id=\"97523\">\n<div class=\"screen-reader-response\"><p role=\"status\" aria-live=\"polite\" aria-atomic=\"true\"><\/p> <ul><\/ul><\/div>\n<form action=\"\/it\/wp-json\/wp\/v2\/pages\/59393#wpcf7-f97523-o1\" method=\"post\" class=\"wpcf7-form init wpcf7-acceptance-as-validation\" aria-label=\"Formulario de contacto\" novalidate=\"novalidate\" data-status=\"init\">\n<fieldset class=\"hidden-fields-container\"><input type=\"hidden\" name=\"_wpcf7\" value=\"97523\" \/><input type=\"hidden\" name=\"_wpcf7_version\" value=\"6.1.5\" \/><input type=\"hidden\" name=\"_wpcf7_locale\" value=\"es_ES\" \/><input type=\"hidden\" name=\"_wpcf7_unit_tag\" value=\"wpcf7-f97523-o1\" \/><input type=\"hidden\" name=\"_wpcf7_container_post\" value=\"0\" \/><input type=\"hidden\" name=\"_wpcf7_posted_data_hash\" value=\"\" \/><input type=\"hidden\" name=\"_wpcf7_recaptcha_response\" value=\"\" \/>\n<\/fieldset>\n<div style=\"width: 100%; margin: 0; padding: 0\">\n\t<div style=\"display: flex; flex-wrap: wrap; width: 100%\">\n\t\t<div class=\"columna_form_event_pt\" style=\"width: 50%\">\n\t\t\t<div style=\"padding: 0px 20px\"> \n <!-- Contenido de la primera columna -->\n\t\t\t\t<p class=\"form_element form_element_half\"><br \/>\n<label>Nome<abbr class=\"required\" title=\"required\">*<\/abbr><\/label><br \/>\n<span class=\"wpcf7-form-control-wrap\" data-name=\"your-name\"><input size=\"40\" maxlength=\"400\" class=\"wpcf7-form-control wpcf7-text wpcf7-validates-as-required\" aria-required=\"true\" aria-invalid=\"false\" value=\"\" type=\"text\" name=\"your-name\" \/><\/span>\n\t\t\t\t<\/p>\n\t\t\t\t<p class=\"form_element form_element_half\"><br \/>\n<label>Cognomi<abbr class=\"required\" title=\"required\">*<\/abbr><\/label><br \/>\n<span class=\"wpcf7-form-control-wrap\" data-name=\"apellidos\"><input size=\"40\" maxlength=\"400\" class=\"wpcf7-form-control wpcf7-text wpcf7-validates-as-required\" aria-required=\"true\" aria-invalid=\"false\" value=\"\" type=\"text\" name=\"apellidos\" \/><\/span>\n\t\t\t\t<\/p>\n\t\t\t\t<p class=\"first_form form_element form_element_half\"><br \/>\n<label> Telefono <abbr class=\"required\" title=\"required\">*<\/abbr><\/label><br \/>\n<span class=\"wpcf7-form-control-wrap\" data-name=\"telefono\"><input size=\"40\" maxlength=\"400\" class=\"wpcf7-form-control wpcf7-tel wpcf7-validates-as-required wpcf7-text wpcf7-validates-as-tel\" aria-required=\"true\" aria-invalid=\"false\" value=\"\" type=\"tel\" name=\"telefono\" \/><\/span>\n\t\t\t\t<\/p>\n\t\t\t\t<p class=\"form_element form_element_half\"><br \/>\n<label>Societ\u00e0<\/label><br \/>\n<span class=\"wpcf7-form-control-wrap\" data-name=\"empresa\"><input size=\"40\" maxlength=\"400\" class=\"wpcf7-form-control wpcf7-text\" aria-invalid=\"false\" value=\"\" type=\"text\" name=\"empresa\" \/><\/span>\n\t\t\t\t<\/p>\n\t\t\t<\/div>\n\t\t<\/div>\n\t\t<div class=\"columna_form_event_pt\" style=\"width: 50%;\">\n\t\t\t<div style=\"padding: 0px 20px\"> \n <!-- Contenido de la segunda columna -->\n\t\t\t\t<p class=\" first_form  form_element form_element_half\"><br \/>\n<label>E-mail aziendale <abbr class=\"required\" title=\"required\">*<\/abbr><\/label><br \/>\n<span class=\"wpcf7-form-control-wrap\" data-name=\"your-email\"><input size=\"40\" maxlength=\"400\" class=\"wpcf7-form-control wpcf7-email wpcf7-validates-as-required wpcf7-text wpcf7-validates-as-email\" aria-required=\"true\" aria-invalid=\"false\" value=\"\" type=\"email\" name=\"your-email\" \/><\/span>\n\t\t\t\t<\/p>\n\t\t\t\t<p class=\" first_form  form_element form_element_half\"><br \/>\n<label>Ripeti la tua mail per la sicurezza <abbr class=\"required\" title=\"required\">*<\/abbr><\/label><br \/>\n<span class=\"wpcf7-form-control-wrap\" data-name=\"your-email-confirm\"><input size=\"40\" maxlength=\"400\" class=\"wpcf7-form-control wpcf7-email wpcf7-validates-as-required wpcf7-text wpcf7-validates-as-email\" aria-required=\"true\" aria-invalid=\"false\" value=\"\" type=\"email\" name=\"your-email-confirm\" \/><\/span>\n\t\t\t\t<\/p>\n\t\t\t\t<p class=\"form_element form_element_half\"><br \/>\n<label>Paese<\/label><br \/>\n<span class=\"wpcf7-form-control-wrap\" data-name=\"pais\"><input size=\"40\" maxlength=\"400\" class=\"wpcf7-form-control wpcf7-text\" aria-invalid=\"false\" value=\"\" type=\"text\" name=\"pais\" \/><\/span>\n\t\t\t\t<\/p>\n\t\t\t\t<p class=\"form_element form_element_half\"><br \/>\n<label>Citt\u00e0 <\/label><br \/>\n<span class=\"wpcf7-form-control-wrap\" data-name=\"ciudad\"><input size=\"40\" maxlength=\"400\" class=\"wpcf7-form-control wpcf7-text\" aria-invalid=\"false\" value=\"\" type=\"text\" name=\"ciudad\" \/><\/span>\n\t\t\t\t<\/p>\n\t\t\t<\/div>\n\t\t<\/div>\n\t<\/div>\n\t<div style=\"width: 100%; padding: 0 20px\">\n\t\t<p class=\"first_form form_element form_fullwidth\"><br \/>\n<label> Affari <abbr class=\"required\" title=\"required\">*<\/abbr><\/label><br \/>\n<span class=\"wpcf7-form-control-wrap\" data-name=\"your-subject\"><input size=\"40\" maxlength=\"400\" class=\"wpcf7-form-control wpcf7-text wpcf7-validates-as-required\" aria-required=\"true\" aria-invalid=\"false\" value=\"\" type=\"text\" name=\"your-subject\" \/><\/span>\n\t\t<\/p>\n\t\t<p class=\"form_element form_fullwidth\"><br \/>\n<label> Messaggio <\/label><br \/>\n<span class=\"wpcf7-form-control-wrap\" data-name=\"mensaje\"><textarea cols=\"40\" rows=\"10\" maxlength=\"2000\" class=\"wpcf7-form-control wpcf7-textarea\" aria-invalid=\"false\" name=\"mensaje\"><\/textarea><\/span>\n\t\t<\/p>\n\t\t<p class=\"form_element form_fullwidth\"><span class=\"wpcf7-form-control-wrap\" data-name=\"aceptacion\"><span class=\"wpcf7-form-control wpcf7-acceptance\"><span class=\"wpcf7-list-item\"><input type=\"checkbox\" name=\"aceptacion\" value=\"1\" aria-invalid=\"false\" \/><\/span><\/span><\/span> Data Protection Act. Ci permettono di mantenere i dati nel nostro database, in ogni caso i suoi dati saranno ceduti a terzi. <a href=\"https:\/\/www.danysoft.com\/it\/privacy\/\" target=\"_blank\">Visione della Privacy Policy Danysoft<\/a>*.\n\t\t<\/p>\n\t<span class=\"wpcf7-form-control-wrap recaptcha\" data-name=\"recaptcha\"><span data-sitekey=\"6LcM2aIUAAAAAKzRojwe8xvEqGCpImJ-sfp6boNW\" class=\"wpcf7-form-control wpcf7-recaptcha g-recaptcha\"><\/span>\r\n<noscript>\r\n\t<div class=\"grecaptcha-noscript\">\r\n\t\t<iframe loading=\"lazy\" src=\"https:\/\/www.google.com\/recaptcha\/api\/fallback?k=6LcM2aIUAAAAAKzRojwe8xvEqGCpImJ-sfp6boNW\" frameborder=\"0\" scrolling=\"no\" width=\"310\" height=\"430\">\r\n\t\t<\/iframe>\r\n\t\t<textarea name=\"g-recaptcha-response\" rows=\"3\" cols=\"40\" placeholder=\"Aqu\u00ed la respuesta de reCAPTCHA\">\r\n\t\t<\/textarea>\r\n\t<\/div>\r\n<\/noscript>\r\n<\/span>\n\t\t<p><input class=\"wpcf7-form-control wpcf7-submit has-spinner\" type=\"submit\" value=\"Inviare\" \/>\n\t\t<\/p>\n\t<\/div>\n<\/div>\n<style>\n\t@media screen and (max-width: 767px) {\n .columna_form_event_pt {\n width: 100% !important;\n }\n<\/style><p style=\"display: none !important;\" class=\"akismet-fields-container\" data-prefix=\"_wpcf7_ak_\"><label>&#916;<textarea name=\"_wpcf7_ak_hp_textarea\" cols=\"45\" rows=\"8\" maxlength=\"100\"><\/textarea><\/label><input type=\"hidden\" id=\"ak_js_1\" name=\"_wpcf7_ak_js\" value=\"112\"\/><script type=\"text\/javascript\">\n\/* <![CDATA[ *\/\ndocument.getElementById( \"ak_js_1\" ).setAttribute( \"value\", ( new Date() ).getTime() );\n\/* ]]> *\/\n<\/script>\n<\/p><input type='hidden' class='wpcf7-pum' value='{\"closepopup\":false,\"closedelay\":0,\"openpopup\":false,\"openpopup_id\":0}' \/><div class=\"wpcf7-response-output\" aria-hidden=\"true\"><\/div>\n<\/form>\n<\/div>\n\n<\/div><\/section><\/p><\/div>\n\n<style type=\"text\/css\" data-created_by=\"avia_inline_auto\" id=\"style-css-av-42xgif5-b328b5117922c801c5852b21e078cc8c\">\n.flex_column.av-42xgif5-b328b5117922c801c5852b21e078cc8c{\nborder-radius:0px 0px 0px 0px;\npadding:0px 0px 0px 0px;\n}\n<\/style>\n<div  class='flex_column av-42xgif5-b328b5117922c801c5852b21e078cc8c av_one_third  avia-builder-el-5  el_after_av_two_third  avia-builder-el-last  flex_column_div av-zero-column-padding  '     ><p>\n<style type=\"text\/css\" data-created_by=\"avia_inline_auto\" id=\"style-css-av-av_heading-8969c7ccdcf41e2cc49d91092db90326\">\n#top .av-special-heading.av-av_heading-8969c7ccdcf41e2cc49d91092db90326{\npadding-bottom:10px;\n}\nbody .av-special-heading.av-av_heading-8969c7ccdcf41e2cc49d91092db90326 .av-special-heading-tag .heading-char{\nfont-size:25px;\n}\n#top #wrap_all .av-special-heading.av-av_heading-8969c7ccdcf41e2cc49d91092db90326 .av-special-heading-tag{\nfont-size:20px;\n}\n.av-special-heading.av-av_heading-8969c7ccdcf41e2cc49d91092db90326 .av-subheading{\nfont-size:15px;\n}\n<\/style>\n<div  class='av-special-heading av-av_heading-8969c7ccdcf41e2cc49d91092db90326 av-special-heading-h3 meta-heading  avia-builder-el-6  el_before_av_textblock  avia-builder-el-first '><h3 class='av-special-heading-tag '  itemprop=\"headline\"  >Il nostro orario<\/h3><div class=\"special-heading-border\"><div class=\"special-heading-inner-border\"><\/div><\/div><\/div><br \/>\n<section  class='av_textblock_section av-2xrr17l-8dc8239724145c45f21ede907f66e6ac '   itemscope=\"itemscope\" itemtype=\"https:\/\/schema.org\/CreativeWork\" ><div class='avia_textblock'  itemprop=\"text\" ><p>Da Luned\u00ec\u00a0\u00a0a Gioved\u00ec:\u00a08:30h &#8211; 18:00h<\/p>\n<p>Venerd\u00ec: 08:30h -15:00h<\/p>\n<\/div><\/section><br \/>\n\n<style type=\"text\/css\" data-created_by=\"avia_inline_auto\" id=\"style-css-av-av_heading-a2cd285210f286b97634de55e24a7f86\">\n#top .av-special-heading.av-av_heading-a2cd285210f286b97634de55e24a7f86{\npadding-bottom:10px;\n}\nbody .av-special-heading.av-av_heading-a2cd285210f286b97634de55e24a7f86 .av-special-heading-tag .heading-char{\nfont-size:25px;\n}\n#top #wrap_all .av-special-heading.av-av_heading-a2cd285210f286b97634de55e24a7f86 .av-special-heading-tag{\nfont-size:20px;\n}\n.av-special-heading.av-av_heading-a2cd285210f286b97634de55e24a7f86 .av-subheading{\nfont-size:15px;\n}\n<\/style>\n<div  class='av-special-heading av-av_heading-a2cd285210f286b97634de55e24a7f86 av-special-heading-h3 meta-heading  avia-builder-el-8  el_after_av_textblock  el_before_av_textblock '><h3 class='av-special-heading-tag '  itemprop=\"headline\"  >Dove siamo<\/h3><div class=\"special-heading-border\"><div class=\"special-heading-inner-border\"><\/div><\/div><\/div><br \/>\n<section  class='av_textblock_section av-26rbqv5-f86b2c02cc3e005d863f910d459d1be9 '   itemscope=\"itemscope\" itemtype=\"https:\/\/schema.org\/CreativeWork\" ><div class='avia_textblock'  itemprop=\"text\" ><p><strong>Italia<\/strong><\/p>\n<p>Via Bagutta, 13, 20121 Milano MI, Italia<\/p>\n<p>T: <a href=\"tel:&#091;+39&#093; 02 3929 7886\"><strong>[+39] 02 3929 7886<\/strong><\/a><\/p>\n<p>&#8212;<\/p>\n<p><strong>Portogallo<\/strong><\/p>\n<p>Av. D. <span data-teams=\"true\">Jo\u00e3o II, Lote 1.07.2.1, Piso 0 &#8211; Parque das Na\u00e7\u00f5es | 1998-014 Lisboa, Portugal<\/span><\/p>\n<p>T: <a href=\"tel:+351300301657\"><strong>[+351] 300 30 16 57<\/strong><\/a><\/p>\n<p>&#8212;<\/p>\n<p><b>Spagna<\/b><\/p>\n<p>Avda. de la industria 4, edif. 1<br \/>\nNatea Business Park<br \/>\n28108 Alcobendas | Madrid | Espa\u00f1a<\/p>\n<p>T: <a href=\"tel:+34916638683\"><strong>[+34] 916 63 86 83<\/strong><\/a><\/p>\n<\/div><\/section><br \/>\n<section  class='av_textblock_section av-1k11l1d-390b7fddc7c92bea79e15b778fce0ba8 '   itemscope=\"itemscope\" itemtype=\"https:\/\/schema.org\/CreativeWork\" ><div class='avia_textblock'  itemprop=\"text\" ><\/div><\/section><br \/>\n<br \/>\n<section  class='av_textblock_section av-i9x9a9-0097b2085601a4381213b7c684c4f1ef '   itemscope=\"itemscope\" itemtype=\"https:\/\/schema.org\/CreativeWork\" ><div class='avia_textblock'  itemprop=\"text\" ><\/div><\/section><\/p><\/div>\n","protected":false},"excerpt":{"rendered":"","protected":false},"author":1,"featured_media":0,"parent":58836,"menu_order":0,"comment_status":"closed","ping_status":"closed","template":"","meta":{"_acf_changed":false,"footnotes":""},"class_list":["post-59393","page","type-page","status-publish","hentry"],"acf":[],"yoast_head":"<!-- This site is optimized with the Yoast SEO plugin v27.4 - https:\/\/yoast.com\/product\/yoast-seo-wordpress\/ -->\n<title>Contatto Aledit<\/title>\n<meta name=\"description\" content=\"Contatta con Aledit. Scopri i nostri uffici in Italia, Spagna, Portogallo, Brasile e Per\u00f9.\" \/>\n<meta name=\"robots\" content=\"index, follow, max-snippet:-1, max-image-preview:large, max-video-preview:-1\" \/>\n<link rel=\"canonical\" href=\"https:\/\/www.danysoft.com\/it\/danysoft\/contatto\/\" \/>\n<meta property=\"og:locale\" content=\"it_IT\" \/>\n<meta property=\"og:type\" content=\"article\" \/>\n<meta property=\"og:title\" content=\"Contatto Aledit\" \/>\n<meta property=\"og:description\" content=\"Contatta con Aledit. Scopri i nostri uffici in Italia, Spagna, Portogallo, Brasile e Per\u00f9.\" \/>\n<meta property=\"og:url\" content=\"https:\/\/www.danysoft.com\/it\/danysoft\/contatto\/\" \/>\n<meta property=\"og:site_name\" content=\"Danysoft\" \/>\n<meta property=\"article:publisher\" content=\"http:\/\/www.facebook.com\/danysoft\" \/>\n<meta property=\"article:modified_time\" content=\"2025-06-10T12:04:40+00:00\" \/>\n<meta name=\"twitter:card\" content=\"summary_large_image\" \/>\n<meta name=\"twitter:site\" content=\"@danysoft_es\" \/>\n<meta name=\"twitter:label1\" content=\"Tempo di lettura stimato\" \/>\n\t<meta name=\"twitter:data1\" content=\"1 minuto\" \/>\n<script type=\"application\/ld+json\" class=\"yoast-schema-graph\">{\"@context\":\"https:\\\/\\\/schema.org\",\"@graph\":[{\"@type\":\"WebPage\",\"@id\":\"https:\\\/\\\/www.danysoft.com\\\/it\\\/danysoft\\\/contatto\\\/\",\"url\":\"https:\\\/\\\/www.danysoft.com\\\/it\\\/danysoft\\\/contatto\\\/\",\"name\":\"Contatto Aledit\",\"isPartOf\":{\"@id\":\"https:\\\/\\\/www.danysoft.com\\\/it\\\/#website\"},\"datePublished\":\"2014-06-06T16:54:54+00:00\",\"dateModified\":\"2025-06-10T12:04:40+00:00\",\"description\":\"Contatta con Aledit. Scopri i nostri uffici in Italia, Spagna, Portogallo, Brasile e Per\u00f9.\",\"breadcrumb\":{\"@id\":\"https:\\\/\\\/www.danysoft.com\\\/it\\\/danysoft\\\/contatto\\\/#breadcrumb\"},\"inLanguage\":\"it-IT\",\"potentialAction\":[{\"@type\":\"ReadAction\",\"target\":[\"https:\\\/\\\/www.danysoft.com\\\/it\\\/danysoft\\\/contatto\\\/\"]}]},{\"@type\":\"BreadcrumbList\",\"@id\":\"https:\\\/\\\/www.danysoft.com\\\/it\\\/danysoft\\\/contatto\\\/#breadcrumb\",\"itemListElement\":[{\"@type\":\"ListItem\",\"position\":1,\"name\":\"Portada\",\"item\":\"https:\\\/\\\/www.danysoft.com\\\/it\\\/home-2-2-2\\\/\"},{\"@type\":\"ListItem\",\"position\":2,\"name\":\"Danysoft\",\"item\":\"https:\\\/\\\/www.danysoft.com\\\/it\\\/danysoft\\\/\"},{\"@type\":\"ListItem\",\"position\":3,\"name\":\"Contatto\"}]},{\"@type\":\"WebSite\",\"@id\":\"https:\\\/\\\/www.danysoft.com\\\/it\\\/#website\",\"url\":\"https:\\\/\\\/www.danysoft.com\\\/it\\\/\",\"name\":\"Danysoft\",\"description\":\"Licencias software y servicios de formaci\u00f3n y consultor\u00eda necesarios para su correcto uso\",\"publisher\":{\"@id\":\"https:\\\/\\\/www.danysoft.com\\\/it\\\/#organization\"},\"potentialAction\":[{\"@type\":\"SearchAction\",\"target\":{\"@type\":\"EntryPoint\",\"urlTemplate\":\"https:\\\/\\\/www.danysoft.com\\\/it\\\/?s={search_term_string}\"},\"query-input\":{\"@type\":\"PropertyValueSpecification\",\"valueRequired\":true,\"valueName\":\"search_term_string\"}}],\"inLanguage\":\"it-IT\"},{\"@type\":\"Organization\",\"@id\":\"https:\\\/\\\/www.danysoft.com\\\/it\\\/#organization\",\"name\":\"Danysoft\",\"url\":\"https:\\\/\\\/www.danysoft.com\\\/it\\\/\",\"logo\":{\"@type\":\"ImageObject\",\"inLanguage\":\"it-IT\",\"@id\":\"https:\\\/\\\/www.danysoft.com\\\/it\\\/#\\\/schema\\\/logo\\\/image\\\/\",\"url\":\"https:\\\/\\\/www.danysoft.com\\\/wp-content\\\/uploads\\\/2018\\\/07\\\/danysoft.png\",\"contentUrl\":\"https:\\\/\\\/www.danysoft.com\\\/wp-content\\\/uploads\\\/2018\\\/07\\\/danysoft.png\",\"width\":1001,\"height\":309,\"caption\":\"Danysoft\"},\"image\":{\"@id\":\"https:\\\/\\\/www.danysoft.com\\\/it\\\/#\\\/schema\\\/logo\\\/image\\\/\"},\"sameAs\":[\"http:\\\/\\\/www.facebook.com\\\/danysoft\",\"https:\\\/\\\/x.com\\\/danysoft_es\",\"https:\\\/\\\/es.linkedin.com\\\/company\\\/danysoft\",\"https:\\\/\\\/www.youtube.com\\\/user\\\/danysoftech\"]}]}<\/script>\n<!-- \/ Yoast SEO plugin. -->","yoast_head_json":{"title":"Contatto Aledit","description":"Contatta con Aledit. Scopri i nostri uffici in Italia, Spagna, Portogallo, Brasile e Per\u00f9.","robots":{"index":"index","follow":"follow","max-snippet":"max-snippet:-1","max-image-preview":"max-image-preview:large","max-video-preview":"max-video-preview:-1"},"canonical":"https:\/\/www.danysoft.com\/it\/danysoft\/contatto\/","og_locale":"it_IT","og_type":"article","og_title":"Contatto Aledit","og_description":"Contatta con Aledit. Scopri i nostri uffici in Italia, Spagna, Portogallo, Brasile e Per\u00f9.","og_url":"https:\/\/www.danysoft.com\/it\/danysoft\/contatto\/","og_site_name":"Danysoft","article_publisher":"http:\/\/www.facebook.com\/danysoft","article_modified_time":"2025-06-10T12:04:40+00:00","twitter_card":"summary_large_image","twitter_site":"@danysoft_es","twitter_misc":{"Tempo di lettura stimato":"1 minuto"},"schema":{"@context":"https:\/\/schema.org","@graph":[{"@type":"WebPage","@id":"https:\/\/www.danysoft.com\/it\/danysoft\/contatto\/","url":"https:\/\/www.danysoft.com\/it\/danysoft\/contatto\/","name":"Contatto Aledit","isPartOf":{"@id":"https:\/\/www.danysoft.com\/it\/#website"},"datePublished":"2014-06-06T16:54:54+00:00","dateModified":"2025-06-10T12:04:40+00:00","description":"Contatta con Aledit. Scopri i nostri uffici in Italia, Spagna, Portogallo, Brasile e Per\u00f9.","breadcrumb":{"@id":"https:\/\/www.danysoft.com\/it\/danysoft\/contatto\/#breadcrumb"},"inLanguage":"it-IT","potentialAction":[{"@type":"ReadAction","target":["https:\/\/www.danysoft.com\/it\/danysoft\/contatto\/"]}]},{"@type":"BreadcrumbList","@id":"https:\/\/www.danysoft.com\/it\/danysoft\/contatto\/#breadcrumb","itemListElement":[{"@type":"ListItem","position":1,"name":"Portada","item":"https:\/\/www.danysoft.com\/it\/home-2-2-2\/"},{"@type":"ListItem","position":2,"name":"Danysoft","item":"https:\/\/www.danysoft.com\/it\/danysoft\/"},{"@type":"ListItem","position":3,"name":"Contatto"}]},{"@type":"WebSite","@id":"https:\/\/www.danysoft.com\/it\/#website","url":"https:\/\/www.danysoft.com\/it\/","name":"Danysoft","description":"Licencias software y servicios de formaci\u00f3n y consultor\u00eda necesarios para su correcto uso","publisher":{"@id":"https:\/\/www.danysoft.com\/it\/#organization"},"potentialAction":[{"@type":"SearchAction","target":{"@type":"EntryPoint","urlTemplate":"https:\/\/www.danysoft.com\/it\/?s={search_term_string}"},"query-input":{"@type":"PropertyValueSpecification","valueRequired":true,"valueName":"search_term_string"}}],"inLanguage":"it-IT"},{"@type":"Organization","@id":"https:\/\/www.danysoft.com\/it\/#organization","name":"Danysoft","url":"https:\/\/www.danysoft.com\/it\/","logo":{"@type":"ImageObject","inLanguage":"it-IT","@id":"https:\/\/www.danysoft.com\/it\/#\/schema\/logo\/image\/","url":"https:\/\/www.danysoft.com\/wp-content\/uploads\/2018\/07\/danysoft.png","contentUrl":"https:\/\/www.danysoft.com\/wp-content\/uploads\/2018\/07\/danysoft.png","width":1001,"height":309,"caption":"Danysoft"},"image":{"@id":"https:\/\/www.danysoft.com\/it\/#\/schema\/logo\/image\/"},"sameAs":["http:\/\/www.facebook.com\/danysoft","https:\/\/x.com\/danysoft_es","https:\/\/es.linkedin.com\/company\/danysoft","https:\/\/www.youtube.com\/user\/danysoftech"]}]}},"_links":{"self":[{"href":"https:\/\/www.danysoft.com\/it\/wp-json\/wp\/v2\/pages\/59393","targetHints":{"allow":["GET"]}}],"collection":[{"href":"https:\/\/www.danysoft.com\/it\/wp-json\/wp\/v2\/pages"}],"about":[{"href":"https:\/\/www.danysoft.com\/it\/wp-json\/wp\/v2\/types\/page"}],"author":[{"embeddable":true,"href":"https:\/\/www.danysoft.com\/it\/wp-json\/wp\/v2\/users\/1"}],"replies":[{"embeddable":true,"href":"https:\/\/www.danysoft.com\/it\/wp-json\/wp\/v2\/comments?post=59393"}],"version-history":[{"count":0,"href":"https:\/\/www.danysoft.com\/it\/wp-json\/wp\/v2\/pages\/59393\/revisions"}],"up":[{"embeddable":true,"href":"https:\/\/www.danysoft.com\/it\/wp-json\/wp\/v2\/pages\/58836"}],"wp:attachment":[{"href":"https:\/\/www.danysoft.com\/it\/wp-json\/wp\/v2\/media?parent=59393"}],"curies":[{"name":"wp","href":"https:\/\/api.w.org\/{rel}","templated":true}]}}