{"id":59166,"date":"2014-08-28T18:48:15","date_gmt":"2014-08-28T16:48:15","guid":{"rendered":"http:\/\/www.danysoft.com\/inicio\/aviso-legal\/"},"modified":"2018-07-12T11:05:37","modified_gmt":"2018-07-12T09:05:37","slug":"avviso-legale","status":"publish","type":"page","link":"https:\/\/www.danysoft.com\/it\/avviso-legale\/","title":{"rendered":"Avviso legale"},"content":{"rendered":"<div  class='flex_column av-av_two_third-2a9015ff38129c418a3f2eafba3e9512 av_two_third  avia-builder-el-0  el_before_av_one_third  avia-builder-el-first  first flex_column_div  '     ><section  class='av_textblock_section av-jji9j883-9ee94bcd4fb9542196eaa37fd79416f4 '   itemscope=\"itemscope\" itemtype=\"https:\/\/schema.org\/CreativeWork\" ><div class='avia_textblock'  itemprop=\"text\" ><p><strong>\u00a0<\/strong>DANYSOFT INTERNACIONAL SL, il responsabile del sito Web, appresso al DATA CONTROLLER, rende questo documento disponibile agli utenti, che \u00e8 destinato a rispettare gli obblighi previsti dalla legge 34\/2002 dell&#8217;11 luglio 2002, sulla societ\u00e0 dell&#8217;informazione e il commercio elettronico di Servizi (LSSICE), Gazzetta Ufficiale di Spagna No. \u00ba 166, oltre a informare tutti gli utenti sulle condizioni d\u2019uso del sito web.<\/p>\n<p>Qualsiasi persona che accede a questo sito Web acquisisce lo stato di utente, e come tale si impegna rigorosamente a osservare e rispettare le disposizioni qui fornite, cos\u00ec come ogni altra clausola legale applicabile.<\/p>\n<p>DANYSOFT INTERNACIONAL SL, si riserva il diritto di modificare qualsiasi tipo di informazione che possa apparire sul sito web, e non \u00e8 obbligata a dare preavviso o informare agli utenti di tali obblighi, con pubblicazione sul sito web di DANYSOFT INTERNACIONAL SL, essendo ritenuto sufficiente.<\/p>\n<\/div><\/section><\/div>\n\n<style type=\"text\/css\" data-created_by=\"avia_inline_auto\" id=\"style-css-av-av_one_third-9c1d454dc06f7247226bc4e8f931daae\">\n.flex_column.av-av_one_third-9c1d454dc06f7247226bc4e8f931daae{\nborder-radius:0px 0px 0px 0px;\npadding:0px 0px 0px 0px;\n}\n<\/style>\n<div  class='flex_column av-av_one_third-9c1d454dc06f7247226bc4e8f931daae av_one_third  avia-builder-el-2  el_after_av_two_third  el_before_av_one_full  flex_column_div av-zero-column-padding  '     ><style type=\"text\/css\" data-created_by=\"avia_inline_auto\" id=\"style-css-av-av_image-a30efad60141b7aff447a61d6cc76843\">\n.avia-image-container.av-av_image-a30efad60141b7aff447a61d6cc76843 img.avia_image{\nbox-shadow:none;\n}\n.avia-image-container.av-av_image-a30efad60141b7aff447a61d6cc76843 .av-image-caption-overlay-center{\ncolor:#ffffff;\n}\n<\/style>\n<div  class='avia-image-container av-av_image-a30efad60141b7aff447a61d6cc76843 av-styling- avia_animated_image av-animated-when-visible-95 right-to-left avia-align-center  avia-builder-el-3  avia-builder-el-no-sibling '   itemprop=\"image\" itemscope=\"itemscope\" itemtype=\"https:\/\/schema.org\/ImageObject\" ><div class=\"avia-image-container-inner\"><div class=\"avia-image-overlay-wrap\"><img decoding=\"async\" fetchpriority=\"high\" class='wp-image- avia-img-lazy-loading-not- avia_image ' src=\"https:\/\/danysoft.com\/wp-content\/uploads\/2014\/05\/danysoft.png\" alt='' title=''   itemprop=\"thumbnailUrl\"  \/><\/div><\/div><\/div><\/div>\n<div  class='flex_column av-av_one_full-2a9015ff38129c418a3f2eafba3e9512 av_one_full  avia-builder-el-4  el_after_av_one_third  avia-builder-el-last  first flex_column_div  column-top-margin'     ><section  class='av_textblock_section av-jji9kb69-d094a61b008f11d6ce488a5768f85db8 '   itemscope=\"itemscope\" itemtype=\"https:\/\/schema.org\/CreativeWork\" ><div class='avia_textblock'  itemprop=\"text\" ><p><strong>1.\u00a0 DATI DI IDENTIFICAZIONE<\/strong><\/p>\n<p>Domain name: https:\/\/<a href=\"https:\/\/danysoft.com\/\">www.danysoft.com\/<\/a> Commercial name: DANYSOFT INTERNACIONAL SL Company name: DANYSOFT INTERNACIONAL SL<\/p>\n<p>Tax ID number: B80401029<\/p>\n<p>Registered address: AVENIDA DE LA INDUSTRIA, EDIFICIO 1 PLANTA 3 4 , 28108 ALCOBENDAS<\/p>\n<p>(MADRID)<\/p>\n<p>Telephone: 916638683 email: <a href=\"mailto:attcliente@danysoft.es\">attcliente@danysoft.es<\/a><\/p>\n<p>Registered in the (Commercial \/ Public) Registry: INSCRITA EN EL REGISTRO MERCANTIL DE<\/p>\n<p>MADRID, TOMO 3953, LIBRO 0, FOLIO 17, SECCI\u00d3N 8, HOJA M-66169, INSCRIPCI\u00d3N 1\u00aa<\/p>\n<p><strong>2.\u00a0 DIRITTI DI PROPRIETA\u2019 INTELLETTUALE E INDUSTRIALE<\/strong><\/p>\n<p>Il sito Web, incluso ma non limitato alla sua programmazione, modifica, compilazione e altri elementi necessari per il suo funzionamento, i disegni, i loghi, il testo e \/ o la grafica, sono di propriet\u00e0 dei DATI CONTROLLER o, se applicabile, lui \/ lei espressamente in possesso di licenza o di espressa autorizzazione da parte di autori. Tutti i contenuti del sito web sono debitamente protetti dalle leggi sulla propriet\u00e0 intellettuale e industriale, e sono registrati nei corrispondenti registri pubblici.<\/p>\n<p>Indipendentemente dal loro scopo, la riproduzione, l&#8217;uso, lo sfruttamento, la distribuzione e la riproduzione totale o parziale e la commercializzazione, richiede in ogni caso la preventiva autorizzazione scritta dal TITOLARE. Qualsiasi utilizzo non autorizzato \u00e8 considerato una grave violazione della propriet\u00e0 intellettuale o industriale dell&#8217;autore dei diritti.<\/p>\n<p>I disegni, i loghi, i testi e \/ o la grafica non appartenenti al DATI REGOLATORI e che possono apparire sul sito web, appartengono ai rispettivi proprietari che sono responsabili per qualsiasi possibile controversia che pu\u00f2 sorgere riguardo a loro. Il TITOLARE DEL CONTROLLORE autorizza espressamente a terze parti a reindirizzare il contenuto specifico del sito web e in ogni caso reindirizzare al sito Web principale di <a href=\"https:\/\/danysoft.com\/\">https:\/\/danysoft.com\/<\/a>. qualsiasi diritto o responsabilit\u00e0 su di essi, ne implica alcuna approvazione, sponsorizzazione o raccomandazione dal sito web.<\/p>\n<p>Commenti su eventuali violazioni dei diritti di propriet\u00e0 intellettuale o industriale, nonch\u00e9 Per quanto riguarda i contenuti del sito web, pu\u00f2 essere fatto inviando una mail a <a href=\"mailto:attcliente@danysoft.es\">attcliente@danysoft.es<\/a>.<\/p>\n<p><strong>3.\u00a0 ESENZIONE DALLA RESPONSABILIT\u00c0<\/strong><\/p>\n<p><strong>\u00a0<\/strong>Il DATA CONTROLLER \u00e8 esente da qualsiasi tipo di responsabilit\u00e0 derivata dalle informazioni pubblicate su il loro sito web ogni volta che queste informazioni sono state manipolate o introdotte da una terza parte non correlata al DATA CONTROLLER.<\/p>\n<p><strong>Uso dei cookie<\/strong><\/p>\n<p>Questo sito Web utilizza cookie tecnici (file di piccole dimensioni con informazioni che il server invia al computer dell&#8217;utente dal sito web) al fine di svolgere determinate funzioni ritenute necessarie per il corretto funzionamento e anteprima del sito. In ogni caso, i cookie utilizzati sono temporanei, con il solo scopo di rendere pi\u00f9 efficiente la navigazione del sito e scomparire alla fine della sessione dell&#8217;utente. In nessun caso questi cookie forniscono dati personali e non verranno utilizzati per la raccolta di tali dati.<\/p>\n<p>Attraverso l&#8217;uso dei cookie, \u00e8 anche possibile che il server su cui si trova il sito Web riconosca il browser utilizzato dall&#8217;utente per facilitare la navigazione, permettendo, ad esempio, agli utenti che si sono precedentemente registrati per accedere alle aree, servizi, promozioni o concorsi riservati esclusivamente e senza registrarsi ad ogni visita. Possono anche essere usati per misurare il pubblico o il traffico, monitorare l&#8217;avanzamento e il numero di voci, ecc. In questi casi, i cookie utilizzati sono tecnicamente non essenziale ma vantaggioso per l&#8217;utente. Questo sito Web non installa i cookie non essenziali senza il precedente consenso dell&#8217;utente.<\/p>\n<p>Il browser \u00e8 configurato dall&#8217;utente per avvisarlo della ricezione dei cookie e per prevenire alla loro installazione sul suo computer. Per ulteriori informazioni, consultare le istruzioni del proprio browser.<\/p>\n<p><strong>Link Policy<\/strong><\/p>\n<p>L&#8217;utente di questo sito Web pu\u00f2 essere reindirizzato a contenuti di siti Web di terzi. Poich\u00e9 il DATA CONTROLLER non pu\u00f2 controllare i contenuti di siti Web di terzi, non assume alcun tipo di responsabilit\u00e0 rispetto a tali contenuti. In ogni caso, il TITOLARE DEI DATI rimuover\u00e0 immediatamente qualsiasi contenuto che possa violare le leggi nazionali o internazionali, la morale o l&#8217;ordine pubblico e rimuover\u00e0 immediatamente il indirizzamento a questo sito Web, informando le autorit\u00e0 competenti dei contenuti in questione.<\/p>\n<p>Il DATA CONTROLLER non sar\u00e0 responsabile delle informazioni e dei contenuti rilevati, inclusi ma non limitati a, forum, chat, generatori di blog, commenti, social network o qualsiasi altro mezzo che consenta a terzi di pubblicare contenuti in modo indipendente sul sito web dei DATA CONTROLLER. Tuttavia, e ai sensi degli Atti 11 e 16 di LSSICE, il contenuto di terze parti \u00e8 reso disponibile a tutti gli utenti, autorit\u00e0 e forze dell&#8217;ordine associate al ritiro o al blocco di quel contenuto che possa influire o violare il diritto nazionale o internazionale, i diritti di terzi o morale pubblica e d\u2019ordine pubblico. Nel caso in cui l&#8217;utente consideri che ci sia del contenuto sul sito web che potrebbe essere considerato tale, si prega di avvisare immediatamente il sito.<\/p>\n<p>Questo sito Web \u00e8 stato rivisto e testato per consentirne il corretto funzionamento. In linea di principio, il corretto funzionamento pu\u00f2 essere garantito 365 giorni all&#8217;anno, 24 ore al giorno. Tuttavia, il DATA CONTROLLER non esclude la possibilit\u00e0 che vi siano determinati errori di programmazione, o che possano verificarsi casi di forza maggiore, disastri naturali, scioperi o circostanze simili che rendono impossibile l&#8217;accesso al sito.<\/p>\n<p><strong>Indirizzi IP<\/strong><\/p>\n<p>I server del sito Web possono rilevare automaticamente l&#8217;indirizzo IP e il nome di dominio utilizzato dall&#8217;utente. Un indirizzo IP \u00e8 un numero assegnato automaticamente a un computer quando \u00e8 connesso a Internet. Tutta questa informazione \u00e8 registrata in un registro di sistema debitamente registrato sul server che consente la successiva elaborazione dei dati al fine di ottenere solo misurazioni statistiche che ci mostrano il numero di pagine hits, il numero di visite effettuate ai server Web, l&#8217;ordine delle visite, il punto di accesso, ecc.<\/p>\n<p><strong>4.\u00a0 LEGGE APPLICABILE E GIURISDIZIONE<\/strong><\/p>\n<p>La legge spagnola, a cui le parti si sottopongono espressamente, si applicher\u00e0 a tutte le controversie o domande relativi a questo sito web o alle attivit\u00e0 svolte su di esso, e le Corti e i Tribunali pi\u00f9 vicini a ALCOBENDAS sar\u00e0 responsabile della risoluzione di tutti i conflitti derivanti o correlati al suo utilizzo.<\/p>\n<\/div><\/section><\/div>\n","protected":false},"excerpt":{"rendered":"","protected":false},"author":1,"featured_media":0,"parent":0,"menu_order":0,"comment_status":"closed","ping_status":"closed","template":"","meta":{"_acf_changed":false,"footnotes":""},"categories":[],"tags":[],"class_list":["post-59166","page","type-page","status-publish","hentry"],"acf":[],"yoast_head":"<!-- This site is optimized with the Yoast SEO plugin v27.4 - https:\/\/yoast.com\/product\/yoast-seo-wordpress\/ -->\n<title>Avviso legale<\/title>\n<meta name=\"robots\" content=\"index, follow, max-snippet:-1, max-image-preview:large, max-video-preview:-1\" \/>\n<link rel=\"canonical\" href=\"https:\/\/www.danysoft.com\/it\/avviso-legale\/\" \/>\n<meta property=\"og:locale\" content=\"it_IT\" \/>\n<meta property=\"og:type\" content=\"article\" \/>\n<meta property=\"og:title\" content=\"Avviso legale\" \/>\n<meta property=\"og:url\" content=\"https:\/\/www.danysoft.com\/it\/avviso-legale\/\" \/>\n<meta property=\"og:site_name\" content=\"Danysoft\" \/>\n<meta property=\"article:publisher\" content=\"http:\/\/www.facebook.com\/danysoft\" \/>\n<meta property=\"article:modified_time\" content=\"2018-07-12T09:05:37+00:00\" \/>\n<meta name=\"twitter:card\" content=\"summary_large_image\" \/>\n<meta name=\"twitter:site\" content=\"@danysoft_es\" \/>\n<meta name=\"twitter:label1\" content=\"Tempo di lettura stimato\" \/>\n\t<meta name=\"twitter:data1\" content=\"6 minuti\" \/>\n<script type=\"application\/ld+json\" class=\"yoast-schema-graph\">{\"@context\":\"https:\\\/\\\/schema.org\",\"@graph\":[{\"@type\":\"WebPage\",\"@id\":\"https:\\\/\\\/www.danysoft.com\\\/it\\\/avviso-legale\\\/\",\"url\":\"https:\\\/\\\/www.danysoft.com\\\/it\\\/avviso-legale\\\/\",\"name\":\"Avviso legale\",\"isPartOf\":{\"@id\":\"https:\\\/\\\/www.danysoft.com\\\/it\\\/#website\"},\"datePublished\":\"2014-08-28T16:48:15+00:00\",\"dateModified\":\"2018-07-12T09:05:37+00:00\",\"breadcrumb\":{\"@id\":\"https:\\\/\\\/www.danysoft.com\\\/it\\\/avviso-legale\\\/#breadcrumb\"},\"inLanguage\":\"it-IT\",\"potentialAction\":[{\"@type\":\"ReadAction\",\"target\":[\"https:\\\/\\\/www.danysoft.com\\\/it\\\/avviso-legale\\\/\"]}]},{\"@type\":\"BreadcrumbList\",\"@id\":\"https:\\\/\\\/www.danysoft.com\\\/it\\\/avviso-legale\\\/#breadcrumb\",\"itemListElement\":[{\"@type\":\"ListItem\",\"position\":1,\"name\":\"Portada\",\"item\":\"https:\\\/\\\/www.danysoft.com\\\/it\\\/home-2-2-2\\\/\"},{\"@type\":\"ListItem\",\"position\":2,\"name\":\"Avviso legale\"}]},{\"@type\":\"WebSite\",\"@id\":\"https:\\\/\\\/www.danysoft.com\\\/it\\\/#website\",\"url\":\"https:\\\/\\\/www.danysoft.com\\\/it\\\/\",\"name\":\"Danysoft\",\"description\":\"Licencias software y servicios de formaci\u00f3n y consultor\u00eda necesarios para su correcto uso\",\"publisher\":{\"@id\":\"https:\\\/\\\/www.danysoft.com\\\/it\\\/#organization\"},\"potentialAction\":[{\"@type\":\"SearchAction\",\"target\":{\"@type\":\"EntryPoint\",\"urlTemplate\":\"https:\\\/\\\/www.danysoft.com\\\/it\\\/?s={search_term_string}\"},\"query-input\":{\"@type\":\"PropertyValueSpecification\",\"valueRequired\":true,\"valueName\":\"search_term_string\"}}],\"inLanguage\":\"it-IT\"},{\"@type\":\"Organization\",\"@id\":\"https:\\\/\\\/www.danysoft.com\\\/it\\\/#organization\",\"name\":\"Danysoft\",\"url\":\"https:\\\/\\\/www.danysoft.com\\\/it\\\/\",\"logo\":{\"@type\":\"ImageObject\",\"inLanguage\":\"it-IT\",\"@id\":\"https:\\\/\\\/www.danysoft.com\\\/it\\\/#\\\/schema\\\/logo\\\/image\\\/\",\"url\":\"https:\\\/\\\/www.danysoft.com\\\/wp-content\\\/uploads\\\/2018\\\/07\\\/danysoft.png\",\"contentUrl\":\"https:\\\/\\\/www.danysoft.com\\\/wp-content\\\/uploads\\\/2018\\\/07\\\/danysoft.png\",\"width\":1001,\"height\":309,\"caption\":\"Danysoft\"},\"image\":{\"@id\":\"https:\\\/\\\/www.danysoft.com\\\/it\\\/#\\\/schema\\\/logo\\\/image\\\/\"},\"sameAs\":[\"http:\\\/\\\/www.facebook.com\\\/danysoft\",\"https:\\\/\\\/x.com\\\/danysoft_es\",\"https:\\\/\\\/es.linkedin.com\\\/company\\\/danysoft\",\"https:\\\/\\\/www.youtube.com\\\/user\\\/danysoftech\"]}]}<\/script>\n<!-- \/ Yoast SEO plugin. -->","yoast_head_json":{"title":"Avviso legale","robots":{"index":"index","follow":"follow","max-snippet":"max-snippet:-1","max-image-preview":"max-image-preview:large","max-video-preview":"max-video-preview:-1"},"canonical":"https:\/\/www.danysoft.com\/it\/avviso-legale\/","og_locale":"it_IT","og_type":"article","og_title":"Avviso legale","og_url":"https:\/\/www.danysoft.com\/it\/avviso-legale\/","og_site_name":"Danysoft","article_publisher":"http:\/\/www.facebook.com\/danysoft","article_modified_time":"2018-07-12T09:05:37+00:00","twitter_card":"summary_large_image","twitter_site":"@danysoft_es","twitter_misc":{"Tempo di lettura stimato":"6 minuti"},"schema":{"@context":"https:\/\/schema.org","@graph":[{"@type":"WebPage","@id":"https:\/\/www.danysoft.com\/it\/avviso-legale\/","url":"https:\/\/www.danysoft.com\/it\/avviso-legale\/","name":"Avviso legale","isPartOf":{"@id":"https:\/\/www.danysoft.com\/it\/#website"},"datePublished":"2014-08-28T16:48:15+00:00","dateModified":"2018-07-12T09:05:37+00:00","breadcrumb":{"@id":"https:\/\/www.danysoft.com\/it\/avviso-legale\/#breadcrumb"},"inLanguage":"it-IT","potentialAction":[{"@type":"ReadAction","target":["https:\/\/www.danysoft.com\/it\/avviso-legale\/"]}]},{"@type":"BreadcrumbList","@id":"https:\/\/www.danysoft.com\/it\/avviso-legale\/#breadcrumb","itemListElement":[{"@type":"ListItem","position":1,"name":"Portada","item":"https:\/\/www.danysoft.com\/it\/home-2-2-2\/"},{"@type":"ListItem","position":2,"name":"Avviso legale"}]},{"@type":"WebSite","@id":"https:\/\/www.danysoft.com\/it\/#website","url":"https:\/\/www.danysoft.com\/it\/","name":"Danysoft","description":"Licencias software y servicios de formaci\u00f3n y consultor\u00eda necesarios para su correcto uso","publisher":{"@id":"https:\/\/www.danysoft.com\/it\/#organization"},"potentialAction":[{"@type":"SearchAction","target":{"@type":"EntryPoint","urlTemplate":"https:\/\/www.danysoft.com\/it\/?s={search_term_string}"},"query-input":{"@type":"PropertyValueSpecification","valueRequired":true,"valueName":"search_term_string"}}],"inLanguage":"it-IT"},{"@type":"Organization","@id":"https:\/\/www.danysoft.com\/it\/#organization","name":"Danysoft","url":"https:\/\/www.danysoft.com\/it\/","logo":{"@type":"ImageObject","inLanguage":"it-IT","@id":"https:\/\/www.danysoft.com\/it\/#\/schema\/logo\/image\/","url":"https:\/\/www.danysoft.com\/wp-content\/uploads\/2018\/07\/danysoft.png","contentUrl":"https:\/\/www.danysoft.com\/wp-content\/uploads\/2018\/07\/danysoft.png","width":1001,"height":309,"caption":"Danysoft"},"image":{"@id":"https:\/\/www.danysoft.com\/it\/#\/schema\/logo\/image\/"},"sameAs":["http:\/\/www.facebook.com\/danysoft","https:\/\/x.com\/danysoft_es","https:\/\/es.linkedin.com\/company\/danysoft","https:\/\/www.youtube.com\/user\/danysoftech"]}]}},"_links":{"self":[{"href":"https:\/\/www.danysoft.com\/it\/wp-json\/wp\/v2\/pages\/59166","targetHints":{"allow":["GET"]}}],"collection":[{"href":"https:\/\/www.danysoft.com\/it\/wp-json\/wp\/v2\/pages"}],"about":[{"href":"https:\/\/www.danysoft.com\/it\/wp-json\/wp\/v2\/types\/page"}],"author":[{"embeddable":true,"href":"https:\/\/www.danysoft.com\/it\/wp-json\/wp\/v2\/users\/1"}],"replies":[{"embeddable":true,"href":"https:\/\/www.danysoft.com\/it\/wp-json\/wp\/v2\/comments?post=59166"}],"version-history":[{"count":0,"href":"https:\/\/www.danysoft.com\/it\/wp-json\/wp\/v2\/pages\/59166\/revisions"}],"wp:attachment":[{"href":"https:\/\/www.danysoft.com\/it\/wp-json\/wp\/v2\/media?parent=59166"}],"wp:term":[{"taxonomy":"category","embeddable":true,"href":"https:\/\/www.danysoft.com\/it\/wp-json\/wp\/v2\/categories?post=59166"},{"taxonomy":"post_tag","embeddable":true,"href":"https:\/\/www.danysoft.com\/it\/wp-json\/wp\/v2\/tags?post=59166"}],"curies":[{"name":"wp","href":"https:\/\/api.w.org\/{rel}","templated":true}]}}