{"id":59149,"date":"2014-08-24T23:01:52","date_gmt":"2014-08-24T21:01:52","guid":{"rendered":"http:\/\/www.danysoft.com\/inicio\/politica-de-privacidad\/"},"modified":"2018-07-12T10:36:30","modified_gmt":"2018-07-12T08:36:30","slug":"privacy","status":"publish","type":"page","link":"https:\/\/www.danysoft.com\/it\/privacy\/","title":{"rendered":"Privacy"},"content":{"rendered":"<div  class='flex_column av-1d2qy4t-bd7c3a6f81920f0c8c74fe3ca4f66a29 av_one_full  avia-builder-el-0  avia-builder-el-no-sibling  first flex_column_div  '     ><p>\n<style type=\"text\/css\" data-created_by=\"avia_inline_auto\" id=\"style-css-av-jjiakrz8-d5f670a9314399f70f2bd525eefb4f9b\">\n.avia-image-container.av-jjiakrz8-d5f670a9314399f70f2bd525eefb4f9b img.avia_image{\nbox-shadow:none;\n}\n.avia-image-container.av-jjiakrz8-d5f670a9314399f70f2bd525eefb4f9b .av-image-caption-overlay-center{\ncolor:#ffffff;\n}\n<\/style>\n<div  class='avia-image-container av-jjiakrz8-d5f670a9314399f70f2bd525eefb4f9b av-styling- avia-align-center  avia-builder-el-1  el_before_av_hr  avia-builder-el-first '   itemprop=\"image\" itemscope=\"itemscope\" itemtype=\"https:\/\/schema.org\/ImageObject\" ><div class=\"avia-image-container-inner\"><div class=\"avia-image-overlay-wrap\"><img decoding=\"async\" fetchpriority=\"high\" class='wp-image-126174 avia-img-lazy-loading-not-126174 avia_image ' src=\"https:\/\/www.danysoft.com\/wp-content\/uploads\/2018\/05\/shield-8192-x-2286px-higher-1500x430.jpg\" alt='' title='shield-8192-x-2286px-higher'  height=\"430\" width=\"1500\"  itemprop=\"thumbnailUrl\"  \/><\/div><\/div><\/div><br \/>\n<div  class='hr av-jjiakvw2-1fe4627d835b330078d2f933d5ad3fc2 hr-default  avia-builder-el-2  el_after_av_image  el_before_av_textblock '><span class='hr-inner '><span class=\"hr-inner-style\"><\/span><\/span><\/div><br \/>\n<section  class='av_textblock_section av-2j0avh-d0c7b0fc2804e216e31b7a806cf4c6e7 '   itemscope=\"itemscope\" itemtype=\"https:\/\/schema.org\/CreativeWork\" ><div class='avia_textblock'  itemprop=\"text\" ><ol>\n<li><strong> USER INFORMATION<\/strong><\/li>\n<\/ol>\n<p><strong>DANYSOFT INTERNACIONAL SL<\/strong>, di seguito il DATA CONTROLLER, \u00e8 responsabile del trattamento dei dati personali dell&#8217;Utente e lo informa che tali dati saranno trattati in conformit\u00e0 alle disposizioni del Regolamento (UE) 2016\/679 del 27 aprile 2016 (GDPR) sulla tutela delle persone fisiche con riguardo al trattamento dei dati personali e sulla libera circolazione di tali dati, pertanto queste informazioni sul trattamento sono fornite a lui \/ lei:<\/p>\n<p><strong>Scopo del trattamento<\/strong>: mantenere un rapporto commerciale con l&#8217;utente. Il programma delle operazioni di elaborazione sono:<\/p>\n<ul>\n<li>Invio di comunicazioni pubblicitarie commerciali via email, fax, SMS, MMS, social networks o con qualsiasi altro mezzo elettronico o fisico, presente o futuro, che renda possibile effettuare comunicazioni commerciali. Queste comunicazioni saranno effettuate dai DATI CONTROLLER e saranno correlati ai loro prodotti e servizi, o quelli dei loro partner o fornitori con i quali ha raggiunto un accordo di promozione. In questo caso, le terze parti non avranno mai accesso ai dati personali.<\/li>\n<li>Condurre studi statistici.<\/li>\n<li>Elaborazione d\u2019ordini, richieste o qualsiasi tipo di richiesta fatta dall&#8217;utente attraverso un qualsiasi metodo di contatto disponibile.<\/li>\n<li>Invio della newsletter del sito Web.<\/li>\n<\/ul>\n<p><strong>Criteri di conservazione dei dati<\/strong>: i dati verranno archiviati mentre vi \u00e8 un interesse reciproco a mantenere lo scopo dell&#8217;elaborazione. Quando tale scopo non \u00e8 pi\u00f9 necessario, i dati verranno cancellati con le opportune misure di sicurezza per garantire la pseudonimizzazione o la completa distruzione dei dati.<\/p>\n<p><strong>Divulgazione dei dati<\/strong>: i dati non saranno divulgati a terzi, a meno che non siano legalmente obbligati a farlo.<\/p>\n<p><strong>Diritti dell&#8217;utente:<\/strong><\/p>\n<ul>\n<li>Diritto di revocare il consenso in qualsiasi momento.<\/li>\n<li>Diritto di accesso, rettifica, portabilit\u00e0 e cancellazione dei suoi dati e della restrizione o opposizione al loro trattamento.<\/li>\n<\/ul>\n<ul>\n<li>Diritto di presentare un reclamo all&#8217;autorit\u00e0 di sorveglianza (agpd.es) se ritiene che l&#8217;elaborazione non \u00e8 conforme alla legislazione in corso.<\/li>\n<\/ul>\n<p><strong>Informazioni di contatto per l&#8217;esercizio dei suoi diritti:<\/strong><\/p>\n<p>Postal address: DANYSOFT INTERNACIONAL SL. AVENIDA DE LA INDUSTRIA, EDIFICIO 1<\/p>\n<p>PLANTA 3, 4 28108 ALCOBENDAS (MADRID). Email: attcliente@danysoft.es<\/p>\n<p>Email: <a href=\"mailto:attcliente@danysoft.es\">attcliente@danysoft.es<\/a><\/p>\n<ol start=\"2\">\n<li><strong> PROVENIENZA OBBLIGATORIA O FACOLTATIVA DELLE INFORMAZIONI FORNITE DALL&#8217;UTENTE<\/strong><\/li>\n<\/ol>\n<p>Gli utenti, contrassegnando le caselle corrispondenti e immettendo i dati nei campi, contrassegnati con un asterisco (*) nel modulo di contatto o nei moduli di download, accettano espressamente e in modo libero e inequivocabile che i loro dati siano necessari affinch\u00e9 il fornitore possa soddisfare la loro richiesta, fornendo volontariamente i propri dati nei campi rimanenti. L&#8217;Utente garantisce che i dati personali forniti al DATA CONTROLLER sono veri ed \u00e8 responsabile della comunicazione di eventuali modifiche ad essi.<\/p>\n<p>Il TITOLARE informa ed assicura espressamente che i suoi dati personali non saranno trasferiti a terzi in nessuna circostanza e che ogni volta che viene effettuato qualsiasi tipo di trasferimento di dati personali, il consenso espresso, informato e inequivocabile degli Utenti sar\u00e0 richiesto in anticipo. Tutti i dati richiesti attraverso il sito web sono obbligatori, in quanto sono necessari per la fornitura di un servizio ottimale all&#8217;utente. Nel caso in cui non vengano forniti tutti i dati, non vi \u00e8 alcuna garanzia che le informazioni e i servizi forniti saranno completamente adattati alle esigenze dell&#8217;utente.<\/p>\n<ol start=\"3\">\n<li><strong> MISURE DI SICUREZZA<\/strong><\/li>\n<\/ol>\n<p>Che conformemente alle disposizioni delle normative in vigore sulla protezione dei dati personali, il DATA CONTROLLER \u00e8 conforme a tutte le disposizioni dei regolamenti GDPR per il trattamento dei dati personali per il quale lui\/lei \u00e8 responsabile e manifestamente rispettare i principi descritti nel articolo 5 del GDPR, mediante il quale vengono elaborati in modo lecito, equo e trasparente nei confronti della persona interessata e appropriati, pertinenti e limitati a quanto necessario in relazione agli scopi per cui essi vengono elaborati. Il DATA CONTROLLER garantisce che tutti i criteri tecnici ed organizzativi appropriati sono stati implementati per applicare le misure di sicurezza stabilite dal PILR al fine di proteggere i diritti e le libert\u00e0 degli utenti e che l\u2019informazione comunicata sia l&#8217;appropriata per poter essere in grado di esercitare i propri diritti e libert\u00e0.<\/p>\n<\/div><\/section><\/p><\/div>\n","protected":false},"excerpt":{"rendered":"","protected":false},"author":1,"featured_media":0,"parent":0,"menu_order":0,"comment_status":"closed","ping_status":"closed","template":"","meta":{"_acf_changed":false,"footnotes":""},"categories":[],"tags":[],"class_list":["post-59149","page","type-page","status-publish","hentry"],"acf":[],"yoast_head":"<!-- This site is optimized with the Yoast SEO plugin v27.3 - https:\/\/yoast.com\/product\/yoast-seo-wordpress\/ -->\n<title>Privacy<\/title>\n<meta name=\"robots\" content=\"index, follow, max-snippet:-1, max-image-preview:large, max-video-preview:-1\" \/>\n<link rel=\"canonical\" href=\"https:\/\/www.danysoft.com\/it\/privacy\/\" \/>\n<meta property=\"og:locale\" content=\"it_IT\" \/>\n<meta property=\"og:type\" content=\"article\" \/>\n<meta property=\"og:title\" content=\"Privacy\" \/>\n<meta property=\"og:url\" content=\"https:\/\/www.danysoft.com\/it\/privacy\/\" \/>\n<meta property=\"og:site_name\" content=\"Danysoft\" \/>\n<meta property=\"article:publisher\" content=\"http:\/\/www.facebook.com\/danysoft\" \/>\n<meta property=\"article:modified_time\" content=\"2018-07-12T08:36:30+00:00\" \/>\n<meta name=\"twitter:card\" content=\"summary_large_image\" \/>\n<meta name=\"twitter:site\" content=\"@danysoft_es\" \/>\n<meta name=\"twitter:label1\" content=\"Tempo di lettura stimato\" \/>\n\t<meta name=\"twitter:data1\" content=\"4 minuti\" \/>\n<script type=\"application\/ld+json\" class=\"yoast-schema-graph\">{\"@context\":\"https:\\\/\\\/schema.org\",\"@graph\":[{\"@type\":\"WebPage\",\"@id\":\"https:\\\/\\\/www.danysoft.com\\\/it\\\/privacy\\\/\",\"url\":\"https:\\\/\\\/www.danysoft.com\\\/it\\\/privacy\\\/\",\"name\":\"Privacy\",\"isPartOf\":{\"@id\":\"https:\\\/\\\/www.danysoft.com\\\/it\\\/#website\"},\"datePublished\":\"2014-08-24T21:01:52+00:00\",\"dateModified\":\"2018-07-12T08:36:30+00:00\",\"breadcrumb\":{\"@id\":\"https:\\\/\\\/www.danysoft.com\\\/it\\\/privacy\\\/#breadcrumb\"},\"inLanguage\":\"it-IT\",\"potentialAction\":[{\"@type\":\"ReadAction\",\"target\":[\"https:\\\/\\\/www.danysoft.com\\\/it\\\/privacy\\\/\"]}]},{\"@type\":\"BreadcrumbList\",\"@id\":\"https:\\\/\\\/www.danysoft.com\\\/it\\\/privacy\\\/#breadcrumb\",\"itemListElement\":[{\"@type\":\"ListItem\",\"position\":1,\"name\":\"Portada\",\"item\":\"https:\\\/\\\/www.danysoft.com\\\/it\\\/home-2-2-2\\\/\"},{\"@type\":\"ListItem\",\"position\":2,\"name\":\"Privacy\"}]},{\"@type\":\"WebSite\",\"@id\":\"https:\\\/\\\/www.danysoft.com\\\/it\\\/#website\",\"url\":\"https:\\\/\\\/www.danysoft.com\\\/it\\\/\",\"name\":\"Danysoft\",\"description\":\"Licencias software y servicios de formaci\u00f3n y consultor\u00eda necesarios para su correcto uso\",\"publisher\":{\"@id\":\"https:\\\/\\\/www.danysoft.com\\\/it\\\/#organization\"},\"potentialAction\":[{\"@type\":\"SearchAction\",\"target\":{\"@type\":\"EntryPoint\",\"urlTemplate\":\"https:\\\/\\\/www.danysoft.com\\\/it\\\/?s={search_term_string}\"},\"query-input\":{\"@type\":\"PropertyValueSpecification\",\"valueRequired\":true,\"valueName\":\"search_term_string\"}}],\"inLanguage\":\"it-IT\"},{\"@type\":\"Organization\",\"@id\":\"https:\\\/\\\/www.danysoft.com\\\/it\\\/#organization\",\"name\":\"Danysoft\",\"url\":\"https:\\\/\\\/www.danysoft.com\\\/it\\\/\",\"logo\":{\"@type\":\"ImageObject\",\"inLanguage\":\"it-IT\",\"@id\":\"https:\\\/\\\/www.danysoft.com\\\/it\\\/#\\\/schema\\\/logo\\\/image\\\/\",\"url\":\"https:\\\/\\\/www.danysoft.com\\\/wp-content\\\/uploads\\\/2018\\\/07\\\/danysoft.png\",\"contentUrl\":\"https:\\\/\\\/www.danysoft.com\\\/wp-content\\\/uploads\\\/2018\\\/07\\\/danysoft.png\",\"width\":1001,\"height\":309,\"caption\":\"Danysoft\"},\"image\":{\"@id\":\"https:\\\/\\\/www.danysoft.com\\\/it\\\/#\\\/schema\\\/logo\\\/image\\\/\"},\"sameAs\":[\"http:\\\/\\\/www.facebook.com\\\/danysoft\",\"https:\\\/\\\/x.com\\\/danysoft_es\",\"https:\\\/\\\/es.linkedin.com\\\/company\\\/danysoft\",\"https:\\\/\\\/www.youtube.com\\\/user\\\/danysoftech\"]}]}<\/script>\n<!-- \/ Yoast SEO plugin. -->","yoast_head_json":{"title":"Privacy","robots":{"index":"index","follow":"follow","max-snippet":"max-snippet:-1","max-image-preview":"max-image-preview:large","max-video-preview":"max-video-preview:-1"},"canonical":"https:\/\/www.danysoft.com\/it\/privacy\/","og_locale":"it_IT","og_type":"article","og_title":"Privacy","og_url":"https:\/\/www.danysoft.com\/it\/privacy\/","og_site_name":"Danysoft","article_publisher":"http:\/\/www.facebook.com\/danysoft","article_modified_time":"2018-07-12T08:36:30+00:00","twitter_card":"summary_large_image","twitter_site":"@danysoft_es","twitter_misc":{"Tempo di lettura stimato":"4 minuti"},"schema":{"@context":"https:\/\/schema.org","@graph":[{"@type":"WebPage","@id":"https:\/\/www.danysoft.com\/it\/privacy\/","url":"https:\/\/www.danysoft.com\/it\/privacy\/","name":"Privacy","isPartOf":{"@id":"https:\/\/www.danysoft.com\/it\/#website"},"datePublished":"2014-08-24T21:01:52+00:00","dateModified":"2018-07-12T08:36:30+00:00","breadcrumb":{"@id":"https:\/\/www.danysoft.com\/it\/privacy\/#breadcrumb"},"inLanguage":"it-IT","potentialAction":[{"@type":"ReadAction","target":["https:\/\/www.danysoft.com\/it\/privacy\/"]}]},{"@type":"BreadcrumbList","@id":"https:\/\/www.danysoft.com\/it\/privacy\/#breadcrumb","itemListElement":[{"@type":"ListItem","position":1,"name":"Portada","item":"https:\/\/www.danysoft.com\/it\/home-2-2-2\/"},{"@type":"ListItem","position":2,"name":"Privacy"}]},{"@type":"WebSite","@id":"https:\/\/www.danysoft.com\/it\/#website","url":"https:\/\/www.danysoft.com\/it\/","name":"Danysoft","description":"Licencias software y servicios de formaci\u00f3n y consultor\u00eda necesarios para su correcto uso","publisher":{"@id":"https:\/\/www.danysoft.com\/it\/#organization"},"potentialAction":[{"@type":"SearchAction","target":{"@type":"EntryPoint","urlTemplate":"https:\/\/www.danysoft.com\/it\/?s={search_term_string}"},"query-input":{"@type":"PropertyValueSpecification","valueRequired":true,"valueName":"search_term_string"}}],"inLanguage":"it-IT"},{"@type":"Organization","@id":"https:\/\/www.danysoft.com\/it\/#organization","name":"Danysoft","url":"https:\/\/www.danysoft.com\/it\/","logo":{"@type":"ImageObject","inLanguage":"it-IT","@id":"https:\/\/www.danysoft.com\/it\/#\/schema\/logo\/image\/","url":"https:\/\/www.danysoft.com\/wp-content\/uploads\/2018\/07\/danysoft.png","contentUrl":"https:\/\/www.danysoft.com\/wp-content\/uploads\/2018\/07\/danysoft.png","width":1001,"height":309,"caption":"Danysoft"},"image":{"@id":"https:\/\/www.danysoft.com\/it\/#\/schema\/logo\/image\/"},"sameAs":["http:\/\/www.facebook.com\/danysoft","https:\/\/x.com\/danysoft_es","https:\/\/es.linkedin.com\/company\/danysoft","https:\/\/www.youtube.com\/user\/danysoftech"]}]}},"_links":{"self":[{"href":"https:\/\/www.danysoft.com\/it\/wp-json\/wp\/v2\/pages\/59149","targetHints":{"allow":["GET"]}}],"collection":[{"href":"https:\/\/www.danysoft.com\/it\/wp-json\/wp\/v2\/pages"}],"about":[{"href":"https:\/\/www.danysoft.com\/it\/wp-json\/wp\/v2\/types\/page"}],"author":[{"embeddable":true,"href":"https:\/\/www.danysoft.com\/it\/wp-json\/wp\/v2\/users\/1"}],"replies":[{"embeddable":true,"href":"https:\/\/www.danysoft.com\/it\/wp-json\/wp\/v2\/comments?post=59149"}],"version-history":[{"count":0,"href":"https:\/\/www.danysoft.com\/it\/wp-json\/wp\/v2\/pages\/59149\/revisions"}],"wp:attachment":[{"href":"https:\/\/www.danysoft.com\/it\/wp-json\/wp\/v2\/media?parent=59149"}],"wp:term":[{"taxonomy":"category","embeddable":true,"href":"https:\/\/www.danysoft.com\/it\/wp-json\/wp\/v2\/categories?post=59149"},{"taxonomy":"post_tag","embeddable":true,"href":"https:\/\/www.danysoft.com\/it\/wp-json\/wp\/v2\/tags?post=59149"}],"curies":[{"name":"wp","href":"https:\/\/api.w.org\/{rel}","templated":true}]}}